{"id":15823,"date":"2022-02-17T15:54:25","date_gmt":"2022-02-17T13:54:25","guid":{"rendered":"https:\/\/rogrotech.ch\/?post_type=product&#038;p=15823"},"modified":"2026-03-12T06:42:10","modified_gmt":"2026-03-12T04:42:10","slug":"attix-44-2l-ic-ch-nass-trockensauger","status":"publish","type":"product","link":"https:\/\/rogrotech.ch\/en\/shop\/reinigungsgeraete\/sauger\/gewerbesauger\/nass-trockensauger\/attix-44-2l-ic-ch-nass-trockensauger\/","title":{"rendered":"ATTIX 44-2L IC CH Nass-\/Trockensauger"},"content":{"rendered":"<p>Die neuen Nass-\/Trockensauger der ATTIX 44 Baureihe setzen neue Massst\u00e4be im Nilfisk Nass-\/Trockensauger Portfolio in puncto Funktion und Leistungsf\u00e4higkeit. Ein innovatives Filtersystem, optimierte Leistungsdaten und ein robustes Design bieten eine \u00fcberlegene L\u00f6sung f\u00fcr professionelle Kunden, die eine sichere und zuverl\u00e4ssige Maschine ben\u00f6tigen. Die neuen Modelle besitzen deutlich mehr Saugleistung, ein versiegeltes System und eine vollautomatische Filterabreinigung. Die ideale L\u00f6sung &#8211; nicht nur f\u00fcr Anwendungen in der Industrie oder im Baugewerbe.<\/p>\n<p>Der ATTIX 44 verf\u00fcgt \u00fcber eine bemerkenswerte Produktivi\u00e4t dank seines vollautomatischen Filterabreinigungssystems InfiniClean&#x2122;. Auch bei anspruchsvollen Feinstaubanwendungen bleibt so der Aufwand f\u00fcr die Filterwartung gering. Einfache Handhabung und Benutzerfreundlichkeit sind die Attribute des ATTIX 44. Intelligente und innovative L\u00f6sungen bietet dieser Industriesauger, wernn es um Aufbewahrungsm\u00f6gichkeiten f\u00fcr Werkzeuge und Zubeh\u00f6re geht. Alles, was Sie f\u00fcr Ihre t\u00e4gliche Arbeit ben\u00f6tigen, l\u00e4sst sich an dieser Maschine unterbringen.<\/p>\n<ul>\n<li>InfiniClean&#x2122; &#8211; vollautomatisches Filterabreinigungssystem mit minimalstem Saugkraftverlust w\u00e4hrend der Abreinigung<\/li>\n<li>PTFE, M-Klasse Flachfaltenfilter mit einem Abscheidegrad von mindestens 99,9 %<\/li>\n<li>Zertifiziert nach Staubklasse L<\/li>\n<li>42 l Schmutzbeh\u00e4lter mit robustem Stossf\u00e4nger<\/li>\n<li>Robustes Fahrgestell mit Stahlrollen<\/li>\n<li>Multifit Anschluss-System f\u00fcr h\u00f6chste Flexibilit\u00e4t<\/li>\n<li>Adapterplatte zur Aufnahme einer g\u00e4ngingen Werkzeugbox (L-Boxx \/ TANOS-Systainer)<\/li>\n<li>Optionaler Trolleygriff f\u00fcr bequemen Transport und sichere Lagerung<\/li>\n<\/ul>\n","protected":false},"excerpt":{"rendered":"<p>Preis auf Anfrage<\/p>\n","protected":false},"featured_media":15824,"comment_status":"open","ping_status":"closed","template":"","meta":[],"product_cat":[62],"product_tag":[],"_links":{"self":[{"href":"https:\/\/rogrotech.ch\/en\/wp-json\/wp\/v2\/product\/15823"}],"collection":[{"href":"https:\/\/rogrotech.ch\/en\/wp-json\/wp\/v2\/product"}],"about":[{"href":"https:\/\/rogrotech.ch\/en\/wp-json\/wp\/v2\/types\/product"}],"replies":[{"embeddable":true,"href":"https:\/\/rogrotech.ch\/en\/wp-json\/wp\/v2\/comments?post=15823"}],"version-history":[{"count":2,"href":"https:\/\/rogrotech.ch\/en\/wp-json\/wp\/v2\/product\/15823\/revisions"}],"predecessor-version":[{"id":16521,"href":"https:\/\/rogrotech.ch\/en\/wp-json\/wp\/v2\/product\/15823\/revisions\/16521"}],"wp:featuredmedia":[{"embeddable":true,"href":"https:\/\/rogrotech.ch\/en\/wp-json\/wp\/v2\/media\/15824"}],"wp:attachment":[{"href":"https:\/\/rogrotech.ch\/en\/wp-json\/wp\/v2\/media?parent=15823"}],"wp:term":[{"taxonomy":"product_cat","embeddable":true,"href":"https:\/\/rogrotech.ch\/en\/wp-json\/wp\/v2\/product_cat?post=15823"},{"taxonomy":"product_tag","embeddable":true,"href":"https:\/\/rogrotech.ch\/en\/wp-json\/wp\/v2\/product_tag?post=15823"}],"curies":[{"name":"wp","href":"https:\/\/api.w.org\/{rel}","templated":true}]}}