{"id":15853,"date":"2022-02-18T08:24:35","date_gmt":"2022-02-18T06:24:35","guid":{"rendered":"https:\/\/rogrotech.ch\/?post_type=product&#038;p=15853"},"modified":"2026-03-12T06:40:24","modified_gmt":"2026-03-12T04:40:24","slug":"attix-44-2h-ic-ch-sicherheitssauger","status":"publish","type":"product","link":"https:\/\/rogrotech.ch\/en\/shop\/reinigungsgeraete\/sauger\/industriesauger\/attix-44-2h-ic-ch-sicherheitssauger\/","title":{"rendered":"ATTIX 44-2H IC CH Sicherheitssauger"},"content":{"rendered":"<p>Mit den Nilfisk Sicherheitssaugern der Staubklasse M und H d\u00fcrfen St\u00e4uben der Staubklasse L, M und H aufgesaugt werden. Dazu geh\u00f6ren alle gesundheitsgef\u00e4hrdende St\u00e4ube, alle krebserregenden St\u00e4ube sowie mit Krankheitserregern und Bakterien belasteten St\u00e4ube. Die M und H-Klasse Sauger der Modellreihe ATTIX 33 und ATTIX 44 verf\u00fcgen \u00fcber eine einzigartige 3-stufige Filtration. So befindet sich neben dem Sicherheitsfiltersack und dem PTFE-Flachfaltenelement, ein zus\u00e4tzlicher HEPA Filter, der die kleinsten und somit\u00a0 gef\u00e4hrlichsten Partikel sicher abscheidet. Diese H-Klasse Sauger verf\u00fcgen alle \u00fcber die Zusatzqualifikation &#8220;Asbest&#8221; nach der TRGS 519.<\/p>\n<p>ATTIX 44 H bietet durch die automatische Filterreinigung InfiniClean &#x2122; eine bemerkenswerte Produktivit\u00e4t. Das InfiniClean &#x2122; System sorgt f\u00fcr eine kontinuierliche Reinigung des Filters im Betrieb mit einem umgekehrten Luftstr\u00f6mungsimpuls und h\u00e4lt die Saugleistung auf hohem Niveau. Ausfallzeiten werden deutlich reduziert, da der Beh\u00e4lter ohne Filterwartung gef\u00fcllt werden kann. Um die Staubbelastung w\u00e4hrend der Entsorgung zu minimieren, stehen mehrere Staubbeutel-Optionen zur Verf\u00fcgung, die dem spezifischen Bedarf in der Anwendung f\u00fcr gef\u00e4hrliche St\u00e4ube entsprechen. Auch der waschbare PFTE Langzeitfilter und die doppelte HEPA-Filteroption minimieren die Wartung und reduzieren den Gesamtbetriebsaufwand. Ein Durchflusssensor mit kombinierter akustischer und LED-Warnung \u00fcberwacht Filter und Luftstrom, um Leistung und Filtration auf h\u00f6chstem und sicherstem Niveau zu gew\u00e4hrleisten. Einfache Handhabung und Benutzerfreundlichkeit &#8211; auch beim Transport von einem Arbeitsplatz zum anderen &#8211; sind andere wertvolle Eigenschaften f\u00fcr den ATTIX 44\u00a0 H Staubabsauger. Alle Modelle bieten flexible Aufbewahrungsm\u00f6glichkeiten f\u00fcr Werkzeuge und Zubeh\u00f6r, so dass alles, was Sie brauchen, zur Hand ist.<\/p>\n<ul>\n<li>InfiniClean &#x2122; &#8211; Automatische Filterreinigung mit minimiertem Leistungsverlust<\/li>\n<li>PTFE-Langzeitfilter mit Antihaft-Membran und mindestens 99,9% Filtrationseffizienz<\/li>\n<li>Push &amp; Clean &#x2122; &#8211; Halbautomatische Filterreinigung bei ausgew\u00e4hlten Modellen.<\/li>\n<li>Staubklasse\u00a0H-Zertifizierung einschliesslich Asbest<\/li>\n<li>Einzigartige Dualfilterl\u00f6sung f\u00fcr H-Klasse \/ HEPA &#8211; inklusive 3-stufiger Filtration<\/li>\n<li>Durchflusssensor mit kombinierter akustischer und LED-Warnung<\/li>\n<li>42 Liter Beh\u00e4lter mit Stahlrollen und robustem Stossf\u00e4nger.<\/li>\n<li>MultiFit Zubeh\u00f6rsystem f\u00fcr h\u00f6chste Flexibilit\u00e4t bei der Arbeit<\/li>\n<li>Flexible Gummib\u00e4nder, Werkzeugkistenaufbewahrung und optionaler Trolleygriff f\u00fcr bequeme Lagerung und Transport<\/li>\n<li>Optional Motork\u00fchlfilter, Abluftkollektor und Langzeitfilterbeutel<\/li>\n<\/ul>\n","protected":false},"excerpt":{"rendered":"<p>Preis auf Anfrage<\/p>\n","protected":false},"featured_media":15854,"comment_status":"open","ping_status":"closed","template":"","meta":[],"product_cat":[41],"product_tag":[],"_links":{"self":[{"href":"https:\/\/rogrotech.ch\/en\/wp-json\/wp\/v2\/product\/15853"}],"collection":[{"href":"https:\/\/rogrotech.ch\/en\/wp-json\/wp\/v2\/product"}],"about":[{"href":"https:\/\/rogrotech.ch\/en\/wp-json\/wp\/v2\/types\/product"}],"replies":[{"embeddable":true,"href":"https:\/\/rogrotech.ch\/en\/wp-json\/wp\/v2\/comments?post=15853"}],"version-history":[{"count":2,"href":"https:\/\/rogrotech.ch\/en\/wp-json\/wp\/v2\/product\/15853\/revisions"}],"predecessor-version":[{"id":16519,"href":"https:\/\/rogrotech.ch\/en\/wp-json\/wp\/v2\/product\/15853\/revisions\/16519"}],"wp:featuredmedia":[{"embeddable":true,"href":"https:\/\/rogrotech.ch\/en\/wp-json\/wp\/v2\/media\/15854"}],"wp:attachment":[{"href":"https:\/\/rogrotech.ch\/en\/wp-json\/wp\/v2\/media?parent=15853"}],"wp:term":[{"taxonomy":"product_cat","embeddable":true,"href":"https:\/\/rogrotech.ch\/en\/wp-json\/wp\/v2\/product_cat?post=15853"},{"taxonomy":"product_tag","embeddable":true,"href":"https:\/\/rogrotech.ch\/en\/wp-json\/wp\/v2\/product_tag?post=15853"}],"curies":[{"name":"wp","href":"https:\/\/api.w.org\/{rel}","templated":true}]}}