{"id":18320,"date":"2025-12-08T16:37:56","date_gmt":"2025-12-08T14:37:56","guid":{"rendered":"https:\/\/rogrotech.ch\/?post_type=product&#038;p=18320"},"modified":"2025-12-08T16:37:56","modified_gmt":"2025-12-08T14:37:56","slug":"344-skillex","status":"publish","type":"product","link":"https:\/\/rogrotech.ch\/en\/shop\/reinigungsmittel\/allgemeinereinigung\/344-skillex\/","title":{"rendered":"344 Skillex"},"content":{"rendered":"","protected":false},"excerpt":{"rendered":"<p><em><span style=\"color: #ff0000\">Preis auf Anfrage<\/span><\/em><\/p>\n<p>Wirkungsvoller Alkoholreiniger. Desinfektionsmittel f\u00fcr Oberfl\u00e4chen. Eliminiert zuverl\u00e4ssig Viren und Bakterien.<\/p>\n<p>Erh\u00e4ltlich in 25 Liter Kanister.<\/p>\n","protected":false},"featured_media":0,"comment_status":"open","ping_status":"closed","template":"","meta":[],"product_cat":[56],"product_tag":[635,630,632,631,524,523,534,584,552,634,633],"_links":{"self":[{"href":"https:\/\/rogrotech.ch\/en\/wp-json\/wp\/v2\/product\/18320"}],"collection":[{"href":"https:\/\/rogrotech.ch\/en\/wp-json\/wp\/v2\/product"}],"about":[{"href":"https:\/\/rogrotech.ch\/en\/wp-json\/wp\/v2\/types\/product"}],"replies":[{"embeddable":true,"href":"https:\/\/rogrotech.ch\/en\/wp-json\/wp\/v2\/comments?post=18320"}],"version-history":[{"count":1,"href":"https:\/\/rogrotech.ch\/en\/wp-json\/wp\/v2\/product\/18320\/revisions"}],"predecessor-version":[{"id":18321,"href":"https:\/\/rogrotech.ch\/en\/wp-json\/wp\/v2\/product\/18320\/revisions\/18321"}],"wp:attachment":[{"href":"https:\/\/rogrotech.ch\/en\/wp-json\/wp\/v2\/media?parent=18320"}],"wp:term":[{"taxonomy":"product_cat","embeddable":true,"href":"https:\/\/rogrotech.ch\/en\/wp-json\/wp\/v2\/product_cat?post=18320"},{"taxonomy":"product_tag","embeddable":true,"href":"https:\/\/rogrotech.ch\/en\/wp-json\/wp\/v2\/product_tag?post=18320"}],"curies":[{"name":"wp","href":"https:\/\/api.w.org\/{rel}","templated":true}]}}