{"id":18383,"date":"2025-12-08T17:47:54","date_gmt":"2025-12-08T15:47:54","guid":{"rendered":"https:\/\/rogrotech.ch\/?post_type=product&#038;p=18383"},"modified":"2025-12-08T17:47:54","modified_gmt":"2025-12-08T15:47:54","slug":"403-ultra-shine-2","status":"publish","type":"product","link":"https:\/\/rogrotech.ch\/en\/shop\/reinigungsmittel\/fahrzeugreinigung\/lack-und-pflege\/403-ultra-shine-2\/","title":{"rendered":"403 Ultra Shine"},"content":{"rendered":"","protected":false},"excerpt":{"rendered":"<p><em><span style=\"color: #ff0000\">Preis auf Anfrage<\/span><\/em> &nbsp; <\/p>\n<p>Hochglanz Schaumpolitur mit Tiefenglanz. <\/p>\n<p>Acrylathaltige Spezialschaumpolitur in extrem hoher Konzentration. Bei kontinuierlicher Anwendung erzeugt Ultra Shine einen ausserordentlich tiefen Glanz und einen dauerhaften Pflegeschutz f\u00fcr den Lack. Durch die Anwendung mit Ultra Shine wird der Autolack resistent gegen Wiederverschmutzungen und sorgt f\u00fcr einen EASY-TO-CLEAN-EFFEKT. Ultra Shine konserviert den Lack und vermindert ein Verblassen der Lackfl\u00e4che. Bei jeder W\u00e4sche erzeugt Ultra Shine einen hervorragenden Tiefenglanz. <\/p>\n<p>Erh\u00e4ltlich in 25 Liter Kanister.<\/p>\n","protected":false},"featured_media":18384,"comment_status":"open","ping_status":"closed","template":"","meta":[],"product_cat":[486],"product_tag":[671,536,593,534,594,543,668,606,670,669,662],"_links":{"self":[{"href":"https:\/\/rogrotech.ch\/en\/wp-json\/wp\/v2\/product\/18383"}],"collection":[{"href":"https:\/\/rogrotech.ch\/en\/wp-json\/wp\/v2\/product"}],"about":[{"href":"https:\/\/rogrotech.ch\/en\/wp-json\/wp\/v2\/types\/product"}],"replies":[{"embeddable":true,"href":"https:\/\/rogrotech.ch\/en\/wp-json\/wp\/v2\/comments?post=18383"}],"version-history":[{"count":1,"href":"https:\/\/rogrotech.ch\/en\/wp-json\/wp\/v2\/product\/18383\/revisions"}],"predecessor-version":[{"id":18389,"href":"https:\/\/rogrotech.ch\/en\/wp-json\/wp\/v2\/product\/18383\/revisions\/18389"}],"wp:featuredmedia":[{"embeddable":true,"href":"https:\/\/rogrotech.ch\/en\/wp-json\/wp\/v2\/media\/18384"}],"wp:attachment":[{"href":"https:\/\/rogrotech.ch\/en\/wp-json\/wp\/v2\/media?parent=18383"}],"wp:term":[{"taxonomy":"product_cat","embeddable":true,"href":"https:\/\/rogrotech.ch\/en\/wp-json\/wp\/v2\/product_cat?post=18383"},{"taxonomy":"product_tag","embeddable":true,"href":"https:\/\/rogrotech.ch\/en\/wp-json\/wp\/v2\/product_tag?post=18383"}],"curies":[{"name":"wp","href":"https:\/\/api.w.org\/{rel}","templated":true}]}}