{"id":18397,"date":"2025-12-08T17:52:31","date_gmt":"2025-12-08T15:52:31","guid":{"rendered":"https:\/\/rogrotech.ch\/?post_type=product&#038;p=18397"},"modified":"2025-12-08T17:52:31","modified_gmt":"2025-12-08T15:52:31","slug":"405-nufa-trockner","status":"publish","type":"product","link":"https:\/\/rogrotech.ch\/en\/shop\/reinigungsmittel\/fahrzeugreinigung\/fahrzeugwaesche\/405-nufa-trockner\/","title":{"rendered":"405 NUFA Trockner"},"content":{"rendered":"","protected":false},"excerpt":{"rendered":"<p><em><span style=\"color: #ff0000\">Preis auf Anfrage<\/span><\/em> &nbsp; <\/p>\n<p>Saure Spezialtrocknungshilfe ohne Waxanteile. <\/p>\n<p>Zum Einsatz bei Portalanlagen und Waschstrassen mit Brauchwasserrecycling und\/oder stark alkalischer Vorreinigung. Es \u00fcberzeugt durch seine hervorragende Glanzgebung am gesamten Fahrzeug ohne Waxanteile. NUFA Trockner ist leicht absp\u00fclbar, gibt strahlenden Glanz auf allen glatten Oberfl\u00e4chen, wirkt als PH-Regulator bei Wasserr\u00fcckgewinnungsanlagen. <\/p>\n<p>Erh\u00e4ltlich in 25 Liter Kanister.<\/p>\n","protected":false},"featured_media":0,"comment_status":"open","ping_status":"closed","template":"","meta":[],"product_cat":[54],"product_tag":[681,536,664,534,677,678,680,660,663,662,679],"_links":{"self":[{"href":"https:\/\/rogrotech.ch\/en\/wp-json\/wp\/v2\/product\/18397"}],"collection":[{"href":"https:\/\/rogrotech.ch\/en\/wp-json\/wp\/v2\/product"}],"about":[{"href":"https:\/\/rogrotech.ch\/en\/wp-json\/wp\/v2\/types\/product"}],"replies":[{"embeddable":true,"href":"https:\/\/rogrotech.ch\/en\/wp-json\/wp\/v2\/comments?post=18397"}],"version-history":[{"count":1,"href":"https:\/\/rogrotech.ch\/en\/wp-json\/wp\/v2\/product\/18397\/revisions"}],"predecessor-version":[{"id":18398,"href":"https:\/\/rogrotech.ch\/en\/wp-json\/wp\/v2\/product\/18397\/revisions\/18398"}],"wp:attachment":[{"href":"https:\/\/rogrotech.ch\/en\/wp-json\/wp\/v2\/media?parent=18397"}],"wp:term":[{"taxonomy":"product_cat","embeddable":true,"href":"https:\/\/rogrotech.ch\/en\/wp-json\/wp\/v2\/product_cat?post=18397"},{"taxonomy":"product_tag","embeddable":true,"href":"https:\/\/rogrotech.ch\/en\/wp-json\/wp\/v2\/product_tag?post=18397"}],"curies":[{"name":"wp","href":"https:\/\/api.w.org\/{rel}","templated":true}]}}