{"id":18406,"date":"2025-12-08T17:56:39","date_gmt":"2025-12-08T15:56:39","guid":{"rendered":"https:\/\/rogrotech.ch\/?post_type=product&#038;p=18406"},"modified":"2025-12-08T17:56:39","modified_gmt":"2025-12-08T15:56:39","slug":"407-nufa-clean-plus","status":"publish","type":"product","link":"https:\/\/rogrotech.ch\/en\/shop\/reinigungsmittel\/fahrzeugreinigung\/fahrzeugwaesche\/407-nufa-clean-plus\/","title":{"rendered":"407 NUFA Clean Plus"},"content":{"rendered":"","protected":false},"excerpt":{"rendered":"<p><em><span style=\"color: #ff0000\">Preis auf Anfrage<\/span><\/em> &nbsp; <\/p>\n<p>Schaumaktiver Schmutzl\u00f6ser.<\/p>\n<p> Fl\u00fcssiger, konzentrierter Schaumreiniger f\u00fcr den universellen Einsatz. Nufa Clean ist geeignet f\u00fcr den Einsatz im Druckspr\u00fch- oder im HD Ger\u00e4t, ebenso f\u00fcr die manuelle W\u00e4sche. Nufa Clean hat eine schmutzl\u00f6sende Wirkstoff-Formel mit Micro-Schaum aus einer umweltfreundlichen Tensidkombination mit Antikalk. Schaumaktiv auch bei hartem Wasser. Nufa Clean entfernt Umweltschmutz, Smog, \u00d6l- u. Fettschmutz und Insekten. Entfernt Microstaub bei Planen, Lacken, Container und Kunststoffen. Nufa Clean mit Verdunstungsverz\u00f6gerer f\u00fcr fleckenfreie Verarbeitung. Leicht absp\u00fclbar. Inhaltsstoffe biologisch abbaubar und bei sachgem\u00e4sser Anwendung \u00f6kologisch unbedenklich.<\/p>\n<p> Erh\u00e4ltlich in 25 Liter Kanister.<\/p>\n","protected":false},"featured_media":0,"comment_status":"open","ping_status":"closed","template":"","meta":[],"product_cat":[54],"product_tag":[689,688,536,640,534,677,687,528,627,557,662],"_links":{"self":[{"href":"https:\/\/rogrotech.ch\/en\/wp-json\/wp\/v2\/product\/18406"}],"collection":[{"href":"https:\/\/rogrotech.ch\/en\/wp-json\/wp\/v2\/product"}],"about":[{"href":"https:\/\/rogrotech.ch\/en\/wp-json\/wp\/v2\/types\/product"}],"replies":[{"embeddable":true,"href":"https:\/\/rogrotech.ch\/en\/wp-json\/wp\/v2\/comments?post=18406"}],"version-history":[{"count":1,"href":"https:\/\/rogrotech.ch\/en\/wp-json\/wp\/v2\/product\/18406\/revisions"}],"predecessor-version":[{"id":18407,"href":"https:\/\/rogrotech.ch\/en\/wp-json\/wp\/v2\/product\/18406\/revisions\/18407"}],"wp:attachment":[{"href":"https:\/\/rogrotech.ch\/en\/wp-json\/wp\/v2\/media?parent=18406"}],"wp:term":[{"taxonomy":"product_cat","embeddable":true,"href":"https:\/\/rogrotech.ch\/en\/wp-json\/wp\/v2\/product_cat?post=18406"},{"taxonomy":"product_tag","embeddable":true,"href":"https:\/\/rogrotech.ch\/en\/wp-json\/wp\/v2\/product_tag?post=18406"}],"curies":[{"name":"wp","href":"https:\/\/api.w.org\/{rel}","templated":true}]}}