{"id":18522,"date":"2026-03-03T11:55:38","date_gmt":"2026-03-03T09:55:38","guid":{"rendered":"https:\/\/rogrotech.ch\/?post_type=product&#038;p=18522"},"modified":"2026-03-03T11:55:38","modified_gmt":"2026-03-03T09:55:38","slug":"441-si-schmutz-intensivreiniger","status":"publish","type":"product","link":"https:\/\/rogrotech.ch\/en\/shop\/reinigungsmittel\/441-si-schmutz-intensivreiniger\/","title":{"rendered":"441 SI Schmutz &amp; Intensivreiniger"},"content":{"rendered":"","protected":false},"excerpt":{"rendered":"<p><!-- obsidian --><\/p>\n<p><em>Preis auf Anfrage<\/em><\/p>\n<p>Intensives Vorreinigungskonzentrat.<\/p>\n<p>\u00c4usserst ergiebiges, alkalisches Vorreinigungskonzentrat mit spezieller Tensidkombination. Entwickelt f\u00fcr die h\u00e4ndische Vorreinigung in der Gebrauchtwagenaufbereitung und dem Einsatz in Vorspr\u00fchger\u00e4ten. L\u00f6st schnell und schonend Verschmutzungen wie: Insekten-, \u00d6l-, Fett-, Diesel- und Pigmentverschmutzungen. Mit Verdunstungsverz\u00f6gerer. Hervorragend einsetzbar in Recyclinganlagen.<\/p>\n<p>Erh\u00e4ltlich in 25 Liter Kanister.<\/p>\n","protected":false},"featured_media":18523,"comment_status":"open","ping_status":"closed","template":"","meta":[],"product_cat":[42],"product_tag":[736,536,703,534,644,528,716,735,555,734,662],"_links":{"self":[{"href":"https:\/\/rogrotech.ch\/en\/wp-json\/wp\/v2\/product\/18522"}],"collection":[{"href":"https:\/\/rogrotech.ch\/en\/wp-json\/wp\/v2\/product"}],"about":[{"href":"https:\/\/rogrotech.ch\/en\/wp-json\/wp\/v2\/types\/product"}],"replies":[{"embeddable":true,"href":"https:\/\/rogrotech.ch\/en\/wp-json\/wp\/v2\/comments?post=18522"}],"version-history":[{"count":1,"href":"https:\/\/rogrotech.ch\/en\/wp-json\/wp\/v2\/product\/18522\/revisions"}],"predecessor-version":[{"id":18528,"href":"https:\/\/rogrotech.ch\/en\/wp-json\/wp\/v2\/product\/18522\/revisions\/18528"}],"wp:featuredmedia":[{"embeddable":true,"href":"https:\/\/rogrotech.ch\/en\/wp-json\/wp\/v2\/media\/18523"}],"wp:attachment":[{"href":"https:\/\/rogrotech.ch\/en\/wp-json\/wp\/v2\/media?parent=18522"}],"wp:term":[{"taxonomy":"product_cat","embeddable":true,"href":"https:\/\/rogrotech.ch\/en\/wp-json\/wp\/v2\/product_cat?post=18522"},{"taxonomy":"product_tag","embeddable":true,"href":"https:\/\/rogrotech.ch\/en\/wp-json\/wp\/v2\/product_tag?post=18522"}],"curies":[{"name":"wp","href":"https:\/\/api.w.org\/{rel}","templated":true}]}}