{"id":18536,"date":"2026-03-03T11:59:10","date_gmt":"2026-03-03T09:59:10","guid":{"rendered":"https:\/\/rogrotech.ch\/?post_type=product&#038;p=18536"},"modified":"2026-03-04T07:36:44","modified_gmt":"2026-03-04T05:36:44","slug":"448-rapido-ablauftrockner","status":"publish","type":"product","link":"https:\/\/rogrotech.ch\/en\/shop\/reinigungsmittel\/448-rapido-ablauftrockner\/","title":{"rendered":"448 Rapido Ablauftrockner"},"content":{"rendered":"","protected":false},"excerpt":{"rendered":"<p><!-- obsidian --><\/p>\n<p><em>Preis auf Anfrage<\/em><\/p>\n<p>F\u00fcr wirkungsvolle, fleckenfreie Trocknung.<\/p>\n<p>Garantiert fleckenfreie Trocknung in der Fahrzeugaufbereitung und allen Bereichen der manuellen W\u00e4sche. Rapido Ablauftrockner ist ein speziell f\u00fcr Fahrzeugaufbereiter entwickeltes Konzentrat auf der Basis nichtionischer Tenside sowie Duftstoffe. Rapido Ablauftrockner \u00fcberzeugt durch hervorragendes Netzverhalten auf allen Oberfl\u00e4chen. Der auf der Oberfl\u00e4che entstehende Wasserfilm bewirkt einen langsamen, streifenfreien Wasserablauf ohne Aufreissen des Wasserfilms. Kalk- und Wasserflecken werden auch bei hartem Wasser vermieden.<\/p>\n<p>Erh\u00e4ltlich in 5 und 25 Liter Kanister.<\/p>\n","protected":false},"featured_media":18537,"comment_status":"open","ping_status":"closed","template":"","meta":[],"product_cat":[42],"product_tag":[745,744,740,536,742,664,534,741,613,743,663,662],"_links":{"self":[{"href":"https:\/\/rogrotech.ch\/en\/wp-json\/wp\/v2\/product\/18536"}],"collection":[{"href":"https:\/\/rogrotech.ch\/en\/wp-json\/wp\/v2\/product"}],"about":[{"href":"https:\/\/rogrotech.ch\/en\/wp-json\/wp\/v2\/types\/product"}],"replies":[{"embeddable":true,"href":"https:\/\/rogrotech.ch\/en\/wp-json\/wp\/v2\/comments?post=18536"}],"version-history":[{"count":1,"href":"https:\/\/rogrotech.ch\/en\/wp-json\/wp\/v2\/product\/18536\/revisions"}],"predecessor-version":[{"id":18542,"href":"https:\/\/rogrotech.ch\/en\/wp-json\/wp\/v2\/product\/18536\/revisions\/18542"}],"wp:featuredmedia":[{"embeddable":true,"href":"https:\/\/rogrotech.ch\/en\/wp-json\/wp\/v2\/media\/18537"}],"wp:attachment":[{"href":"https:\/\/rogrotech.ch\/en\/wp-json\/wp\/v2\/media?parent=18536"}],"wp:term":[{"taxonomy":"product_cat","embeddable":true,"href":"https:\/\/rogrotech.ch\/en\/wp-json\/wp\/v2\/product_cat?post=18536"},{"taxonomy":"product_tag","embeddable":true,"href":"https:\/\/rogrotech.ch\/en\/wp-json\/wp\/v2\/product_tag?post=18536"}],"curies":[{"name":"wp","href":"https:\/\/api.w.org\/{rel}","templated":true}]}}