{"id":18699,"date":"2026-03-04T07:32:31","date_gmt":"2026-03-04T05:32:31","guid":{"rendered":"https:\/\/rogrotech.ch\/?post_type=product&#038;p=18699"},"modified":"2026-03-04T07:32:32","modified_gmt":"2026-03-04T05:32:32","slug":"734-rubber-cleaner","status":"publish","type":"product","link":"https:\/\/rogrotech.ch\/en\/shop\/reinigungsmittel\/734-rubber-cleaner\/","title":{"rendered":"734 Rubber Cleaner"},"content":{"rendered":"","protected":false},"excerpt":{"rendered":"<p><em><span style=\"color: #ff0000\">Preis auf Anfrage<\/span><\/em><\/p>\n<p>Gummireiniger ohne Silikon f\u00fcr die hervorragende Reinigung und Pflege von Pneus, Gummimatten, T\u00fcrgummi usw. Geeignet f\u00fcr Carrosseriebetriebe.<\/p>\n<p>Erh\u00e4ltlich in 10 und 25 Liter Kanister.<\/p>\n","protected":false},"featured_media":18700,"comment_status":"open","ping_status":"closed","template":"","meta":[],"product_cat":[42],"product_tag":[888,887,536,886,883,523,534,885,543,528,884],"_links":{"self":[{"href":"https:\/\/rogrotech.ch\/en\/wp-json\/wp\/v2\/product\/18699"}],"collection":[{"href":"https:\/\/rogrotech.ch\/en\/wp-json\/wp\/v2\/product"}],"about":[{"href":"https:\/\/rogrotech.ch\/en\/wp-json\/wp\/v2\/types\/product"}],"replies":[{"embeddable":true,"href":"https:\/\/rogrotech.ch\/en\/wp-json\/wp\/v2\/comments?post=18699"}],"version-history":[{"count":1,"href":"https:\/\/rogrotech.ch\/en\/wp-json\/wp\/v2\/product\/18699\/revisions"}],"predecessor-version":[{"id":18705,"href":"https:\/\/rogrotech.ch\/en\/wp-json\/wp\/v2\/product\/18699\/revisions\/18705"}],"wp:featuredmedia":[{"embeddable":true,"href":"https:\/\/rogrotech.ch\/en\/wp-json\/wp\/v2\/media\/18700"}],"wp:attachment":[{"href":"https:\/\/rogrotech.ch\/en\/wp-json\/wp\/v2\/media?parent=18699"}],"wp:term":[{"taxonomy":"product_cat","embeddable":true,"href":"https:\/\/rogrotech.ch\/en\/wp-json\/wp\/v2\/product_cat?post=18699"},{"taxonomy":"product_tag","embeddable":true,"href":"https:\/\/rogrotech.ch\/en\/wp-json\/wp\/v2\/product_tag?post=18699"}],"curies":[{"name":"wp","href":"https:\/\/api.w.org\/{rel}","templated":true}]}}