{"id":18736,"date":"2026-03-10T10:18:17","date_gmt":"2026-03-10T08:18:17","guid":{"rendered":"https:\/\/rogrotech.ch\/?post_type=product&#038;p=18736"},"modified":"2026-03-12T07:34:16","modified_gmt":"2026-03-12T05:34:16","slug":"detailer-shine-finish-premium-500ml","status":"publish","type":"product","link":"https:\/\/rogrotech.ch\/en\/shop\/xclean\/detailer-shine-finish-premium-500ml\/","title":{"rendered":"Detailer Shine Finish PREMIUM 500ml"},"content":{"rendered":"","protected":false},"excerpt":{"rendered":"<p><em><span style=\"color: #ff0000\">Preis auf Anfrage<\/span><\/em><\/p>\n<p>Schnelle siliconfreie Lackpflege f\u00fcr spiegelnden Hochglanz f\u00fcr Nor\u00admal- und Metalliclacke. Verbessert Lackfinish, sorgt f\u00fcr schlierenfreien Tiefenglanz. Bringt zus\u00e4tzlichen Was\u00adserabperleffekt. Hinterl\u00e4sst keine wei\u00ad\u00dfen R\u00fcckst\u00e4nde auf Kunststoffteilen. Brilliante Farbauffrischung. Leichte Anwendung.<\/p>\n<p>Mindestbestellmenge 15 Stk.<\/p>\n","protected":false},"featured_media":18737,"comment_status":"open","ping_status":"closed","template":"","meta":[],"product_cat":[712],"product_tag":[956,963,961,957,959,964,958,965,960,962,966],"_links":{"self":[{"href":"https:\/\/rogrotech.ch\/en\/wp-json\/wp\/v2\/product\/18736"}],"collection":[{"href":"https:\/\/rogrotech.ch\/en\/wp-json\/wp\/v2\/product"}],"about":[{"href":"https:\/\/rogrotech.ch\/en\/wp-json\/wp\/v2\/types\/product"}],"replies":[{"embeddable":true,"href":"https:\/\/rogrotech.ch\/en\/wp-json\/wp\/v2\/comments?post=18736"}],"version-history":[{"count":1,"href":"https:\/\/rogrotech.ch\/en\/wp-json\/wp\/v2\/product\/18736\/revisions"}],"predecessor-version":[{"id":18742,"href":"https:\/\/rogrotech.ch\/en\/wp-json\/wp\/v2\/product\/18736\/revisions\/18742"}],"wp:featuredmedia":[{"embeddable":true,"href":"https:\/\/rogrotech.ch\/en\/wp-json\/wp\/v2\/media\/18737"}],"wp:attachment":[{"href":"https:\/\/rogrotech.ch\/en\/wp-json\/wp\/v2\/media?parent=18736"}],"wp:term":[{"taxonomy":"product_cat","embeddable":true,"href":"https:\/\/rogrotech.ch\/en\/wp-json\/wp\/v2\/product_cat?post=18736"},{"taxonomy":"product_tag","embeddable":true,"href":"https:\/\/rogrotech.ch\/en\/wp-json\/wp\/v2\/product_tag?post=18736"}],"curies":[{"name":"wp","href":"https:\/\/api.w.org\/{rel}","templated":true}]}}