{"id":18843,"date":"2026-03-11T06:46:34","date_gmt":"2026-03-11T04:46:34","guid":{"rendered":"https:\/\/rogrotech.ch\/?post_type=product&#038;p=18843"},"modified":"2026-03-12T07:28:44","modified_gmt":"2026-03-12T05:28:44","slug":"reinigungstuch-autoinnen-polster","status":"publish","type":"product","link":"https:\/\/rogrotech.ch\/en\/shop\/xclean\/reinigungstuch-autoinnen-polster\/","title":{"rendered":"Reinigungstuch Autoinnen &amp; Polster"},"content":{"rendered":"","protected":false},"excerpt":{"rendered":"<p><em><span style=\"color: #ff0000\">Preis auf Anfrage<\/span><\/em><\/p>\n<p>In der praktischen, wiederverschlie\u00dfbaren Spenderbox. Macht hygienisch sauber und bringt frischen Duft. Entfernt selbst hartn\u00e4ckigen Schmutz wie z.B. \u00d6l, Fett, Smog, Nikotin, Pigmentschmutz auf schonende Art und Weise. Die T\u00fccher sind nicht fettend.<\/p>\n<p>Mindestbestellmenge 12 Stk.<\/p>\n","protected":false},"featured_media":0,"comment_status":"open","ping_status":"closed","template":"","meta":[],"product_cat":[712],"product_tag":[1151,1144,1148,1150,1149,1145,1143,1142,1147,1146,1152],"_links":{"self":[{"href":"https:\/\/rogrotech.ch\/en\/wp-json\/wp\/v2\/product\/18843"}],"collection":[{"href":"https:\/\/rogrotech.ch\/en\/wp-json\/wp\/v2\/product"}],"about":[{"href":"https:\/\/rogrotech.ch\/en\/wp-json\/wp\/v2\/types\/product"}],"replies":[{"embeddable":true,"href":"https:\/\/rogrotech.ch\/en\/wp-json\/wp\/v2\/comments?post=18843"}],"version-history":[{"count":1,"href":"https:\/\/rogrotech.ch\/en\/wp-json\/wp\/v2\/product\/18843\/revisions"}],"predecessor-version":[{"id":18844,"href":"https:\/\/rogrotech.ch\/en\/wp-json\/wp\/v2\/product\/18843\/revisions\/18844"}],"wp:attachment":[{"href":"https:\/\/rogrotech.ch\/en\/wp-json\/wp\/v2\/media?parent=18843"}],"wp:term":[{"taxonomy":"product_cat","embeddable":true,"href":"https:\/\/rogrotech.ch\/en\/wp-json\/wp\/v2\/product_cat?post=18843"},{"taxonomy":"product_tag","embeddable":true,"href":"https:\/\/rogrotech.ch\/en\/wp-json\/wp\/v2\/product_tag?post=18843"}],"curies":[{"name":"wp","href":"https:\/\/api.w.org\/{rel}","templated":true}]}}