{"id":18852,"date":"2026-03-11T07:10:54","date_gmt":"2026-03-11T05:10:54","guid":{"rendered":"https:\/\/rogrotech.ch\/?post_type=product&#038;p=18852"},"modified":"2026-03-12T07:27:38","modified_gmt":"2026-03-12T05:27:38","slug":"autoparfum-magic-moment-100ml","status":"publish","type":"product","link":"https:\/\/rogrotech.ch\/en\/shop\/xclean\/autoparfum-magic-moment-100ml\/","title":{"rendered":"Autoparfum MAGIC MOMENT 100ml"},"content":{"rendered":"","protected":false},"excerpt":{"rendered":"<p><em><span style=\"color: #ff0000\">Preis auf Anfrage<\/span><\/em><\/p>\n<p>Sorgt f\u00fcr angenehmen und lang anhaltenden Duft. Mit AIR-TECH-Technologie, werden schlechte Ger\u00fcche effektiv neutralisiert, die Duftnote sorgt f\u00fcr den angenehmen Geruch.<\/p>\n<p>Mindestbestellmenge 24 Stk.<\/p>\n","protected":false},"featured_media":18853,"comment_status":"open","ping_status":"closed","template":"","meta":[],"product_cat":[712],"product_tag":[1194,1188,1192,1186,1190,1185,1191,1187,1193,1189,1195],"_links":{"self":[{"href":"https:\/\/rogrotech.ch\/en\/wp-json\/wp\/v2\/product\/18852"}],"collection":[{"href":"https:\/\/rogrotech.ch\/en\/wp-json\/wp\/v2\/product"}],"about":[{"href":"https:\/\/rogrotech.ch\/en\/wp-json\/wp\/v2\/types\/product"}],"replies":[{"embeddable":true,"href":"https:\/\/rogrotech.ch\/en\/wp-json\/wp\/v2\/comments?post=18852"}],"version-history":[{"count":1,"href":"https:\/\/rogrotech.ch\/en\/wp-json\/wp\/v2\/product\/18852\/revisions"}],"predecessor-version":[{"id":18858,"href":"https:\/\/rogrotech.ch\/en\/wp-json\/wp\/v2\/product\/18852\/revisions\/18858"}],"wp:featuredmedia":[{"embeddable":true,"href":"https:\/\/rogrotech.ch\/en\/wp-json\/wp\/v2\/media\/18853"}],"wp:attachment":[{"href":"https:\/\/rogrotech.ch\/en\/wp-json\/wp\/v2\/media?parent=18852"}],"wp:term":[{"taxonomy":"product_cat","embeddable":true,"href":"https:\/\/rogrotech.ch\/en\/wp-json\/wp\/v2\/product_cat?post=18852"},{"taxonomy":"product_tag","embeddable":true,"href":"https:\/\/rogrotech.ch\/en\/wp-json\/wp\/v2\/product_tag?post=18852"}],"curies":[{"name":"wp","href":"https:\/\/api.w.org\/{rel}","templated":true}]}}