{"id":520,"date":"2019-08-05T16:57:45","date_gmt":"2019-08-05T14:57:45","guid":{"rendered":"https:\/\/neu.rogrotech.ch\/?post_type=product&#038;p=520"},"modified":"2022-08-31T15:38:36","modified_gmt":"2022-08-31T13:38:36","slug":"nilfisk-d-140-4-9-pad-x-tra-hochdruckreiniger","status":"publish","type":"product","link":"https:\/\/rogrotech.ch\/en\/shop\/reinigungsgeraete\/hochdruckreiniger\/heimundhobby\/nilfisk-d-140-4-9-pad-x-tra-hochdruckreiniger\/","title":{"rendered":"Nilfisk D 140.4-9 PAD X-TRA Hochdruckreiniger"},"content":{"rendered":"<p>Der D 140.4 bietet \u00fcberzeugende Leistung, Zuverl\u00e4ssigkeit und Flexibilit\u00e4t. Er eignet sich perfekt f\u00fcr alle, die einen leistungsstarken Hochdruckreiniger ben\u00f6tigen. F\u00fcr alle Arten von Reinigungsaufgaben mit mittlerer bis hoher Anwendungsh\u00e4ufigkeit rund ums Haus. Ideal f\u00fcr die Reinigung von 4&#215;4-Fahrzeugen,Wohnwagen und vielem mehr.<\/p>\n<p>\u2022 Max. Druck 140 bar<br \/>\n\u2022 Zuverl\u00e4ssige Aluminiumpumpe<br \/>\n\u2022 Automatik Start\/Stopp<br \/>\n\u2022 Teleskopgriff aus robusten und stabilen Aluminiumrohren<br \/>\n\u2022 Gro\u00dfe R\u00e4der f\u00fcr hohe Mobilit\u00e4t<br \/>\n\u2022 Aufbewahrungsm\u00f6glichkeit f\u00fcr Pistole, D\u00fcsen und Schaumspr\u00fcher<br \/>\n\u2022 Integrierte Schlauchtrommel mit Schlauchf\u00fchrung und Aufrollendanschlag<br \/>\n\u2022 Click&amp;Clean D\u00fcsenkonzept f\u00fcr schnellen und einfachen D\u00fcsenwechsel<\/p>\n<p>Ein leistungsstarker Hochdruckreiniger mit einem robusten 2,4 kW-Motor. Der eingebaute Teleskopgriff macht die Maschine leicht zuverstauen, wenn sie nicht in Gebrauch ist. W\u00e4hrend das einzigartige Click&amp;Clean D\u00fcsenkonzept von Nilfisk ein schnelles und werkzeuglosesWechseln von D\u00fcsen erm\u00f6glicht, gew\u00e4hrleistet ein Bajonett-Kupplungssystem an der Pistole die Kompatibilit\u00e4t des breiten Nilfisk Zubeh\u00f6rprogramms.<\/p>\n","protected":false},"excerpt":{"rendered":"<p>Preis auf Anfrage<\/p>\n","protected":false},"featured_media":467,"comment_status":"open","ping_status":"closed","template":"","meta":[],"product_cat":[49],"product_tag":[],"_links":{"self":[{"href":"https:\/\/rogrotech.ch\/en\/wp-json\/wp\/v2\/product\/520"}],"collection":[{"href":"https:\/\/rogrotech.ch\/en\/wp-json\/wp\/v2\/product"}],"about":[{"href":"https:\/\/rogrotech.ch\/en\/wp-json\/wp\/v2\/types\/product"}],"replies":[{"embeddable":true,"href":"https:\/\/rogrotech.ch\/en\/wp-json\/wp\/v2\/comments?post=520"}],"version-history":[{"count":3,"href":"https:\/\/rogrotech.ch\/en\/wp-json\/wp\/v2\/product\/520\/revisions"}],"predecessor-version":[{"id":16768,"href":"https:\/\/rogrotech.ch\/en\/wp-json\/wp\/v2\/product\/520\/revisions\/16768"}],"wp:featuredmedia":[{"embeddable":true,"href":"https:\/\/rogrotech.ch\/en\/wp-json\/wp\/v2\/media\/467"}],"wp:attachment":[{"href":"https:\/\/rogrotech.ch\/en\/wp-json\/wp\/v2\/media?parent=520"}],"wp:term":[{"taxonomy":"product_cat","embeddable":true,"href":"https:\/\/rogrotech.ch\/en\/wp-json\/wp\/v2\/product_cat?post=520"},{"taxonomy":"product_tag","embeddable":true,"href":"https:\/\/rogrotech.ch\/en\/wp-json\/wp\/v2\/product_tag?post=520"}],"curies":[{"name":"wp","href":"https:\/\/api.w.org\/{rel}","templated":true}]}}