{"id":545,"date":"2019-08-06T07:53:49","date_gmt":"2019-08-06T05:53:49","guid":{"rendered":"https:\/\/neu.rogrotech.ch\/?post_type=product&#038;p=545"},"modified":"2022-08-31T15:33:59","modified_gmt":"2022-08-31T13:33:59","slug":"nilfisk-sc100-scheuersaugmaschine","status":"publish","type":"product","link":"https:\/\/rogrotech.ch\/en\/shop\/reinigungsgeraete\/bodenreinigung\/scheuersaugmaschine\/nilfisk-sc100-scheuersaugmaschine\/","title":{"rendered":"Nilfisk SC100 E Scheuersaugmaschine"},"content":{"rendered":"<div class=\"nf-product-info col-md-8\">\n<p>Die Nilfisk SC100 ist eine kleine Scheuersaugmaschine f\u00fcr die Tiefenreinigung von engen Bereichen. Im Vergleich zur manuellen Reinigung mit Wischmopp und Eimer, erledigt diese kompakte und aufrechte Maschine den Job viel schneller und bietet eine \u00fcberzeugende Reinigungsleistung. Die Maschine kann vorw\u00e4rts und r\u00fcckw\u00e4rts verwendet werden. Reinigen und Trocknen werden in einem Arbeitsgang durchgef\u00fchrt, so dass der Bereich unmittelbar\u00a0 nach der Reinigung wieder einsatzbereit ist. Bei der SC100 stimmt das Preis-Leistungs-Verh\u00e4ltnis und sie ist somit die perfekte Wahl f\u00fcr kleine Gesch\u00e4fte, Schulen, Restaurants, Caf\u00e9s, Tankstellen, B\u00e4ckereien, Fastfood-Ketten, Hotels, Reinigungsunternehmen, aber auch f\u00fcr die Reinigung zuhause.<\/p>\n<p><strong>Leichte, schnelle und effektive Reinigung<\/strong><\/p>\n<p>\u2022 Reinigen und Trocknen in einem Arbeitsgang erm\u00f6glicht eine schnelle Einsatzbereitschaft der gereinigten Bereiche direkt nach der Reinigung<br \/>\n\u2022 2 Wassermengen-Einstellungen f\u00fcr effiziente Reinigung und roter LED-Anzeige, wenn der Frischwassertank leer ist<br \/>\n\u2022 Ergonomisch\u00a0 komfortabler Griff f\u00fcr die ein- oder zweih\u00e4ndige Bedienung<br \/>\n\u2022 Kompakt und leicht zu transportieren\u00a0 \u2013 nur 12 kg Eigengewicht<\/p>\n<p><strong>Sichere und hygienische Umgebung<\/strong><\/p>\n<p>\u2022 Keine Verteilung von Schmutz und Bakterien auf dem Flur, sondern im Schmutzwassertank<br \/>\n\u2022 Der Schmutzwassertank ist so entwickelt, dass eine schnelle und leichte 100% ige Reinigung des Tankes erfolgen kann<br \/>\n\u2022 Kann was andere nicht\u00a0 k\u00f6nnen. Das niedrige Schrubbdeck erlaubt auch professionelle Reinigung von schwer zu erreichenden Bereichen<br \/>\n\u2022 Leichte und schnelle Wartung hilft, damit schnell eine saubere und funktionierende Maschine bereit steht<\/p>\n<p><strong>Reduziert Ihre Reinigungskosten<\/strong><\/p>\n<p>\u2022 Flexible Reinigung: Eco Wassermenge (Stufe 1) f\u00fcr leichte Reinigung und doppelte Wassermenge (Stufe 2) f\u00fcr Fleckentfernung oder schwere Aufgaben<br \/>\n\u2022 Alle Funktionen sind in der aufrechten Position blockiert: Keine B\u00fcrste oder Saugleiste oder Wasser auf dem Flur, wenn das Ger\u00e4t nicht in Betrieb ist<br \/>\n\u2022 Der robuste Aluminium-Rahmen garantiert Zuverl\u00e4ssigkeit und Langlebigkeit<br \/>\n\u2022 Dosierungskappe f\u00fcr Reinigungsmittel im Frischwassertankdeckel, damit die Dosierung immer passt<\/p>\n<\/div>\n","protected":false},"excerpt":{"rendered":"<p>Preis auf Anfrage<\/p>\n","protected":false},"featured_media":478,"comment_status":"open","ping_status":"closed","template":"","meta":[],"product_cat":[51],"product_tag":[],"_links":{"self":[{"href":"https:\/\/rogrotech.ch\/en\/wp-json\/wp\/v2\/product\/545"}],"collection":[{"href":"https:\/\/rogrotech.ch\/en\/wp-json\/wp\/v2\/product"}],"about":[{"href":"https:\/\/rogrotech.ch\/en\/wp-json\/wp\/v2\/types\/product"}],"replies":[{"embeddable":true,"href":"https:\/\/rogrotech.ch\/en\/wp-json\/wp\/v2\/comments?post=545"}],"version-history":[{"count":3,"href":"https:\/\/rogrotech.ch\/en\/wp-json\/wp\/v2\/product\/545\/revisions"}],"predecessor-version":[{"id":16763,"href":"https:\/\/rogrotech.ch\/en\/wp-json\/wp\/v2\/product\/545\/revisions\/16763"}],"wp:featuredmedia":[{"embeddable":true,"href":"https:\/\/rogrotech.ch\/en\/wp-json\/wp\/v2\/media\/478"}],"wp:attachment":[{"href":"https:\/\/rogrotech.ch\/en\/wp-json\/wp\/v2\/media?parent=545"}],"wp:term":[{"taxonomy":"product_cat","embeddable":true,"href":"https:\/\/rogrotech.ch\/en\/wp-json\/wp\/v2\/product_cat?post=545"},{"taxonomy":"product_tag","embeddable":true,"href":"https:\/\/rogrotech.ch\/en\/wp-json\/wp\/v2\/product_tag?post=545"}],"curies":[{"name":"wp","href":"https:\/\/api.w.org\/{rel}","templated":true}]}}