{"id":548,"date":"2019-08-06T08:21:55","date_gmt":"2019-08-06T06:21:55","guid":{"rendered":"https:\/\/neu.rogrotech.ch\/?post_type=product&#038;p=548"},"modified":"2022-08-31T15:30:11","modified_gmt":"2022-08-31T13:30:11","slug":"nilfisk-attix-33-2h-pc-asbest-staubklasse-h","status":"publish","type":"product","link":"https:\/\/rogrotech.ch\/en\/shop\/reinigungsgeraete\/sauger\/industriesauger\/nilfisk-attix-33-2h-pc-asbest-staubklasse-h\/","title":{"rendered":"Nilfisk ATTIX 33-2H PC ASBEST Staubklasse H"},"content":{"rendered":"<div>\n<p>Der Nass-\/Trockensauger ATTIX 33 bietet eine ausserordentliche Produktivit\u00e4t dank des automatischen Filterreinigungssystems InfiniClean&#x2122;. Das InfiniClean&#x2122; System ist ein vollautomatisches Filterabreiniungssystem mit minimalstem Saugkraftverlust. Dadurch verringern sich die Stillstandzeiten erheblich, da der Beh\u00e4lter bef\u00fcllt werden kann ohne den Filter zu warten &#8211; selbt bei den anspruchvollsten Feinstaub-Anwendungen. Unser einmaliges Filtersystem hilft Ihnen Ausfallzeiten, hervorgerufen durch Wartung und Reinigung des Filters, deutlich zu verringern und die Filtereffizienz des Staubklasse-H Filterelementes konstant auf einem hohen Niveau zu halten.<\/p>\n<\/div>\n<ul class=\"nf-product-key-selling-points\">\n<li style=\"list-style-type: none;\">\n<ul>\n<li>InfiniClean&#x2122; &#8211; vollautomatisches Filterabreinigungssystem mit minimalstem Saugkraftverlust w\u00e4hrend der Abreinigung (modelabh\u00e4ngig)<\/li>\n<li>H-Klasse Flachfaltenfilter mit PTFE Anti-Haft-Membrane (Abscheidegrad von mindestens 99,9%)<\/li>\n<li>Zertifiziert nach Staubklasse H inklusive Asbest<\/li>\n<li>Einzigartiger Dualfilter f\u00fcr die H-Klasse, einschliesslich 3-stufiger Filtration<\/li>\n<li>Robustes Fahrgestell mit Stahlrollen<\/li>\n<li>Multifit Anschluss-System f\u00fcr h\u00f6chste Flexibilit\u00e4t<\/li>\n<li>Adapterplatte zur Aufnahme einer g\u00e4ngigen Werkzeugbox (L-Boxx \/ TANOS-Systainer) beim ATTIX 33 \/44 (optional)<\/li>\n<li>Optionaler Trolleygriff f\u00fcr bequemen Transportund sichere Lagerung beim ATTIX 33 \/44<\/li>\n<li>Antistatische Ausf\u00fchrung<\/li>\n<\/ul>\n<\/li>\n<\/ul>\n","protected":false},"excerpt":{"rendered":"<p>Preis auf Anfrage<\/p>\n","protected":false},"featured_media":9706,"comment_status":"open","ping_status":"closed","template":"","meta":[],"product_cat":[41],"product_tag":[],"_links":{"self":[{"href":"https:\/\/rogrotech.ch\/en\/wp-json\/wp\/v2\/product\/548"}],"collection":[{"href":"https:\/\/rogrotech.ch\/en\/wp-json\/wp\/v2\/product"}],"about":[{"href":"https:\/\/rogrotech.ch\/en\/wp-json\/wp\/v2\/types\/product"}],"replies":[{"embeddable":true,"href":"https:\/\/rogrotech.ch\/en\/wp-json\/wp\/v2\/comments?post=548"}],"version-history":[{"count":2,"href":"https:\/\/rogrotech.ch\/en\/wp-json\/wp\/v2\/product\/548\/revisions"}],"predecessor-version":[{"id":16760,"href":"https:\/\/rogrotech.ch\/en\/wp-json\/wp\/v2\/product\/548\/revisions\/16760"}],"wp:featuredmedia":[{"embeddable":true,"href":"https:\/\/rogrotech.ch\/en\/wp-json\/wp\/v2\/media\/9706"}],"wp:attachment":[{"href":"https:\/\/rogrotech.ch\/en\/wp-json\/wp\/v2\/media?parent=548"}],"wp:term":[{"taxonomy":"product_cat","embeddable":true,"href":"https:\/\/rogrotech.ch\/en\/wp-json\/wp\/v2\/product_cat?post=548"},{"taxonomy":"product_tag","embeddable":true,"href":"https:\/\/rogrotech.ch\/en\/wp-json\/wp\/v2\/product_tag?post=548"}],"curies":[{"name":"wp","href":"https:\/\/api.w.org\/{rel}","templated":true}]}}