{"id":552,"date":"2019-08-06T08:55:21","date_gmt":"2019-08-06T06:55:21","guid":{"rendered":"https:\/\/neu.rogrotech.ch\/?post_type=product&#038;p=552"},"modified":"2022-08-31T15:29:01","modified_gmt":"2022-08-31T13:29:01","slug":"nilfisk-vp300-hepa-sauger","status":"publish","type":"product","link":"https:\/\/rogrotech.ch\/en\/shop\/reinigungsgeraete\/sauger\/gewerbesauger\/trockensauger\/nilfisk-vp300-hepa-sauger\/","title":{"rendered":"Nilfisk VP300 HEPA CH Trockensauger"},"content":{"rendered":"<div>\n<p>Der Sauger mit einem sehr energiesparenden 880W Saugmotor eignet sich ideal zum Reinigen von B\u00fcror\u00e4umen, Hotelzimmern und Ladengesch\u00e4ften sowie f\u00fcr \u00e4hnliche Anwendungsbereiche mit leichten bis mittelschweren Einsatzbedingungen auch w\u00e4hrend den Gesch\u00e4ftszeiten. Wie bei allen Nilfisk Maschinen ist das Design und die Konstruktion durchdacht, wobei besonderes Augenmerk auf die Ergonomie und Umweltfreundlichkeit gelegt wurde. Der VP300 HEPA verf\u00fcgt \u00fcber ein gro\u00dfes Filterbeutel-Volumen. Somit brauchen Sie weniger an Filterbeutel, da diese seltener ausgetauscht werden m\u00fcssen. Er ist ein Leichtgewicht mit 5,2 kg und l\u00e4sst sich einfach von Raum zu Raum transportieren. Beim VP300 HEPA hat alles seinen Platz. Mit seinem einzigartigen Parksystem l\u00e4sst sich der Gewerbesauger auch unter beengten Platzverh\u00e4ltnissen gut aufbewahren. Dank der durchdachten Aufbewahrung der D\u00fcsen befinden sich alle ben\u00f6tigten Werkzeuge stets in unmittelbarer Reichweite. Die robuste und einfache Verriegelung kann zum Filterbeuteltausch kinderleicht ge\u00f6ffnet und danach wieder passgenau verriegelt werden. Der VP300 HEPA besitzt einen abriebfesten Sto\u00dff\u00e4nger rund um den Kessel und Schutzabdeckungen \u00fcber den Hinterr\u00e4dern. So werden Ecken und Kanten gesch\u00fctzt. Der Gewerbesauger ist ausgestattet mit einem werkzeuglos wechselbaren Netzkabel (10m oder 15m je nach Ausf\u00fchrung), Saugrohren aus Aluminium oder Stahl, zertifiziertes HEPA-Filterelement und einer hochwertigen Kombi-Bodend\u00fcse.<\/p>\n<\/div>\n<ul class=\"nf-product-key-selling-points\">\n<li style=\"list-style-type: none;\">\n<ul>\n<li>Zertifizierter HEPA Filter<\/li>\n<li>Niedriger Ger\u00e4uschpegel von nur 50 dB(A) nach BS 5415 (dB(A))<\/li>\n<li>Geringes Gewicht von 5,3 kg<\/li>\n<li>Grosses Filterbeutel-Volumen (Staubbeh\u00e4lter 10 l, Filterbeutel 8 l)<\/li>\n<li>Recyclingf\u00e4hige Bauteile unterst\u00fctzen den Umweltschutz<\/li>\n<li>Robustes Zubeh\u00f6r<\/li>\n<li>Vollst\u00e4ndig ausgestattet (inkl. Kombid\u00fcse)<\/li>\n<li>15 m abnehmbares Netzkabel (VP300 HEPA EU1 und EU3) Einhandtransport m\u00f6glich<\/li>\n<li>Stabiler Netzschalter<\/li>\n<\/ul>\n<\/li>\n<\/ul>\n","protected":false},"excerpt":{"rendered":"<p>Preis auf Anfrage<\/p>\n","protected":false},"featured_media":483,"comment_status":"open","ping_status":"closed","template":"","meta":[],"product_cat":[61],"product_tag":[],"_links":{"self":[{"href":"https:\/\/rogrotech.ch\/en\/wp-json\/wp\/v2\/product\/552"}],"collection":[{"href":"https:\/\/rogrotech.ch\/en\/wp-json\/wp\/v2\/product"}],"about":[{"href":"https:\/\/rogrotech.ch\/en\/wp-json\/wp\/v2\/types\/product"}],"replies":[{"embeddable":true,"href":"https:\/\/rogrotech.ch\/en\/wp-json\/wp\/v2\/comments?post=552"}],"version-history":[{"count":2,"href":"https:\/\/rogrotech.ch\/en\/wp-json\/wp\/v2\/product\/552\/revisions"}],"predecessor-version":[{"id":16758,"href":"https:\/\/rogrotech.ch\/en\/wp-json\/wp\/v2\/product\/552\/revisions\/16758"}],"wp:featuredmedia":[{"embeddable":true,"href":"https:\/\/rogrotech.ch\/en\/wp-json\/wp\/v2\/media\/483"}],"wp:attachment":[{"href":"https:\/\/rogrotech.ch\/en\/wp-json\/wp\/v2\/media?parent=552"}],"wp:term":[{"taxonomy":"product_cat","embeddable":true,"href":"https:\/\/rogrotech.ch\/en\/wp-json\/wp\/v2\/product_cat?post=552"},{"taxonomy":"product_tag","embeddable":true,"href":"https:\/\/rogrotech.ch\/en\/wp-json\/wp\/v2\/product_tag?post=552"}],"curies":[{"name":"wp","href":"https:\/\/api.w.org\/{rel}","templated":true}]}}