{"id":555,"date":"2019-08-06T09:15:26","date_gmt":"2019-08-06T07:15:26","guid":{"rendered":"https:\/\/neu.rogrotech.ch\/?post_type=product&#038;p=555"},"modified":"2022-08-31T14:59:35","modified_gmt":"2022-08-31T12:59:35","slug":"nilfisk-aero-21-01-pc-staubsauger","status":"publish","type":"product","link":"https:\/\/rogrotech.ch\/en\/shop\/reinigungsgeraete\/sauger\/gewerbesauger\/nass-trockensauger\/nilfisk-aero-21-01-pc-staubsauger\/","title":{"rendered":"Nilfisk AERO 21-01 PC Nass-\/Trockensauger"},"content":{"rendered":"<div>\n<p>Die AERO 21 \/ AERO 21 INOX sind die kleinsten Modelle der neuen AERO-Baureihe. Sie verf\u00fcgen \u00fcber ein kompaktes Design sowie \u00fcber einfach zu bedienende Funktionen. Ausgestattet mit einer Ger\u00e4testeckdose (-21) samt Einschaltautomatik &#8211; der Sauger geht selbst\u00e4ndig in Betrieb, sobald Sie Ihr Elektrowerkzeug einschalten. Die Vielzahl an Ablagem\u00f6glichkeiten f\u00fcr Saugschlauch, D\u00fcsen und Netzkabel sorgt f\u00fcr einen flexiblen Einsatz und f\u00fcr ein platzsparendes Verstauen des Saugers.<\/p>\n<p>Die 20 Liter Maschinen \u00fcberzeugen durch eine hohe Saugleistung und sind optional mit einem Edelstahl-Beh\u00e4lter erh\u00e4ltlich. Der Sauger ist zudem mit einem robusten Fahrgestell und einem ergonomisch angebrachten Transporthandgriff ausgestattet.<\/p>\n<\/div>\n<div>\n<p>Kompakt, leicht und robust, so l\u00e4sst sich der AERO einfach an jeden Ort transportieren. Durchdacht sind auch die vielf\u00e4ltigen M\u00f6glichkeiten Saugschlauch, Saugrohre und Zubeh\u00f6r sicher an der Maschine zu befestigen oder zu verstauen. Nach getaner Arbeit l\u00e4sst sich der Beh\u00e4lter einfach und sicher entleeren &#8211; entweder durch den Vlies-Staubbeutel oder durch den bei einigen Modellen angebrachten Handgriff zur Beh\u00e4lterentleerung. Das Filterabreinigungssystem Push&amp;Clean sorgt f\u00fcr eine konstant hohe Saugleistung und sichert so die Produktivit\u00e4t Ihrer Maschine im Einsatz.<\/p>\n<ul>\n<li>Auswaschbares PET Filterelement mit einer Filtration von min. 99,9%<\/li>\n<li>MultiFit Anschlusssystem<\/li>\n<li>Werkzeugadapter mit Saugkraftregulierung (-21)<\/li>\n<li>Zahlreiche M\u00f6glichkeiten f\u00fcr die Aufnahme des Zubeh\u00f6rs<\/li>\n<li>Blasfunktion<\/li>\n<li>Stabiles Fahrwerk und ergonomisches Design f\u00fcr einen sicheren Betrieb.<\/li>\n<\/ul>\n<\/div>\n","protected":false},"excerpt":{"rendered":"<p>Preis auf Anfrage<\/p>\n","protected":false},"featured_media":457,"comment_status":"open","ping_status":"closed","template":"","meta":[],"product_cat":[62],"product_tag":[],"_links":{"self":[{"href":"https:\/\/rogrotech.ch\/en\/wp-json\/wp\/v2\/product\/555"}],"collection":[{"href":"https:\/\/rogrotech.ch\/en\/wp-json\/wp\/v2\/product"}],"about":[{"href":"https:\/\/rogrotech.ch\/en\/wp-json\/wp\/v2\/types\/product"}],"replies":[{"embeddable":true,"href":"https:\/\/rogrotech.ch\/en\/wp-json\/wp\/v2\/comments?post=555"}],"version-history":[{"count":5,"href":"https:\/\/rogrotech.ch\/en\/wp-json\/wp\/v2\/product\/555\/revisions"}],"predecessor-version":[{"id":16733,"href":"https:\/\/rogrotech.ch\/en\/wp-json\/wp\/v2\/product\/555\/revisions\/16733"}],"wp:featuredmedia":[{"embeddable":true,"href":"https:\/\/rogrotech.ch\/en\/wp-json\/wp\/v2\/media\/457"}],"wp:attachment":[{"href":"https:\/\/rogrotech.ch\/en\/wp-json\/wp\/v2\/media?parent=555"}],"wp:term":[{"taxonomy":"product_cat","embeddable":true,"href":"https:\/\/rogrotech.ch\/en\/wp-json\/wp\/v2\/product_cat?post=555"},{"taxonomy":"product_tag","embeddable":true,"href":"https:\/\/rogrotech.ch\/en\/wp-json\/wp\/v2\/product_tag?post=555"}],"curies":[{"name":"wp","href":"https:\/\/api.w.org\/{rel}","templated":true}]}}