{"id":5752,"date":"2019-12-02T14:25:49","date_gmt":"2019-12-02T12:25:49","guid":{"rendered":"http:\/\/rogrotech.ch\/?post_type=product&#038;p=5752"},"modified":"2022-08-31T11:27:41","modified_gmt":"2022-08-31T09:27:41","slug":"colly-800","status":"publish","type":"product","link":"https:\/\/rogrotech.ch\/en\/shop\/reinigungsgeraete\/bodenreinigung\/kehrmaschine\/colly-800\/","title":{"rendered":"Kr\u00e4nzle Colly 800"},"content":{"rendered":"<ul>\n<li>Kehrschaufelprinzip<\/li>\n<li>Ergonomisch und leicht bedienbar<\/li>\n<li>Komfortables, schnelles und r\u00fcckenschonendes Kehren durch den stufenlos verstellbaren Schubb\u00fcgel<\/li>\n<li>Reinigung ohne Schmutzkontakt<\/li>\n<li>Einfaches Handling und Entleeren des schlagfesten Kehrgutbeh\u00e4lters<\/li>\n<li>Klappbare Seitenbesen mit stufenloser H\u00f6henverstellung<\/li>\n<li>Gro\u00dfe Laufr\u00e4der mit Naturgummi-Bereifung f\u00fcr optimale Kraft\u00fcbertragung<\/li>\n<li>Sternf\u00f6rmige harte-weiche Beborstung<\/li>\n<li>komfortabler und h\u00f6henverstellbarer Fahrgriff<\/li>\n<li>Platzsparendes Verstauen durch einklappbaren Schubb\u00fcgel<\/li>\n<\/ul>\n","protected":false},"excerpt":{"rendered":"<p>Preis auf Anfrage<\/p>\n","protected":false},"featured_media":5753,"comment_status":"open","ping_status":"closed","template":"","meta":[],"product_cat":[52],"product_tag":[],"_links":{"self":[{"href":"https:\/\/rogrotech.ch\/en\/wp-json\/wp\/v2\/product\/5752"}],"collection":[{"href":"https:\/\/rogrotech.ch\/en\/wp-json\/wp\/v2\/product"}],"about":[{"href":"https:\/\/rogrotech.ch\/en\/wp-json\/wp\/v2\/types\/product"}],"replies":[{"embeddable":true,"href":"https:\/\/rogrotech.ch\/en\/wp-json\/wp\/v2\/comments?post=5752"}],"version-history":[{"count":2,"href":"https:\/\/rogrotech.ch\/en\/wp-json\/wp\/v2\/product\/5752\/revisions"}],"predecessor-version":[{"id":16587,"href":"https:\/\/rogrotech.ch\/en\/wp-json\/wp\/v2\/product\/5752\/revisions\/16587"}],"wp:featuredmedia":[{"embeddable":true,"href":"https:\/\/rogrotech.ch\/en\/wp-json\/wp\/v2\/media\/5753"}],"wp:attachment":[{"href":"https:\/\/rogrotech.ch\/en\/wp-json\/wp\/v2\/media?parent=5752"}],"wp:term":[{"taxonomy":"product_cat","embeddable":true,"href":"https:\/\/rogrotech.ch\/en\/wp-json\/wp\/v2\/product_cat?post=5752"},{"taxonomy":"product_tag","embeddable":true,"href":"https:\/\/rogrotech.ch\/en\/wp-json\/wp\/v2\/product_tag?post=5752"}],"curies":[{"name":"wp","href":"https:\/\/api.w.org\/{rel}","templated":true}]}}