{"id":718,"date":"2019-08-13T13:51:06","date_gmt":"2019-08-13T11:51:06","guid":{"rendered":"https:\/\/neu.rogrotech.ch\/?post_type=product&#038;p=718"},"modified":"2022-08-31T14:30:13","modified_gmt":"2022-08-31T12:30:13","slug":"nilfisk-sb-saugstation","status":"publish","type":"product","link":"https:\/\/rogrotech.ch\/en\/shop\/carwash-waschnlagen\/waschanlagen\/sb-waschanlagen\/nilfisk-sb-saugstation\/","title":{"rendered":"Nilfisk SB-Saugstation"},"content":{"rendered":"<div class=\"nf-product-info col-md-8\">\n<div>An SB-Sauger f\u00fcr Tankstellen werden besondere Anforderungen gestellt, die von all unseren SB-Modellen erf\u00fcllt werden. Lieferbar mit 1 oder 2 Motoren. Alle Modelle mit einfachem Textilfiltersystem f\u00fcr problemlose Wartung. Alle SB Sauger sind mit elektrischem M\u00fcnzpr\u00fcfer standardm\u00e4\u00dfig ausgestattet.<\/div>\n<div>Die in erster Linie f\u00fcr Tankstellen entwickelte SB-Reihe ist f\u00fcr die harten Bedingungen im Freien bei jeder Witterung ausgelegt. Die SB-Reihe ist so konzipiert, da\u00df auch Anwender, die mit dem Sauger nicht vertraut sind, die von ihnen gew\u00fcnschten Ergebnisse erzielen. Die Wartung ist schnell und einfach, damit der Sauger immer f\u00fcr Ihre Kunden einsatzbereit ist und das mit einem minimalen Aufwand Ihrerseits. Hervorragende Saugkraft. Tandem Modelle haben 2 Saugmotoren und Saugschl\u00e4uche. Lieferbar f\u00fcr Eurom\u00fcnzen, Landesw\u00e4hrung oder Wertmarken.<\/div>\n<\/div>\n<p>&nbsp;<\/p>\n","protected":false},"excerpt":{"rendered":"<p>Preis auf Anfrage<\/p>\n","protected":false},"featured_media":719,"comment_status":"open","ping_status":"closed","template":"","meta":[],"product_cat":[60],"product_tag":[],"_links":{"self":[{"href":"https:\/\/rogrotech.ch\/en\/wp-json\/wp\/v2\/product\/718"}],"collection":[{"href":"https:\/\/rogrotech.ch\/en\/wp-json\/wp\/v2\/product"}],"about":[{"href":"https:\/\/rogrotech.ch\/en\/wp-json\/wp\/v2\/types\/product"}],"replies":[{"embeddable":true,"href":"https:\/\/rogrotech.ch\/en\/wp-json\/wp\/v2\/comments?post=718"}],"version-history":[{"count":2,"href":"https:\/\/rogrotech.ch\/en\/wp-json\/wp\/v2\/product\/718\/revisions"}],"predecessor-version":[{"id":16724,"href":"https:\/\/rogrotech.ch\/en\/wp-json\/wp\/v2\/product\/718\/revisions\/16724"}],"wp:featuredmedia":[{"embeddable":true,"href":"https:\/\/rogrotech.ch\/en\/wp-json\/wp\/v2\/media\/719"}],"wp:attachment":[{"href":"https:\/\/rogrotech.ch\/en\/wp-json\/wp\/v2\/media?parent=718"}],"wp:term":[{"taxonomy":"product_cat","embeddable":true,"href":"https:\/\/rogrotech.ch\/en\/wp-json\/wp\/v2\/product_cat?post=718"},{"taxonomy":"product_tag","embeddable":true,"href":"https:\/\/rogrotech.ch\/en\/wp-json\/wp\/v2\/product_tag?post=718"}],"curies":[{"name":"wp","href":"https:\/\/api.w.org\/{rel}","templated":true}]}}