{"id":9308,"date":"2020-05-11T00:27:17","date_gmt":"2020-05-10T22:27:17","guid":{"rendered":"http:\/\/rogrotech.ch\/?post_type=product&#038;p=9308"},"modified":"2021-04-20T14:12:00","modified_gmt":"2021-04-20T12:12:00","slug":"nilfisk-vorwaschmodul","status":"publish","type":"product","link":"https:\/\/rogrotech.ch\/en\/shop\/carwash-waschnlagen\/waschanlagen\/sb-waschanlagen\/nilfisk-vorwaschmodul\/","title":{"rendered":"Nilfisk Vorwaschmodul"},"content":{"rendered":"\t\t<div data-elementor-type=\"product-post\" data-elementor-id=\"9308\" class=\"elementor elementor-9308\">\n\t\t\t\t\t\t<div class=\"elementor-inner\">\n\t\t\t\t<div class=\"elementor-section-wrap\">\n\t\t\t\t\t\t\t\t\t<section class=\"elementor-section elementor-top-section elementor-element elementor-element-be3b543 elementor-section-boxed elementor-section-height-default elementor-section-height-default elementor-invisible\" data-id=\"be3b543\" data-element_type=\"section\" data-settings=\"{&quot;jet_parallax_layout_list&quot;:[{&quot;_id&quot;:&quot;577295b&quot;,&quot;jet_parallax_layout_image&quot;:{&quot;url&quot;:&quot;&quot;,&quot;id&quot;:&quot;&quot;,&quot;size&quot;:&quot;&quot;},&quot;jet_parallax_layout_image_tablet&quot;:{&quot;url&quot;:&quot;&quot;,&quot;id&quot;:&quot;&quot;,&quot;size&quot;:&quot;&quot;},&quot;jet_parallax_layout_image_mobile&quot;:{&quot;url&quot;:&quot;&quot;,&quot;id&quot;:&quot;&quot;,&quot;size&quot;:&quot;&quot;},&quot;jet_parallax_layout_speed&quot;:{&quot;unit&quot;:&quot;%&quot;,&quot;size&quot;:50,&quot;sizes&quot;:[]},&quot;jet_parallax_layout_type&quot;:&quot;scroll&quot;,&quot;jet_parallax_layout_direction&quot;:null,&quot;jet_parallax_layout_fx_direction&quot;:null,&quot;jet_parallax_layout_z_index&quot;:&quot;&quot;,&quot;jet_parallax_layout_bg_x&quot;:50,&quot;jet_parallax_layout_bg_x_tablet&quot;:&quot;&quot;,&quot;jet_parallax_layout_bg_x_mobile&quot;:&quot;&quot;,&quot;jet_parallax_layout_bg_y&quot;:50,&quot;jet_parallax_layout_bg_y_tablet&quot;:&quot;&quot;,&quot;jet_parallax_layout_bg_y_mobile&quot;:&quot;&quot;,&quot;jet_parallax_layout_bg_size&quot;:&quot;auto&quot;,&quot;jet_parallax_layout_bg_size_tablet&quot;:&quot;&quot;,&quot;jet_parallax_layout_bg_size_mobile&quot;:&quot;&quot;,&quot;jet_parallax_layout_animation_prop&quot;:&quot;transform&quot;,&quot;jet_parallax_layout_on&quot;:[&quot;desktop&quot;,&quot;tablet&quot;]}],&quot;animation&quot;:&quot;fadeInUp&quot;}\">\n\t\t\t\t\t\t<div class=\"elementor-container elementor-column-gap-default\">\n\t\t\t\t\t\t\t<div class=\"elementor-row\">\n\t\t\t\t\t<div class=\"elementor-column elementor-col-100 elementor-top-column elementor-element elementor-element-8ed4cbc\" data-id=\"8ed4cbc\" data-element_type=\"column\">\n\t\t\t<div class=\"elementor-column-wrap elementor-element-populated\">\n\t\t\t\t\t\t\t<div class=\"elementor-widget-wrap\">\n\t\t\t\t\t\t<div class=\"elementor-element elementor-element-08f98c7 elementor-widget elementor-widget-heading\" data-id=\"08f98c7\" data-element_type=\"widget\" data-widget_type=\"heading.default\">\n\t\t\t\t<div class=\"elementor-widget-container\">\n\t\t\t<h2 class=\"elementor-heading-title elementor-size-default\">DatENBLATT und DOWNLOADS<\/h2>\t\t<\/div>\n\t\t\t\t<\/div>\n\t\t\t\t<div class=\"elementor-element elementor-element-de3576b elementor-widget elementor-widget-jet-headline\" data-id=\"de3576b\" data-element_type=\"widget\" data-widget_type=\"jet-headline.default\">\n\t\t\t\t<div class=\"elementor-widget-container\">\n\t\t\t<span class=\"jet-headline jet-headline--direction-horizontal\"><span class=\"jet-headline__part jet-headline__first\"><span class=\"jet-headline__label\">Technische <\/span><\/span><span class=\"jet-headline__space\">&nbsp;<\/span><span class=\"jet-headline__part jet-headline__second\"><span class=\"jet-headline__label\">Spezifikationen<\/span><\/span><\/span>\t\t<\/div>\n\t\t\t\t<\/div>\n\t\t\t\t<div class=\"elementor-element elementor-element-ace562f elementor-widget-divider--view-line elementor-widget elementor-widget-divider\" data-id=\"ace562f\" data-element_type=\"widget\" data-widget_type=\"divider.default\">\n\t\t\t\t<div class=\"elementor-widget-container\">\n\t\t\t\t\t<div class=\"elementor-divider\">\n\t\t\t<span class=\"elementor-divider-separator\">\n\t\t\t\t\t\t<\/span>\n\t\t<\/div>\n\t\t\t\t<\/div>\n\t\t\t\t<\/div>\n\t\t\t\t<div class=\"elementor-element elementor-element-8fa001f elementor-widget elementor-widget-text-editor\" data-id=\"8fa001f\" data-element_type=\"widget\" data-widget_type=\"text-editor.default\">\n\t\t\t\t<div class=\"elementor-widget-container\">\n\t\t\t\t\t\t\t\t<div class=\"elementor-text-editor elementor-clearfix\">\n\t\t\t\t<p>Nilfisk Vorwaschmodul<\/p><p>Das A und O ist die Vorw\u00e4sche. Das Vorwaschmodul ist ein leistungsstarkes Hochdruckreiniger-System um Lacksch\u00e4den vorzubeugen.\u00a0<\/p>\t\t\t\t\t<\/div>\n\t\t\t\t\t\t<\/div>\n\t\t\t\t<\/div>\n\t\t\t\t<section class=\"elementor-section elementor-inner-section elementor-element elementor-element-4b560ed elementor-section-boxed elementor-section-height-default elementor-section-height-default\" data-id=\"4b560ed\" data-element_type=\"section\" data-settings=\"{&quot;jet_parallax_layout_list&quot;:[{&quot;jet_parallax_layout_image&quot;:{&quot;url&quot;:&quot;&quot;,&quot;id&quot;:&quot;&quot;,&quot;size&quot;:&quot;&quot;},&quot;_id&quot;:&quot;583ac33&quot;,&quot;jet_parallax_layout_image_tablet&quot;:{&quot;url&quot;:&quot;&quot;,&quot;id&quot;:&quot;&quot;,&quot;size&quot;:&quot;&quot;},&quot;jet_parallax_layout_image_mobile&quot;:{&quot;url&quot;:&quot;&quot;,&quot;id&quot;:&quot;&quot;,&quot;size&quot;:&quot;&quot;},&quot;jet_parallax_layout_speed&quot;:{&quot;unit&quot;:&quot;%&quot;,&quot;size&quot;:50,&quot;sizes&quot;:[]},&quot;jet_parallax_layout_type&quot;:&quot;scroll&quot;,&quot;jet_parallax_layout_direction&quot;:null,&quot;jet_parallax_layout_fx_direction&quot;:null,&quot;jet_parallax_layout_z_index&quot;:&quot;&quot;,&quot;jet_parallax_layout_bg_x&quot;:50,&quot;jet_parallax_layout_bg_x_tablet&quot;:&quot;&quot;,&quot;jet_parallax_layout_bg_x_mobile&quot;:&quot;&quot;,&quot;jet_parallax_layout_bg_y&quot;:50,&quot;jet_parallax_layout_bg_y_tablet&quot;:&quot;&quot;,&quot;jet_parallax_layout_bg_y_mobile&quot;:&quot;&quot;,&quot;jet_parallax_layout_bg_size&quot;:&quot;auto&quot;,&quot;jet_parallax_layout_bg_size_tablet&quot;:&quot;&quot;,&quot;jet_parallax_layout_bg_size_mobile&quot;:&quot;&quot;,&quot;jet_parallax_layout_animation_prop&quot;:&quot;transform&quot;,&quot;jet_parallax_layout_on&quot;:[&quot;desktop&quot;,&quot;tablet&quot;]}]}\">\n\t\t\t\t\t\t<div class=\"elementor-container elementor-column-gap-default\">\n\t\t\t\t\t\t\t<div class=\"elementor-row\">\n\t\t\t\t\t<div class=\"elementor-column elementor-col-50 elementor-inner-column elementor-element elementor-element-bde2ecf\" data-id=\"bde2ecf\" data-element_type=\"column\">\n\t\t\t<div class=\"elementor-column-wrap elementor-element-populated\">\n\t\t\t\t\t\t\t<div class=\"elementor-widget-wrap\">\n\t\t\t\t\t\t<div class=\"elementor-element elementor-element-8212ece elementor-widget elementor-widget-heading\" data-id=\"8212ece\" data-element_type=\"widget\" data-widget_type=\"heading.default\">\n\t\t\t\t<div class=\"elementor-widget-container\">\n\t\t\t<h3 class=\"elementor-heading-title elementor-size-default\">Eigenschaften<\/h3>\t\t<\/div>\n\t\t\t\t<\/div>\n\t\t\t\t<div class=\"elementor-element elementor-element-6af806a elementor-widget elementor-widget-text-editor\" data-id=\"6af806a\" data-element_type=\"widget\" data-widget_type=\"text-editor.default\">\n\t\t\t\t<div class=\"elementor-widget-container\">\n\t\t\t\t\t\t\t\t<div class=\"elementor-text-editor elementor-clearfix\">\n\t\t\t\t<p><span style=\"color: #ff2717;\"><b>VORWASCHMODUL<\/b><\/span><\/p><ul><li>Hochwertiges Pumpen-Aggregat<\/li><li>Robuster Grundrahmen<\/li><li>Niedriger Ger\u00e4uschpegel der Motor-Pumpen-Einheit<\/li><li>Kompaktes Design erfordert wenig Platzbedarf<\/li><li>\u00dcbersichtliches Bedienfeld<\/li><\/ul>\t\t\t\t\t<\/div>\n\t\t\t\t\t\t<\/div>\n\t\t\t\t<\/div>\n\t\t\t\t\t\t<\/div>\n\t\t\t\t\t<\/div>\n\t\t<\/div>\n\t\t\t\t<div class=\"elementor-column elementor-col-50 elementor-inner-column elementor-element elementor-element-6a60790\" data-id=\"6a60790\" data-element_type=\"column\">\n\t\t\t<div class=\"elementor-column-wrap elementor-element-populated\">\n\t\t\t\t\t\t\t<div class=\"elementor-widget-wrap\">\n\t\t\t\t\t\t<div class=\"elementor-element elementor-element-7878b0f elementor-widget elementor-widget-heading\" data-id=\"7878b0f\" data-element_type=\"widget\" data-widget_type=\"heading.default\">\n\t\t\t\t<div class=\"elementor-widget-container\">\n\t\t\t<h3 class=\"elementor-heading-title elementor-size-default\">Downloads<\/h3>\t\t<\/div>\n\t\t\t\t<\/div>\n\t\t\t\t<div class=\"elementor-element elementor-element-abfdc77 elementor-widget__width-auto elementor-widget elementor-widget-jet-download-button\" data-id=\"abfdc77\" data-element_type=\"widget\" data-widget_type=\"jet-download-button.default\">\n\t\t\t\t<div class=\"elementor-widget-container\">\n\t\t\t<div class=\"elementor-jet-download-button jet-elements\"><a class=\"elementor-button elementor-size-md jet-download jet-download-icon-position-left\" href=\"https:\/\/rogrotech.ch\/en\/?jet_download=14458\" ><span class=\"jet-download__icon jet-download-icon-left jet-elements-icon\"><i aria-hidden=\"true\" class=\"fas fa-arrow-down\"><\/i><\/span><span class=\"jet-download__text\"><span class=\"jet-download__label\">Brosch\u00fcre<\/span><small class=\"jet-download__sub-label\">4 MB<\/small><\/span><\/a>\n<\/div>\t\t<\/div>\n\t\t\t\t<\/div>\n\t\t\t\t<div class=\"elementor-element elementor-element-907f348 elementor-widget elementor-widget-heading\" data-id=\"907f348\" data-element_type=\"widget\" data-widget_type=\"heading.default\">\n\t\t\t\t<div class=\"elementor-widget-container\">\n\t\t\t<h3 class=\"elementor-heading-title elementor-size-default\">Dimensionen<\/h3>\t\t<\/div>\n\t\t\t\t<\/div>\n\t\t\t\t<div class=\"elementor-element elementor-element-edf2e1a elementor-widget elementor-widget-jet-table\" data-id=\"edf2e1a\" data-element_type=\"widget\" data-widget_type=\"jet-table.default\">\n\t\t\t\t<div class=\"elementor-widget-container\">\n\t\t\t<div class=\"elementor-jet-table jet-elements\">\n\t\t<div class=\"jet-table-wrapper\">\n\t\t\t<table class=\"jet-table jet-table--fa5-compat\">\n\t\t\t\t<thead class=\"jet-table__head\"><tr class=\"jet-table__head-row\"><th class=\"jet-table__cell elementor-repeater-item-93da31d jet-table__head-cell\" scope=\"col\"><div class=\"jet-table__cell-inner\"><div class=\"jet-table__cell-content\"><div class=\"jet-table__cell-text\">Pumpen-Aggregat Basic Vorw\u00e4sche<\/div><\/div><\/div><\/th><th class=\"jet-table__cell elementor-repeater-item-d316d47 jet-table__head-cell\" scope=\"col\"><div class=\"jet-table__cell-inner\"><div class=\"jet-table__cell-content\"><\/div><\/div><\/th><\/tr><\/thead>\n\t\t\t\t\t\t\t\t<tbody class=\"jet-table__body\"><tr class=\"jet-table__body-row elementor-repeater-item-d983450\"><td class=\"jet-table__cell elementor-repeater-item-31cabac jet-table__body-cell\"><div class=\"jet-table__cell-inner\"><div class=\"jet-table__cell-content\"><div class=\"jet-table__cell-text\">Druck (bar\/MPa)<\/div><\/div><\/div><\/td><td class=\"jet-table__cell elementor-repeater-item-e0ab4c1 jet-table__body-cell\"><div class=\"jet-table__cell-inner\"><div class=\"jet-table__cell-content\"><div class=\"jet-table__cell-text\">100\/10<\/div><\/div><\/div><\/td><\/tr><tr class=\"jet-table__body-row elementor-repeater-item-54e02a8\"><td class=\"jet-table__cell elementor-repeater-item-f28ec63 jet-table__body-cell\"><div class=\"jet-table__cell-inner\"><div class=\"jet-table__cell-content\"><div class=\"jet-table__cell-text\">Wasserleistung Qmax (l\/Std.)<\/div><\/div><\/div><\/td><td class=\"jet-table__cell elementor-repeater-item-f617997 jet-table__body-cell\"><div class=\"jet-table__cell-inner\"><div class=\"jet-table__cell-content\"><div class=\"jet-table__cell-text\">660<\/div><\/div><\/div><\/td><\/tr><tr class=\"jet-table__body-row elementor-repeater-item-1b5056b\"><td class=\"jet-table__cell elementor-repeater-item-30903d7 jet-table__body-cell\"><div class=\"jet-table__cell-inner\"><div class=\"jet-table__cell-content\"><div class=\"jet-table__cell-text\">Max. Zulauftemperatur (\u00b0C)<\/div><\/div><\/div><\/td><td class=\"jet-table__cell elementor-repeater-item-0a2601c jet-table__body-cell\"><div class=\"jet-table__cell-inner\"><div class=\"jet-table__cell-content\"><div class=\"jet-table__cell-text\">60<\/div><\/div><\/div><\/td><\/tr><tr class=\"jet-table__body-row elementor-repeater-item-85be8af\"><td class=\"jet-table__cell elementor-repeater-item-eab15ba jet-table__body-cell\"><div class=\"jet-table__cell-inner\"><div class=\"jet-table__cell-content\"><div class=\"jet-table__cell-text\">Pumpendrehzahl (U\/min.)<\/div><\/div><\/div><\/td><td class=\"jet-table__cell elementor-repeater-item-7db72d9 jet-table__body-cell\"><div class=\"jet-table__cell-inner\"><div class=\"jet-table__cell-content\"><div class=\"jet-table__cell-text\">900<\/div><\/div><\/div><\/td><\/tr><tr class=\"jet-table__body-row elementor-repeater-item-d5bfc7a\"><td class=\"jet-table__cell elementor-repeater-item-501f5c0 jet-table__body-cell\"><div class=\"jet-table__cell-inner\"><div class=\"jet-table__cell-content\"><div class=\"jet-table__cell-text\">Abmessungen LxBxH (mm)<\/div><\/div><\/div><\/td><td class=\"jet-table__cell elementor-repeater-item-a3200b3 jet-table__body-cell\"><div class=\"jet-table__cell-inner\"><div class=\"jet-table__cell-content\"><div class=\"jet-table__cell-text\">760x600x680<\/div><\/div><\/div><\/td><\/tr><tr class=\"jet-table__body-row elementor-repeater-item-9f5346d\"><td class=\"jet-table__cell elementor-repeater-item-57e966d jet-table__body-cell\"><div class=\"jet-table__cell-inner\"><div class=\"jet-table__cell-content\"><div class=\"jet-table__cell-text\">Gewicht (kg)<\/div><\/div><\/div><\/td><td class=\"jet-table__cell elementor-repeater-item-db6de42 jet-table__body-cell\"><div class=\"jet-table__cell-inner\"><div class=\"jet-table__cell-content\"><div class=\"jet-table__cell-text\">70<\/div><\/div><\/div><\/td><\/tr><tr class=\"jet-table__body-row elementor-repeater-item-a819cc4\"><td class=\"jet-table__cell elementor-repeater-item-cd103f7 jet-table__body-cell\"><div class=\"jet-table__cell-inner\"><div class=\"jet-table__cell-content\"><div class=\"jet-table__cell-text\">Elektrischer Anschlusswert (kW)<\/div><\/div><\/div><\/td><td class=\"jet-table__cell elementor-repeater-item-3e9b80b jet-table__body-cell\"><div class=\"jet-table__cell-inner\"><div class=\"jet-table__cell-content\"><div class=\"jet-table__cell-text\">2.3<\/div><\/div><\/div><\/td><\/tr><tr class=\"jet-table__body-row elementor-repeater-item-e51a54e\"><td class=\"jet-table__cell elementor-repeater-item-5ee08c0 jet-table__body-cell\"><div class=\"jet-table__cell-inner\"><div class=\"jet-table__cell-content\"><div class=\"jet-table__cell-text\">(V\/~\/Hz\/A)<\/div><\/div><\/div><\/td><td class=\"jet-table__cell elementor-repeater-item-ff31368 jet-table__body-cell\"><div class=\"jet-table__cell-inner\"><div class=\"jet-table__cell-content\"><div class=\"jet-table__cell-text\">400\/3\/PE<\/div><\/div><\/div><\/td><\/tr><tr class=\"jet-table__body-row elementor-repeater-item-75e4961\"><td class=\"jet-table__cell elementor-repeater-item-8e0117a jet-table__body-cell\"><div class=\"jet-table__cell-inner\"><div class=\"jet-table__cell-content\"><div class=\"jet-table__cell-text\">Netzkabel (m)<\/div><\/div><\/div><\/td><td class=\"jet-table__cell elementor-repeater-item-f1a4e9a jet-table__body-cell\"><div class=\"jet-table__cell-inner\"><div class=\"jet-table__cell-content\"><div class=\"jet-table__cell-text\">3.2<\/div><\/div><\/div><\/td><\/tr><tr class=\"jet-table__body-row elementor-repeater-item-a8fb3d6\"><td class=\"jet-table__cell elementor-repeater-item-2d49895 jet-table__body-cell\"><div class=\"jet-table__cell-inner\"><div class=\"jet-table__cell-content\"><div class=\"jet-table__cell-text\">Kolben<\/div><\/div><\/div><\/td><td class=\"jet-table__cell elementor-repeater-item-bad267c jet-table__body-cell\"><div class=\"jet-table__cell-inner\"><div class=\"jet-table__cell-content\"><div class=\"jet-table__cell-text\">3 Keramik<\/div><\/div><\/div><\/td><\/tr><\/tbody>\n\t\t\t<\/table>\n\t\t<\/div>\n\n\t\t<\/div>\t\t<\/div>\n\t\t\t\t<\/div>\n\t\t\t\t<div class=\"elementor-element elementor-element-5402f0d elementor-widget elementor-widget-jet-table\" data-id=\"5402f0d\" data-element_type=\"widget\" data-widget_type=\"jet-table.default\">\n\t\t\t\t<div class=\"elementor-widget-container\">\n\t\t\t<div class=\"elementor-jet-table jet-elements\">\n\t\t<div class=\"jet-table-wrapper\">\n\t\t\t<table class=\"jet-table jet-table--fa5-compat\">\n\t\t\t\t<thead class=\"jet-table__head\"><tr class=\"jet-table__head-row\"><th class=\"jet-table__cell elementor-repeater-item-93da31d jet-table__head-cell\" scope=\"col\"><div class=\"jet-table__cell-inner\"><div class=\"jet-table__cell-content\"><div class=\"jet-table__cell-text\">Pumpen-Aggregat Basic Vorw\u00e4sche<\/div><\/div><\/div><\/th><th class=\"jet-table__cell elementor-repeater-item-d316d47 jet-table__head-cell\" scope=\"col\"><div class=\"jet-table__cell-inner\"><div class=\"jet-table__cell-content\"><\/div><\/div><\/th><\/tr><\/thead>\n\t\t\t\t\t\t\t\t<tbody class=\"jet-table__body\"><tr class=\"jet-table__body-row elementor-repeater-item-d983450\"><td class=\"jet-table__cell elementor-repeater-item-31cabac jet-table__body-cell\"><div class=\"jet-table__cell-inner\"><div class=\"jet-table__cell-content\"><div class=\"jet-table__cell-text\">Druck (bar\/MPa)<\/div><\/div><\/div><\/td><td class=\"jet-table__cell elementor-repeater-item-e0ab4c1 jet-table__body-cell\"><div class=\"jet-table__cell-inner\"><div class=\"jet-table__cell-content\"><div class=\"jet-table__cell-text\">100\/10<\/div><\/div><\/div><\/td><\/tr><tr class=\"jet-table__body-row elementor-repeater-item-54e02a8\"><td class=\"jet-table__cell elementor-repeater-item-f28ec63 jet-table__body-cell\"><div class=\"jet-table__cell-inner\"><div class=\"jet-table__cell-content\"><div class=\"jet-table__cell-text\">Wasserleistung Qmax (l\/Std.)<\/div><\/div><\/div><\/td><td class=\"jet-table__cell elementor-repeater-item-f617997 jet-table__body-cell\"><div class=\"jet-table__cell-inner\"><div class=\"jet-table__cell-content\"><div class=\"jet-table__cell-text\">1560<\/div><\/div><\/div><\/td><\/tr><tr class=\"jet-table__body-row elementor-repeater-item-1b5056b\"><td class=\"jet-table__cell elementor-repeater-item-30903d7 jet-table__body-cell\"><div class=\"jet-table__cell-inner\"><div class=\"jet-table__cell-content\"><div class=\"jet-table__cell-text\">Max. Zulauftemperatur (\u00b0C)<\/div><\/div><\/div><\/td><td class=\"jet-table__cell elementor-repeater-item-0a2601c jet-table__body-cell\"><div class=\"jet-table__cell-inner\"><div class=\"jet-table__cell-content\"><div class=\"jet-table__cell-text\">60<\/div><\/div><\/div><\/td><\/tr><tr class=\"jet-table__body-row elementor-repeater-item-85be8af\"><td class=\"jet-table__cell elementor-repeater-item-eab15ba jet-table__body-cell\"><div class=\"jet-table__cell-inner\"><div class=\"jet-table__cell-content\"><div class=\"jet-table__cell-text\">Pumpendrehzahl (U\/min.)<\/div><\/div><\/div><\/td><td class=\"jet-table__cell elementor-repeater-item-7db72d9 jet-table__body-cell\"><div class=\"jet-table__cell-inner\"><div class=\"jet-table__cell-content\"><div class=\"jet-table__cell-text\">900<\/div><\/div><\/div><\/td><\/tr><tr class=\"jet-table__body-row elementor-repeater-item-d5bfc7a\"><td class=\"jet-table__cell elementor-repeater-item-501f5c0 jet-table__body-cell\"><div class=\"jet-table__cell-inner\"><div class=\"jet-table__cell-content\"><div class=\"jet-table__cell-text\">Abmessungen LxBxH (mm)<\/div><\/div><\/div><\/td><td class=\"jet-table__cell elementor-repeater-item-a3200b3 jet-table__body-cell\"><div class=\"jet-table__cell-inner\"><div class=\"jet-table__cell-content\"><div class=\"jet-table__cell-text\">760x600x680<\/div><\/div><\/div><\/td><\/tr><tr class=\"jet-table__body-row elementor-repeater-item-9f5346d\"><td class=\"jet-table__cell elementor-repeater-item-57e966d jet-table__body-cell\"><div class=\"jet-table__cell-inner\"><div class=\"jet-table__cell-content\"><div class=\"jet-table__cell-text\">Gewicht (kg)<\/div><\/div><\/div><\/td><td class=\"jet-table__cell elementor-repeater-item-db6de42 jet-table__body-cell\"><div class=\"jet-table__cell-inner\"><div class=\"jet-table__cell-content\"><div class=\"jet-table__cell-text\">80<\/div><\/div><\/div><\/td><\/tr><tr class=\"jet-table__body-row elementor-repeater-item-a819cc4\"><td class=\"jet-table__cell elementor-repeater-item-cd103f7 jet-table__body-cell\"><div class=\"jet-table__cell-inner\"><div class=\"jet-table__cell-content\"><div class=\"jet-table__cell-text\">Elektrischer Anschlusswert (kW)<\/div><\/div><\/div><\/td><td class=\"jet-table__cell elementor-repeater-item-3e9b80b jet-table__body-cell\"><div class=\"jet-table__cell-inner\"><div class=\"jet-table__cell-content\"><div class=\"jet-table__cell-text\">4.0<\/div><\/div><\/div><\/td><\/tr><tr class=\"jet-table__body-row elementor-repeater-item-e51a54e\"><td class=\"jet-table__cell elementor-repeater-item-5ee08c0 jet-table__body-cell\"><div class=\"jet-table__cell-inner\"><div class=\"jet-table__cell-content\"><div class=\"jet-table__cell-text\">(V\/~\/Hz\/A)<\/div><\/div><\/div><\/td><td class=\"jet-table__cell elementor-repeater-item-ff31368 jet-table__body-cell\"><div class=\"jet-table__cell-inner\"><div class=\"jet-table__cell-content\"><div class=\"jet-table__cell-text\">400\/3\/PE<\/div><\/div><\/div><\/td><\/tr><tr class=\"jet-table__body-row elementor-repeater-item-75e4961\"><td class=\"jet-table__cell elementor-repeater-item-8e0117a jet-table__body-cell\"><div class=\"jet-table__cell-inner\"><div class=\"jet-table__cell-content\"><div class=\"jet-table__cell-text\">Netzkabel (m)<\/div><\/div><\/div><\/td><td class=\"jet-table__cell elementor-repeater-item-f1a4e9a jet-table__body-cell\"><div class=\"jet-table__cell-inner\"><div class=\"jet-table__cell-content\"><div class=\"jet-table__cell-text\">3.2<\/div><\/div><\/div><\/td><\/tr><tr class=\"jet-table__body-row elementor-repeater-item-a8fb3d6\"><td class=\"jet-table__cell elementor-repeater-item-2d49895 jet-table__body-cell\"><div class=\"jet-table__cell-inner\"><div class=\"jet-table__cell-content\"><div class=\"jet-table__cell-text\">Kolben<\/div><\/div><\/div><\/td><td class=\"jet-table__cell elementor-repeater-item-bad267c jet-table__body-cell\"><div class=\"jet-table__cell-inner\"><div class=\"jet-table__cell-content\"><div class=\"jet-table__cell-text\">3 Keramik<\/div><\/div><\/div><\/td><\/tr><\/tbody>\n\t\t\t<\/table>\n\t\t<\/div>\n\n\t\t<\/div>\t\t<\/div>\n\t\t\t\t<\/div>\n\t\t\t\t\t\t<\/div>\n\t\t\t\t\t<\/div>\n\t\t<\/div>\n\t\t\t\t\t\t\t\t<\/div>\n\t\t\t\t\t<\/div>\n\t\t<\/section>\n\t\t\t\t\t\t<\/div>\n\t\t\t\t\t<\/div>\n\t\t<\/div>\n\t\t\t\t\t\t\t\t<\/div>\n\t\t\t\t\t<\/div>\n\t\t<\/section>\n\t\t\t\t\t\t\t\t\t<\/div>\n\t\t\t<\/div>\n\t\t\t\t\t<\/div>\n\t\t","protected":false},"excerpt":{"rendered":"<p>DatENBLATT und DOWNLOADS Technische \u00a0Spezifikationen Nilfisk Vorwaschmodul Das A und O ist die Vorw\u00e4sche. Das Vorwaschmodul ist ein leistungsstarkes Hochdruckreiniger-System um Lacksch\u00e4den vorzubeugen. Eigenschaften VORWASCHMODUL Hochwertiges Pumpen-Aggregat Robuster Grundrahmen Niedriger Ger\u00e4uschpegel der Motor-Pumpen-Einheit Kompaktes Design erfordert wenig Platzbedarf \u00dcbersichtliches Bedienfeld Downloads Brosch\u00fcre4 MB Dimensionen Pumpen-Aggregat Basic Vorw\u00e4sche Druck (bar\/MPa) 100\/10 Wasserleistung Qmax (l\/Std.) 660 Max. [&hellip;]<\/p>\n","protected":false},"featured_media":692,"comment_status":"open","ping_status":"closed","template":"","meta":[],"product_cat":[60],"product_tag":[],"_links":{"self":[{"href":"https:\/\/rogrotech.ch\/en\/wp-json\/wp\/v2\/product\/9308"}],"collection":[{"href":"https:\/\/rogrotech.ch\/en\/wp-json\/wp\/v2\/product"}],"about":[{"href":"https:\/\/rogrotech.ch\/en\/wp-json\/wp\/v2\/types\/product"}],"replies":[{"embeddable":true,"href":"https:\/\/rogrotech.ch\/en\/wp-json\/wp\/v2\/comments?post=9308"}],"version-history":[{"count":1,"href":"https:\/\/rogrotech.ch\/en\/wp-json\/wp\/v2\/product\/9308\/revisions"}],"predecessor-version":[{"id":15499,"href":"https:\/\/rogrotech.ch\/en\/wp-json\/wp\/v2\/product\/9308\/revisions\/15499"}],"wp:featuredmedia":[{"embeddable":true,"href":"https:\/\/rogrotech.ch\/en\/wp-json\/wp\/v2\/media\/692"}],"wp:attachment":[{"href":"https:\/\/rogrotech.ch\/en\/wp-json\/wp\/v2\/media?parent=9308"}],"wp:term":[{"taxonomy":"product_cat","embeddable":true,"href":"https:\/\/rogrotech.ch\/en\/wp-json\/wp\/v2\/product_cat?post=9308"},{"taxonomy":"product_tag","embeddable":true,"href":"https:\/\/rogrotech.ch\/en\/wp-json\/wp\/v2\/product_tag?post=9308"}],"curies":[{"name":"wp","href":"https:\/\/api.w.org\/{rel}","templated":true}]}}