{"id":15957,"date":"2022-02-18T10:26:36","date_gmt":"2022-02-18T08:26:36","guid":{"rendered":"https:\/\/rogrotech.ch\/?post_type=product&#038;p=15957"},"modified":"2026-03-12T06:35:27","modified_gmt":"2026-03-12T04:35:27","slug":"mc-8p-160-2500-kaltwasser-hochdruckreiniger","status":"publish","type":"product","link":"https:\/\/rogrotech.ch\/es\/shop\/reinigungsgeraete\/hochdruckreiniger\/kaltwasser\/mc-8p-160-2500-kaltwasser-hochdruckreiniger\/","title":{"rendered":"MC 8P-160\/2500 Kaltwasser Hochdruckreiniger"},"content":{"rendered":"<p>Diese Hochleistungsreiniger der Spitzenklasse vereinen hohen Druck und eine hohe Wasserleistung f\u00fcr die kraftvolle Erledigung von anspruchsvollen Reinigungsaufgaben in der Landwirtschaft, im Transportwesen oder der Lebensmittelindustrie. Der MC 8P ist ein Ger\u00e4t mit hoher Wasserleistung \u2013 einfach zu\u00a0 installieren, gut zu man\u00f6vrieren und<br \/>\nkomfortabel zu bedienen.<\/p>\n<p>Der Hochdruckreiniger MC 8P bietet optimale Leistung in einem grossen, robusten Paktet; geeignet f\u00fcr den Einsatz auch bei st\u00e4rksten Reinigungsaufgaben. Der MC 8P ist sowohl mit pulverbeschichtetem Rahmen als auch mit Edelstahlrahmen f\u00fcr zus\u00e4tzliche Widerstandsf\u00e4higkeit in chemisch aggressiven Umgebungen lieferbar. Die Edelstahlausf\u00fchrung ist ideal f\u00fcr den Einsatz z. B. in Schweinest\u00e4llen, d. h. dort wo aggressive D\u00e4mpfe entstehen. Dar\u00fcber hinaus ist der Hochdruckreiniger MC 8P in zwei Leistungsstufen erh\u00e4ltlich.<\/p>\n<ul>\n<li>Industriepumpe mit 1450 U\/min. und Keramikkolben f\u00fcr lange Lebensdauer<\/li>\n<li>Leises Arbeitsger\u00e4usch durch SilentPower-Konzept<\/li>\n<li>Druck-\/Mengenregulierung<\/li>\n<li>Parkbremse<\/li>\n<li>ST-Ausf\u00fchrung mit Edelstahlrahmen<\/li>\n<li>HD-Schlauch 15 m<\/li>\n<li>Einfach und komfortabel im Handling<\/li>\n<\/ul>\n","protected":false},"excerpt":{"rendered":"<p>Preis auf Anfrage<\/p>\n","protected":false},"featured_media":15959,"comment_status":"open","ping_status":"closed","template":"","meta":[],"product_cat":[47],"product_tag":[],"_links":{"self":[{"href":"https:\/\/rogrotech.ch\/es\/wp-json\/wp\/v2\/product\/15957"}],"collection":[{"href":"https:\/\/rogrotech.ch\/es\/wp-json\/wp\/v2\/product"}],"about":[{"href":"https:\/\/rogrotech.ch\/es\/wp-json\/wp\/v2\/types\/product"}],"replies":[{"embeddable":true,"href":"https:\/\/rogrotech.ch\/es\/wp-json\/wp\/v2\/comments?post=15957"}],"version-history":[{"count":2,"href":"https:\/\/rogrotech.ch\/es\/wp-json\/wp\/v2\/product\/15957\/revisions"}],"predecessor-version":[{"id":16512,"href":"https:\/\/rogrotech.ch\/es\/wp-json\/wp\/v2\/product\/15957\/revisions\/16512"}],"wp:featuredmedia":[{"embeddable":true,"href":"https:\/\/rogrotech.ch\/es\/wp-json\/wp\/v2\/media\/15959"}],"wp:attachment":[{"href":"https:\/\/rogrotech.ch\/es\/wp-json\/wp\/v2\/media?parent=15957"}],"wp:term":[{"taxonomy":"product_cat","embeddable":true,"href":"https:\/\/rogrotech.ch\/es\/wp-json\/wp\/v2\/product_cat?post=15957"},{"taxonomy":"product_tag","embeddable":true,"href":"https:\/\/rogrotech.ch\/es\/wp-json\/wp\/v2\/product_tag?post=15957"}],"curies":[{"name":"wp","href":"https:\/\/api.w.org\/{rel}","templated":true}]}}