{"id":17510,"date":"2024-01-09T13:07:38","date_gmt":"2024-01-09T11:07:38","guid":{"rendered":"https:\/\/rogrotech.ch\/?post_type=product&#038;p=17510"},"modified":"2024-01-09T13:09:44","modified_gmt":"2024-01-09T11:09:44","slug":"lacont-sicherheits-fass-schrank-typ-90-b80-2850-a","status":"publish","type":"product","link":"https:\/\/rogrotech.ch\/es\/shop\/lagerung\/gefahrstoffschraenke\/lacont-sicherheits-fass-schrank-typ-90-b80-2850-a\/","title":{"rendered":"LACONT SICHERHEITS-FASS-SCHRANK TYP 90 B80-2850-A"},"content":{"rendered":"<p>1x Gitterrosttablar f\u00fcr Kleingebinde, 1445 x 500mm, Tragf\u00e4higkeit<br \/>\n75kg, B80-2852-A<br \/>\n1x PE Einsatz f\u00fcr Auffangwanne zum Lagern aggressiver Medien,<br \/>\nB80-2853-A<br \/>\n1x Unterfahrsockel Schrank (H\u00f6he des Schrankes 2313mm<br \/>\n1x Erdungsklemme<\/p>\n","protected":false},"excerpt":{"rendered":"<p>1x Gitterrosttablar f\u00fcr Kleingebinde, 1445 x 500mm, Tragf\u00e4higkeit 75kg, B80-2852-A 1x PE Einsatz f\u00fcr Auffangwanne zum Lagern aggressiver Medien, B80-2853-A 1x Unterfahrsockel Schrank (H\u00f6he des Schrankes 2313mm 1x Erdungsklemme<\/p>\n","protected":false},"featured_media":17511,"comment_status":"open","ping_status":"closed","template":"","meta":[],"product_cat":[498],"product_tag":[],"_links":{"self":[{"href":"https:\/\/rogrotech.ch\/es\/wp-json\/wp\/v2\/product\/17510"}],"collection":[{"href":"https:\/\/rogrotech.ch\/es\/wp-json\/wp\/v2\/product"}],"about":[{"href":"https:\/\/rogrotech.ch\/es\/wp-json\/wp\/v2\/types\/product"}],"replies":[{"embeddable":true,"href":"https:\/\/rogrotech.ch\/es\/wp-json\/wp\/v2\/comments?post=17510"}],"version-history":[{"count":1,"href":"https:\/\/rogrotech.ch\/es\/wp-json\/wp\/v2\/product\/17510\/revisions"}],"predecessor-version":[{"id":17516,"href":"https:\/\/rogrotech.ch\/es\/wp-json\/wp\/v2\/product\/17510\/revisions\/17516"}],"wp:featuredmedia":[{"embeddable":true,"href":"https:\/\/rogrotech.ch\/es\/wp-json\/wp\/v2\/media\/17511"}],"wp:attachment":[{"href":"https:\/\/rogrotech.ch\/es\/wp-json\/wp\/v2\/media?parent=17510"}],"wp:term":[{"taxonomy":"product_cat","embeddable":true,"href":"https:\/\/rogrotech.ch\/es\/wp-json\/wp\/v2\/product_cat?post=17510"},{"taxonomy":"product_tag","embeddable":true,"href":"https:\/\/rogrotech.ch\/es\/wp-json\/wp\/v2\/product_tag?post=17510"}],"curies":[{"name":"wp","href":"https:\/\/api.w.org\/{rel}","templated":true}]}}