{"id":18498,"date":"2026-03-03T11:13:44","date_gmt":"2026-03-03T09:13:44","guid":{"rendered":"https:\/\/rogrotech.ch\/?post_type=product&#038;p=18498"},"modified":"2026-03-03T11:13:44","modified_gmt":"2026-03-03T09:13:44","slug":"431-aktiv-powerschaum","status":"publish","type":"product","link":"https:\/\/rogrotech.ch\/es\/shop\/reinigungsmittel\/431-aktiv-powerschaum\/","title":{"rendered":"431 Aktiv Powerschaum"},"content":{"rendered":"","protected":false},"excerpt":{"rendered":"<p><em><span style=\"color: #ff0000\">Preis auf Anfrage<\/span><\/em><\/p>\n<p>Ein besonderes Schaumerlebnis.<\/p>\n<p>Aktiv Power Schaum hat ein \u00fcberzeugendes Schaumbild mit intensivem Dufterlebnis. Speziell f\u00fcr HD-Schaumsysteme an SB-Pl\u00e4tzen. Effektive und wirkungsvolle Reinigungsperformance, bringt dichten und extrem lang haftenden Schaum, l\u00f6st zuverl\u00e4ssig Insekten, Russ und Umweltschmutz. Sehr gute L\u00f6sekraft gegen Mikrostaub, schaumaktiv bei allen Wasserh\u00e4rten, absolut materialschonend und frei von Phosphat. Ideal auch f\u00fcr biologische Brauchwasseraufbereitungsanlagen.<\/p>\n<p>Erh\u00e4ltlich in 25 Liter Kanister.<\/p>\n","protected":false},"featured_media":18499,"comment_status":"open","ping_status":"closed","template":"","meta":[],"product_cat":[42],"product_tag":[721,688,536,720,698,534,719,528,627,680,662],"_links":{"self":[{"href":"https:\/\/rogrotech.ch\/es\/wp-json\/wp\/v2\/product\/18498"}],"collection":[{"href":"https:\/\/rogrotech.ch\/es\/wp-json\/wp\/v2\/product"}],"about":[{"href":"https:\/\/rogrotech.ch\/es\/wp-json\/wp\/v2\/types\/product"}],"replies":[{"embeddable":true,"href":"https:\/\/rogrotech.ch\/es\/wp-json\/wp\/v2\/comments?post=18498"}],"version-history":[{"count":1,"href":"https:\/\/rogrotech.ch\/es\/wp-json\/wp\/v2\/product\/18498\/revisions"}],"predecessor-version":[{"id":18504,"href":"https:\/\/rogrotech.ch\/es\/wp-json\/wp\/v2\/product\/18498\/revisions\/18504"}],"wp:featuredmedia":[{"embeddable":true,"href":"https:\/\/rogrotech.ch\/es\/wp-json\/wp\/v2\/media\/18499"}],"wp:attachment":[{"href":"https:\/\/rogrotech.ch\/es\/wp-json\/wp\/v2\/media?parent=18498"}],"wp:term":[{"taxonomy":"product_cat","embeddable":true,"href":"https:\/\/rogrotech.ch\/es\/wp-json\/wp\/v2\/product_cat?post=18498"},{"taxonomy":"product_tag","embeddable":true,"href":"https:\/\/rogrotech.ch\/es\/wp-json\/wp\/v2\/product_tag?post=18498"}],"curies":[{"name":"wp","href":"https:\/\/api.w.org\/{rel}","templated":true}]}}