{"id":18505,"date":"2026-03-03T11:25:27","date_gmt":"2026-03-03T09:25:27","guid":{"rendered":"https:\/\/rogrotech.ch\/?post_type=product&#038;p=18505"},"modified":"2026-03-03T11:25:28","modified_gmt":"2026-03-03T09:25:28","slug":"433-easy-schaum","status":"publish","type":"product","link":"https:\/\/rogrotech.ch\/es\/shop\/reinigungsmittel\/433-easy-schaum\/","title":{"rendered":"433 Easy Schaum"},"content":{"rendered":"","protected":false},"excerpt":{"rendered":"<p><!-- obsidian --><\/p>\n<p><em>Preis auf Anfrage<\/em><\/p>\n<p>Schaumreiniger mit Frischeduft.<\/p>\n<p>Stark sch\u00e4umender Schaumreiniger mit materialschonenden Eigenschaften f\u00fcr Portalanlagen, Waschstrassen und SB-Waschpl\u00e4tze. Mit Frischeduft. Bewirkt durch seine sorgf\u00e4ltig ausgew\u00e4hlte Tensidkombination eine schnelle und intensive Schmutzl\u00f6sung auf allen glatten Fahrzeugoberfl\u00e4chen.<\/p>\n<p>Erh\u00e4ltlich in 25 Liter Kanister.<\/p>\n","protected":false},"featured_media":0,"comment_status":"open","ping_status":"closed","template":"","meta":[],"product_cat":[42],"product_tag":[725,536,617,722,724,698,723,534,528,627,662],"_links":{"self":[{"href":"https:\/\/rogrotech.ch\/es\/wp-json\/wp\/v2\/product\/18505"}],"collection":[{"href":"https:\/\/rogrotech.ch\/es\/wp-json\/wp\/v2\/product"}],"about":[{"href":"https:\/\/rogrotech.ch\/es\/wp-json\/wp\/v2\/types\/product"}],"replies":[{"embeddable":true,"href":"https:\/\/rogrotech.ch\/es\/wp-json\/wp\/v2\/comments?post=18505"}],"version-history":[{"count":1,"href":"https:\/\/rogrotech.ch\/es\/wp-json\/wp\/v2\/product\/18505\/revisions"}],"predecessor-version":[{"id":18506,"href":"https:\/\/rogrotech.ch\/es\/wp-json\/wp\/v2\/product\/18505\/revisions\/18506"}],"wp:attachment":[{"href":"https:\/\/rogrotech.ch\/es\/wp-json\/wp\/v2\/media?parent=18505"}],"wp:term":[{"taxonomy":"product_cat","embeddable":true,"href":"https:\/\/rogrotech.ch\/es\/wp-json\/wp\/v2\/product_cat?post=18505"},{"taxonomy":"product_tag","embeddable":true,"href":"https:\/\/rogrotech.ch\/es\/wp-json\/wp\/v2\/product_tag?post=18505"}],"curies":[{"name":"wp","href":"https:\/\/api.w.org\/{rel}","templated":true}]}}