{"id":18529,"date":"2026-03-03T11:57:56","date_gmt":"2026-03-03T09:57:56","guid":{"rendered":"https:\/\/rogrotech.ch\/?post_type=product&#038;p=18529"},"modified":"2026-03-03T11:57:56","modified_gmt":"2026-03-03T09:57:56","slug":"443-felgenreiniger-alkalisch","status":"publish","type":"product","link":"https:\/\/rogrotech.ch\/es\/shop\/reinigungsmittel\/443-felgenreiniger-alkalisch\/","title":{"rendered":"443 Felgenreiniger alkalisch"},"content":{"rendered":"","protected":false},"excerpt":{"rendered":"<p><!-- obsidian --><\/p>\n<p><em>Preis auf Anfrage<\/em><\/p>\n<p>Hochkonzentrierter alkalischer Felgenreiniger.<\/p>\n<p>Alkalisch eingestellter Felgenreiniger, der zuverl\u00e4ssig auch st\u00e4rkste Verschmutzungen entfernt. Wurde speziell f\u00fcr die Reinigung von Felgen im professionellen Bereich der maschinellen Fahrzeugreinigung entwickelt. Durch spezielle Verdunstungsverz\u00f6gerer und Haftkomponenten wird die zu reinigende Oberfl\u00e4che optimal benetzt. Beseitigt auch verkrustete Verschmutzungen und l\u00f6st den Schmutz effektiv und gr\u00fcndlich.<\/p>\n<p>Erh\u00e4ltlich in 25 Liter Kanister.<\/p>\n","protected":false},"featured_media":18530,"comment_status":"open","ping_status":"closed","template":"","meta":[],"product_cat":[42],"product_tag":[739,737,706,536,710,708,705,738,534,528,707],"_links":{"self":[{"href":"https:\/\/rogrotech.ch\/es\/wp-json\/wp\/v2\/product\/18529"}],"collection":[{"href":"https:\/\/rogrotech.ch\/es\/wp-json\/wp\/v2\/product"}],"about":[{"href":"https:\/\/rogrotech.ch\/es\/wp-json\/wp\/v2\/types\/product"}],"replies":[{"embeddable":true,"href":"https:\/\/rogrotech.ch\/es\/wp-json\/wp\/v2\/comments?post=18529"}],"version-history":[{"count":1,"href":"https:\/\/rogrotech.ch\/es\/wp-json\/wp\/v2\/product\/18529\/revisions"}],"predecessor-version":[{"id":18535,"href":"https:\/\/rogrotech.ch\/es\/wp-json\/wp\/v2\/product\/18529\/revisions\/18535"}],"wp:featuredmedia":[{"embeddable":true,"href":"https:\/\/rogrotech.ch\/es\/wp-json\/wp\/v2\/media\/18530"}],"wp:attachment":[{"href":"https:\/\/rogrotech.ch\/es\/wp-json\/wp\/v2\/media?parent=18529"}],"wp:term":[{"taxonomy":"product_cat","embeddable":true,"href":"https:\/\/rogrotech.ch\/es\/wp-json\/wp\/v2\/product_cat?post=18529"},{"taxonomy":"product_tag","embeddable":true,"href":"https:\/\/rogrotech.ch\/es\/wp-json\/wp\/v2\/product_tag?post=18529"}],"curies":[{"name":"wp","href":"https:\/\/api.w.org\/{rel}","templated":true}]}}