{"id":18598,"date":"2026-03-03T12:31:28","date_gmt":"2026-03-03T10:31:28","guid":{"rendered":"https:\/\/rogrotech.ch\/?post_type=product&#038;p=18598"},"modified":"2026-03-03T12:31:28","modified_gmt":"2026-03-03T10:31:28","slug":"564-descalerex-mild","status":"publish","type":"product","link":"https:\/\/rogrotech.ch\/es\/shop\/reinigungsmittel\/564-descalerex-mild\/","title":{"rendered":"564 Descalerex Mild"},"content":{"rendered":"","protected":false},"excerpt":{"rendered":"<p><em><span style=\"color: #ff0000\">Preis auf Anfrage<\/span><\/em><\/p>\n<p>Wirkungsvoller Schnellentkalker.<\/p>\n<p>Fl\u00fcssiger Reiniger zur schnellen und wirkungsvollen Entfernung von Kalkstein. Wesentlich materialschonender und schneller als Essig. Anwendungsbereich: Entkalker f\u00fcr alle s\u00e4urefesten Oberfl\u00e4chen. F\u00fcr Kaffeemaschinen, Pfannen, Wasserkocher, Luftbefeuchter, Chromstahlarmaturen und Becken, Tauchsieder, B\u00fcgeleisen, Geschirrsp\u00fcler.<\/p>\n<p>Erh\u00e4ltlich in 10 Liter Kanister.<\/p>\n","protected":false},"featured_media":18599,"comment_status":"open","ping_status":"closed","template":"","meta":[],"product_cat":[42],"product_tag":[809,806,804,524,523,807,534,805,528,613,808],"_links":{"self":[{"href":"https:\/\/rogrotech.ch\/es\/wp-json\/wp\/v2\/product\/18598"}],"collection":[{"href":"https:\/\/rogrotech.ch\/es\/wp-json\/wp\/v2\/product"}],"about":[{"href":"https:\/\/rogrotech.ch\/es\/wp-json\/wp\/v2\/types\/product"}],"replies":[{"embeddable":true,"href":"https:\/\/rogrotech.ch\/es\/wp-json\/wp\/v2\/comments?post=18598"}],"version-history":[{"count":1,"href":"https:\/\/rogrotech.ch\/es\/wp-json\/wp\/v2\/product\/18598\/revisions"}],"predecessor-version":[{"id":18604,"href":"https:\/\/rogrotech.ch\/es\/wp-json\/wp\/v2\/product\/18598\/revisions\/18604"}],"wp:featuredmedia":[{"embeddable":true,"href":"https:\/\/rogrotech.ch\/es\/wp-json\/wp\/v2\/media\/18599"}],"wp:attachment":[{"href":"https:\/\/rogrotech.ch\/es\/wp-json\/wp\/v2\/media?parent=18598"}],"wp:term":[{"taxonomy":"product_cat","embeddable":true,"href":"https:\/\/rogrotech.ch\/es\/wp-json\/wp\/v2\/product_cat?post=18598"},{"taxonomy":"product_tag","embeddable":true,"href":"https:\/\/rogrotech.ch\/es\/wp-json\/wp\/v2\/product_tag?post=18598"}],"curies":[{"name":"wp","href":"https:\/\/api.w.org\/{rel}","templated":true}]}}