{"id":18642,"date":"2026-03-04T04:25:38","date_gmt":"2026-03-04T02:25:38","guid":{"rendered":"https:\/\/rogrotech.ch\/?post_type=product&#038;p=18642"},"modified":"2026-03-04T04:25:38","modified_gmt":"2026-03-04T02:25:38","slug":"639-strong-gel","status":"publish","type":"product","link":"https:\/\/rogrotech.ch\/es\/shop\/reinigungsmittel\/639-strong-gel\/","title":{"rendered":"639 Strong Gel"},"content":{"rendered":"","protected":false},"excerpt":{"rendered":"<p><em><span style=\"color: #ff0000\">Preis auf Anfrage<\/span><\/em><\/p>\n<p>Hochaktiver WC-Grundreiniger in Gelform.<\/p>\n<p>Fl\u00fcssiger Reiniger zur wirkungsvollen und schnellen Entfernung von Kalkans\u00e4tzen und Urinstein. F\u00fcr WC-Sch\u00fcsseln und Pissoiranlagen. Gute Reinigungswirkung auch f\u00fcr andere Verschmutzungen. Durch die erh\u00f6hte Z\u00e4hfl\u00fcssigkeit (Viskosit\u00e4t) des Produktes haftet dieses l\u00e4nger auf vertikalen Oberfl\u00e4chen.<\/p>\n<p>Erh\u00e4ltlich in 10 Liter Kanister und 500ml PL-Flasche.<\/p>\n","protected":false},"featured_media":18643,"comment_status":"open","ping_status":"closed","template":"","meta":[],"product_cat":[42],"product_tag":[846,845,834,569,844,840,843,534,528,833,839,842],"_links":{"self":[{"href":"https:\/\/rogrotech.ch\/es\/wp-json\/wp\/v2\/product\/18642"}],"collection":[{"href":"https:\/\/rogrotech.ch\/es\/wp-json\/wp\/v2\/product"}],"about":[{"href":"https:\/\/rogrotech.ch\/es\/wp-json\/wp\/v2\/types\/product"}],"replies":[{"embeddable":true,"href":"https:\/\/rogrotech.ch\/es\/wp-json\/wp\/v2\/comments?post=18642"}],"version-history":[{"count":2,"href":"https:\/\/rogrotech.ch\/es\/wp-json\/wp\/v2\/product\/18642\/revisions"}],"predecessor-version":[{"id":18650,"href":"https:\/\/rogrotech.ch\/es\/wp-json\/wp\/v2\/product\/18642\/revisions\/18650"}],"wp:featuredmedia":[{"embeddable":true,"href":"https:\/\/rogrotech.ch\/es\/wp-json\/wp\/v2\/media\/18643"}],"wp:attachment":[{"href":"https:\/\/rogrotech.ch\/es\/wp-json\/wp\/v2\/media?parent=18642"}],"wp:term":[{"taxonomy":"product_cat","embeddable":true,"href":"https:\/\/rogrotech.ch\/es\/wp-json\/wp\/v2\/product_cat?post=18642"},{"taxonomy":"product_tag","embeddable":true,"href":"https:\/\/rogrotech.ch\/es\/wp-json\/wp\/v2\/product_tag?post=18642"}],"curies":[{"name":"wp","href":"https:\/\/api.w.org\/{rel}","templated":true}]}}