{"id":18685,"date":"2026-03-04T07:28:10","date_gmt":"2026-03-04T05:28:10","guid":{"rendered":"https:\/\/rogrotech.ch\/?post_type=product&#038;p=18685"},"modified":"2026-03-04T07:28:11","modified_gmt":"2026-03-04T05:28:11","slug":"729-super-activator","status":"publish","type":"product","link":"https:\/\/rogrotech.ch\/es\/shop\/reinigungsmittel\/729-super-activator\/","title":{"rendered":"729 Super Activator"},"content":{"rendered":"","protected":false},"excerpt":{"rendered":"<p><em><span style=\"color: #ff0000\">Preis auf Anfrage<\/span><\/em><\/p>\n<p>Wirkungsvoller Flugrostentferner.<\/p>\n<p>Entfernt schonend und materialvertr\u00e4glich Flugrost und Industriestaub von Lack- und lackierten Kunststoffoberfl\u00e4chen. F\u00fcr das ganze Fahrzeug geeignet.<\/p>\n<p>Erh\u00e4ltlich in 5 und 25 Liter Kanister.<\/p>\n","protected":false},"featured_media":18686,"comment_status":"open","ping_status":"closed","template":"","meta":[],"product_cat":[42],"product_tag":[876,875,872,536,836,870,534,874,543,528,873,871],"_links":{"self":[{"href":"https:\/\/rogrotech.ch\/es\/wp-json\/wp\/v2\/product\/18685"}],"collection":[{"href":"https:\/\/rogrotech.ch\/es\/wp-json\/wp\/v2\/product"}],"about":[{"href":"https:\/\/rogrotech.ch\/es\/wp-json\/wp\/v2\/types\/product"}],"replies":[{"embeddable":true,"href":"https:\/\/rogrotech.ch\/es\/wp-json\/wp\/v2\/comments?post=18685"}],"version-history":[{"count":1,"href":"https:\/\/rogrotech.ch\/es\/wp-json\/wp\/v2\/product\/18685\/revisions"}],"predecessor-version":[{"id":18691,"href":"https:\/\/rogrotech.ch\/es\/wp-json\/wp\/v2\/product\/18685\/revisions\/18691"}],"wp:featuredmedia":[{"embeddable":true,"href":"https:\/\/rogrotech.ch\/es\/wp-json\/wp\/v2\/media\/18686"}],"wp:attachment":[{"href":"https:\/\/rogrotech.ch\/es\/wp-json\/wp\/v2\/media?parent=18685"}],"wp:term":[{"taxonomy":"product_cat","embeddable":true,"href":"https:\/\/rogrotech.ch\/es\/wp-json\/wp\/v2\/product_cat?post=18685"},{"taxonomy":"product_tag","embeddable":true,"href":"https:\/\/rogrotech.ch\/es\/wp-json\/wp\/v2\/product_tag?post=18685"}],"curies":[{"name":"wp","href":"https:\/\/api.w.org\/{rel}","templated":true}]}}