{"id":18785,"date":"2026-03-11T06:03:36","date_gmt":"2026-03-11T04:03:36","guid":{"rendered":"https:\/\/rogrotech.ch\/?post_type=product&#038;p=18785"},"modified":"2026-03-12T07:30:35","modified_gmt":"2026-03-12T05:30:35","slug":"insekten-entferner-500ml","status":"publish","type":"product","link":"https:\/\/rogrotech.ch\/es\/shop\/xclean\/insekten-entferner-500ml\/","title":{"rendered":"Insekten Entferner 500ml"},"content":{"rendered":"","protected":false},"excerpt":{"rendered":"<p><em><span style=\"color: #ff0000\">Preis auf Anfrage<\/span><\/em><\/p>\n<p>Intensivreiniger und Schmutzl\u00f6ser zur schnellen Entfernung von Insektenresten, Vogelkot, \u00d6l, Fett, Smog, \u00dcbertankungen, Pigmentverschmutzungen, Abgasr\u00fcckst\u00e4nde auf Glas, Lack, Chrom und Kunststoff.<\/p>\n<p>Mindestbestellmenge 15 Stk.<\/p>\n","protected":false},"featured_media":18786,"comment_status":"open","ping_status":"closed","template":"","meta":[],"product_cat":[712],"product_tag":[1052,1044,1045,1051,1046,894,1050,1048,1047,1049,1053],"_links":{"self":[{"href":"https:\/\/rogrotech.ch\/es\/wp-json\/wp\/v2\/product\/18785"}],"collection":[{"href":"https:\/\/rogrotech.ch\/es\/wp-json\/wp\/v2\/product"}],"about":[{"href":"https:\/\/rogrotech.ch\/es\/wp-json\/wp\/v2\/types\/product"}],"replies":[{"embeddable":true,"href":"https:\/\/rogrotech.ch\/es\/wp-json\/wp\/v2\/comments?post=18785"}],"version-history":[{"count":1,"href":"https:\/\/rogrotech.ch\/es\/wp-json\/wp\/v2\/product\/18785\/revisions"}],"predecessor-version":[{"id":18791,"href":"https:\/\/rogrotech.ch\/es\/wp-json\/wp\/v2\/product\/18785\/revisions\/18791"}],"wp:featuredmedia":[{"embeddable":true,"href":"https:\/\/rogrotech.ch\/es\/wp-json\/wp\/v2\/media\/18786"}],"wp:attachment":[{"href":"https:\/\/rogrotech.ch\/es\/wp-json\/wp\/v2\/media?parent=18785"}],"wp:term":[{"taxonomy":"product_cat","embeddable":true,"href":"https:\/\/rogrotech.ch\/es\/wp-json\/wp\/v2\/product_cat?post=18785"},{"taxonomy":"product_tag","embeddable":true,"href":"https:\/\/rogrotech.ch\/es\/wp-json\/wp\/v2\/product_tag?post=18785"}],"curies":[{"name":"wp","href":"https:\/\/api.w.org\/{rel}","templated":true}]}}