{"id":18792,"date":"2026-03-11T06:07:38","date_gmt":"2026-03-11T04:07:38","guid":{"rendered":"https:\/\/rogrotech.ch\/?post_type=product&#038;p=18792"},"modified":"2026-03-12T07:30:24","modified_gmt":"2026-03-12T05:30:24","slug":"flugrost-entferner-500ml","status":"publish","type":"product","link":"https:\/\/rogrotech.ch\/es\/shop\/xclean\/flugrost-entferner-500ml\/","title":{"rendered":"Flugrost Entferner 500ml"},"content":{"rendered":"","protected":false},"excerpt":{"rendered":"<p><em><span style=\"color: #ff0000\">Preis auf Anfrage<\/span><\/em><\/p>\n<p>S\u00e4urehaltiger Tensidreiniger, entfernt zuverl\u00e4ssig Flugrost von harten Oberfl\u00e4chen. L\u00f6st das vorliegende Eisenoxidhydrat bzw. Kupferoxid von der Oberfl\u00e4che und bildet auf der ungesch\u00fctzten Eisenoberfl\u00e4che eine sch\u00fctzende Schicht.<\/p>\n<p>Mindestbestellmenge 15 Stk.<\/p>\n","protected":false},"featured_media":18793,"comment_status":"open","ping_status":"closed","template":"","meta":[],"product_cat":[712],"product_tag":[1056,1063,1057,1054,1062,1059,1061,1055,1060,1058,1064],"_links":{"self":[{"href":"https:\/\/rogrotech.ch\/es\/wp-json\/wp\/v2\/product\/18792"}],"collection":[{"href":"https:\/\/rogrotech.ch\/es\/wp-json\/wp\/v2\/product"}],"about":[{"href":"https:\/\/rogrotech.ch\/es\/wp-json\/wp\/v2\/types\/product"}],"replies":[{"embeddable":true,"href":"https:\/\/rogrotech.ch\/es\/wp-json\/wp\/v2\/comments?post=18792"}],"version-history":[{"count":1,"href":"https:\/\/rogrotech.ch\/es\/wp-json\/wp\/v2\/product\/18792\/revisions"}],"predecessor-version":[{"id":18798,"href":"https:\/\/rogrotech.ch\/es\/wp-json\/wp\/v2\/product\/18792\/revisions\/18798"}],"wp:featuredmedia":[{"embeddable":true,"href":"https:\/\/rogrotech.ch\/es\/wp-json\/wp\/v2\/media\/18793"}],"wp:attachment":[{"href":"https:\/\/rogrotech.ch\/es\/wp-json\/wp\/v2\/media?parent=18792"}],"wp:term":[{"taxonomy":"product_cat","embeddable":true,"href":"https:\/\/rogrotech.ch\/es\/wp-json\/wp\/v2\/product_cat?post=18792"},{"taxonomy":"product_tag","embeddable":true,"href":"https:\/\/rogrotech.ch\/es\/wp-json\/wp\/v2\/product_tag?post=18792"}],"curies":[{"name":"wp","href":"https:\/\/api.w.org\/{rel}","templated":true}]}}