{"id":18845,"date":"2026-03-11T06:48:05","date_gmt":"2026-03-11T04:48:05","guid":{"rendered":"https:\/\/rogrotech.ch\/?post_type=product&#038;p=18845"},"modified":"2026-03-12T07:28:19","modified_gmt":"2026-03-12T05:28:19","slug":"reinigungstuch-lederpflege","status":"publish","type":"product","link":"https:\/\/rogrotech.ch\/es\/shop\/xclean\/reinigungstuch-lederpflege\/","title":{"rendered":"Reinigungstuch Lederpflege"},"content":{"rendered":"","protected":false},"excerpt":{"rendered":"<p><em><span style=\"color: #ff0000\">Preis auf Anfrage<\/span><\/em><\/p>\n<p>F\u00fcr eine schnelle, einfache und gr\u00fcndliche Reinigung aller Oberfl\u00e4chen aus Leder. 1 Dose = 30 Reinigungst\u00fccher.<\/p>\n<p>Mindestbestellmenge 12 Stk.<\/p>\n","protected":false},"featured_media":0,"comment_status":"open","ping_status":"closed","template":"","meta":[],"product_cat":[712],"product_tag":[1157,1155,1159,1160,1154,1153,1161,1158,1162,1156,1163],"_links":{"self":[{"href":"https:\/\/rogrotech.ch\/es\/wp-json\/wp\/v2\/product\/18845"}],"collection":[{"href":"https:\/\/rogrotech.ch\/es\/wp-json\/wp\/v2\/product"}],"about":[{"href":"https:\/\/rogrotech.ch\/es\/wp-json\/wp\/v2\/types\/product"}],"replies":[{"embeddable":true,"href":"https:\/\/rogrotech.ch\/es\/wp-json\/wp\/v2\/comments?post=18845"}],"version-history":[{"count":1,"href":"https:\/\/rogrotech.ch\/es\/wp-json\/wp\/v2\/product\/18845\/revisions"}],"predecessor-version":[{"id":18846,"href":"https:\/\/rogrotech.ch\/es\/wp-json\/wp\/v2\/product\/18845\/revisions\/18846"}],"wp:attachment":[{"href":"https:\/\/rogrotech.ch\/es\/wp-json\/wp\/v2\/media?parent=18845"}],"wp:term":[{"taxonomy":"product_cat","embeddable":true,"href":"https:\/\/rogrotech.ch\/es\/wp-json\/wp\/v2\/product_cat?post=18845"},{"taxonomy":"product_tag","embeddable":true,"href":"https:\/\/rogrotech.ch\/es\/wp-json\/wp\/v2\/product_tag?post=18845"}],"curies":[{"name":"wp","href":"https:\/\/api.w.org\/{rel}","templated":true}]}}