{"id":18847,"date":"2026-03-11T06:58:12","date_gmt":"2026-03-11T04:58:12","guid":{"rendered":"https:\/\/rogrotech.ch\/?post_type=product&#038;p=18847"},"modified":"2026-03-12T07:28:05","modified_gmt":"2026-03-12T05:28:05","slug":"reinigungstuch-kunststoff-matt","status":"publish","type":"product","link":"https:\/\/rogrotech.ch\/es\/shop\/xclean\/reinigungstuch-kunststoff-matt\/","title":{"rendered":"Reinigungstuch Kunststoff MATT"},"content":{"rendered":"","protected":false},"excerpt":{"rendered":"<p><em><span style=\"color: #ff0000\">Preis auf Anfrage<\/span><\/em><\/p>\n<p>F\u00fcr Cockpit, Kunststoff innen und au\u00dfen, sowie die Innenverkleidungen. In der praktischen, wiederverschlie\u00dfbaren PE-Spenderbox. Die T\u00fccher sch\u00fctzen die Kunststoffteile vor Br\u00fcchigkeit und sorgen f\u00fcr einen EASY-TO-CLEAN-EFFEKT.<\/p>\n<p>Mindestbestellmenge 12 Stk.<\/p>\n","protected":false},"featured_media":0,"comment_status":"open","ping_status":"closed","template":"","meta":[],"product_cat":[712],"product_tag":[1173,1170,1165,1167,1169,1164,1166,1171,1172,1168,1174],"_links":{"self":[{"href":"https:\/\/rogrotech.ch\/es\/wp-json\/wp\/v2\/product\/18847"}],"collection":[{"href":"https:\/\/rogrotech.ch\/es\/wp-json\/wp\/v2\/product"}],"about":[{"href":"https:\/\/rogrotech.ch\/es\/wp-json\/wp\/v2\/types\/product"}],"replies":[{"embeddable":true,"href":"https:\/\/rogrotech.ch\/es\/wp-json\/wp\/v2\/comments?post=18847"}],"version-history":[{"count":1,"href":"https:\/\/rogrotech.ch\/es\/wp-json\/wp\/v2\/product\/18847\/revisions"}],"predecessor-version":[{"id":18848,"href":"https:\/\/rogrotech.ch\/es\/wp-json\/wp\/v2\/product\/18847\/revisions\/18848"}],"wp:attachment":[{"href":"https:\/\/rogrotech.ch\/es\/wp-json\/wp\/v2\/media?parent=18847"}],"wp:term":[{"taxonomy":"product_cat","embeddable":true,"href":"https:\/\/rogrotech.ch\/es\/wp-json\/wp\/v2\/product_cat?post=18847"},{"taxonomy":"product_tag","embeddable":true,"href":"https:\/\/rogrotech.ch\/es\/wp-json\/wp\/v2\/product_tag?post=18847"}],"curies":[{"name":"wp","href":"https:\/\/api.w.org\/{rel}","templated":true}]}}