{"id":18849,"date":"2026-03-11T06:59:00","date_gmt":"2026-03-11T04:59:00","guid":{"rendered":"https:\/\/rogrotech.ch\/?post_type=product&#038;p=18849"},"modified":"2026-03-12T07:27:50","modified_gmt":"2026-03-12T05:27:50","slug":"reinigungstuch-scheiben","status":"publish","type":"product","link":"https:\/\/rogrotech.ch\/es\/shop\/xclean\/reinigungstuch-scheiben\/","title":{"rendered":"Reinigungstuch Scheiben"},"content":{"rendered":"","protected":false},"excerpt":{"rendered":"<p><em><span style=\"color: #ff0000\">Preis auf Anfrage<\/span><\/em><\/p>\n<p>F\u00fcr Scheiben, Glas, Spiegel und sonstige glatte Fl\u00e4chen innen und aussen. 1 Dose = 30 Reinigungst\u00fccher.<\/p>\n<p>Mindestbestellmenge 12 Stk.<\/p>\n","protected":false},"featured_media":0,"comment_status":"open","ping_status":"closed","template":"","meta":[],"product_cat":[712],"product_tag":[1179,1183,1176,1182,1181,1175,915,1177,1180,1178,1184],"_links":{"self":[{"href":"https:\/\/rogrotech.ch\/es\/wp-json\/wp\/v2\/product\/18849"}],"collection":[{"href":"https:\/\/rogrotech.ch\/es\/wp-json\/wp\/v2\/product"}],"about":[{"href":"https:\/\/rogrotech.ch\/es\/wp-json\/wp\/v2\/types\/product"}],"replies":[{"embeddable":true,"href":"https:\/\/rogrotech.ch\/es\/wp-json\/wp\/v2\/comments?post=18849"}],"version-history":[{"count":1,"href":"https:\/\/rogrotech.ch\/es\/wp-json\/wp\/v2\/product\/18849\/revisions"}],"predecessor-version":[{"id":18850,"href":"https:\/\/rogrotech.ch\/es\/wp-json\/wp\/v2\/product\/18849\/revisions\/18850"}],"wp:attachment":[{"href":"https:\/\/rogrotech.ch\/es\/wp-json\/wp\/v2\/media?parent=18849"}],"wp:term":[{"taxonomy":"product_cat","embeddable":true,"href":"https:\/\/rogrotech.ch\/es\/wp-json\/wp\/v2\/product_cat?post=18849"},{"taxonomy":"product_tag","embeddable":true,"href":"https:\/\/rogrotech.ch\/es\/wp-json\/wp\/v2\/product_tag?post=18849"}],"curies":[{"name":"wp","href":"https:\/\/api.w.org\/{rel}","templated":true}]}}