{"id":18867,"date":"2026-03-11T07:19:00","date_gmt":"2026-03-11T05:19:00","guid":{"rendered":"https:\/\/rogrotech.ch\/?post_type=product&#038;p=18867"},"modified":"2026-03-12T07:27:07","modified_gmt":"2026-03-12T05:27:07","slug":"autoparfum-citrus-fresh-100ml","status":"publish","type":"product","link":"https:\/\/rogrotech.ch\/es\/shop\/xclean\/autoparfum-citrus-fresh-100ml\/","title":{"rendered":"Autoparfum CITRUS FRESH 100ml"},"content":{"rendered":"","protected":false},"excerpt":{"rendered":"<p><em><span style=\"color: #ff0000\">Preis auf Anfrage<\/span><\/em><\/p>\n<p>Sorgt f\u00fcr angenehmen und lang anhaltenden Duft. Mit AIR-TECH-Technologie, werden schlechte Ger\u00fcche effektiv neutralisiert, die Duftnote sorgt f\u00fcr den angenehmen Geruch.<\/p>\n<p>Mindestbestellmenge 24 Stk.<\/p>\n","protected":false},"featured_media":18868,"comment_status":"open","ping_status":"closed","template":"","meta":[],"product_cat":[712],"product_tag":[1213,1188,1212,1207,1215,1209,1214,1211,1210,1216,1208],"_links":{"self":[{"href":"https:\/\/rogrotech.ch\/es\/wp-json\/wp\/v2\/product\/18867"}],"collection":[{"href":"https:\/\/rogrotech.ch\/es\/wp-json\/wp\/v2\/product"}],"about":[{"href":"https:\/\/rogrotech.ch\/es\/wp-json\/wp\/v2\/types\/product"}],"replies":[{"embeddable":true,"href":"https:\/\/rogrotech.ch\/es\/wp-json\/wp\/v2\/comments?post=18867"}],"version-history":[{"count":1,"href":"https:\/\/rogrotech.ch\/es\/wp-json\/wp\/v2\/product\/18867\/revisions"}],"predecessor-version":[{"id":18873,"href":"https:\/\/rogrotech.ch\/es\/wp-json\/wp\/v2\/product\/18867\/revisions\/18873"}],"wp:featuredmedia":[{"embeddable":true,"href":"https:\/\/rogrotech.ch\/es\/wp-json\/wp\/v2\/media\/18868"}],"wp:attachment":[{"href":"https:\/\/rogrotech.ch\/es\/wp-json\/wp\/v2\/media?parent=18867"}],"wp:term":[{"taxonomy":"product_cat","embeddable":true,"href":"https:\/\/rogrotech.ch\/es\/wp-json\/wp\/v2\/product_cat?post=18867"},{"taxonomy":"product_tag","embeddable":true,"href":"https:\/\/rogrotech.ch\/es\/wp-json\/wp\/v2\/product_tag?post=18867"}],"curies":[{"name":"wp","href":"https:\/\/api.w.org\/{rel}","templated":true}]}}