{"id":18909,"date":"2026-03-11T07:28:33","date_gmt":"2026-03-11T05:28:33","guid":{"rendered":"https:\/\/rogrotech.ch\/?post_type=product&#038;p=18909"},"modified":"2026-03-30T06:03:32","modified_gmt":"2026-03-30T04:03:32","slug":"gummifrisch-500ml","status":"publish","type":"product","link":"https:\/\/rogrotech.ch\/es\/shop\/xclean\/gummifrisch-500ml\/","title":{"rendered":"Gummifrisch 500ml"},"content":{"rendered":"","protected":false},"excerpt":{"rendered":"<p><em><span style=\"color: #ff0000\">Preis auf Anfrage<\/span><\/em><\/p>\n<p>Mit Antirutsch-Formel. Mattpflege von Reifen, Fu\u00dfmatten, T\u00fcrdichtungen, Gummimatten etc. Verleiht den gepflegten Teilen eine h\u00f6here Lebensdauer, mehr Elastizit\u00e4t und Farbtiefe. Geruchsneutral, kann auch im Innenraum angewendet werden.<\/p>\n<p>Mindestbestellmenge 15 Stk.<\/p>\n","protected":false},"featured_media":18910,"comment_status":"open","ping_status":"closed","template":"","meta":[],"product_cat":[712],"product_tag":[1274,1278,1279,1271,1273,1277,1272,1280,1276,1275,1281],"_links":{"self":[{"href":"https:\/\/rogrotech.ch\/es\/wp-json\/wp\/v2\/product\/18909"}],"collection":[{"href":"https:\/\/rogrotech.ch\/es\/wp-json\/wp\/v2\/product"}],"about":[{"href":"https:\/\/rogrotech.ch\/es\/wp-json\/wp\/v2\/types\/product"}],"replies":[{"embeddable":true,"href":"https:\/\/rogrotech.ch\/es\/wp-json\/wp\/v2\/comments?post=18909"}],"version-history":[{"count":1,"href":"https:\/\/rogrotech.ch\/es\/wp-json\/wp\/v2\/product\/18909\/revisions"}],"predecessor-version":[{"id":18915,"href":"https:\/\/rogrotech.ch\/es\/wp-json\/wp\/v2\/product\/18909\/revisions\/18915"}],"wp:featuredmedia":[{"embeddable":true,"href":"https:\/\/rogrotech.ch\/es\/wp-json\/wp\/v2\/media\/18910"}],"wp:attachment":[{"href":"https:\/\/rogrotech.ch\/es\/wp-json\/wp\/v2\/media?parent=18909"}],"wp:term":[{"taxonomy":"product_cat","embeddable":true,"href":"https:\/\/rogrotech.ch\/es\/wp-json\/wp\/v2\/product_cat?post=18909"},{"taxonomy":"product_tag","embeddable":true,"href":"https:\/\/rogrotech.ch\/es\/wp-json\/wp\/v2\/product_tag?post=18909"}],"curies":[{"name":"wp","href":"https:\/\/api.w.org\/{rel}","templated":true}]}}