{"id":18916,"date":"2026-03-11T07:29:52","date_gmt":"2026-03-11T05:29:52","guid":{"rendered":"https:\/\/rogrotech.ch\/?post_type=product&#038;p=18916"},"modified":"2026-03-12T06:29:48","modified_gmt":"2026-03-12T04:29:48","slug":"clay-coach","status":"publish","type":"product","link":"https:\/\/rogrotech.ch\/es\/shop\/xclean\/clay-coach\/","title":{"rendered":"Clay Coach"},"content":{"rendered":"","protected":false},"excerpt":{"rendered":"<p><em><span style=\"color: #ff0000\">Preis auf Anfrage<\/span><\/em><\/p>\n<p>Mildes silikonfreies Gleitmittel zur effektiven Anwendung von Reinigungsknete, Clay-Pads und Magic Clay Handschuh. R\u00fcckstandsarm und lackierst\u00f6rungsfrei. Durch eine hervorragende Gleitwirkung wird ein Verkratzen der Oberfl\u00e4che im Reinigungsprozess minimiert. Hinterl\u00e4sst keinen Schmierfilm. R\u00fcckst\u00e4nde sind sehr einfach mittels Microfasertuch abwischbar. Anwendungsgebiete: Glatte Oberfl\u00e4chen wie Lack, Glas etc.<\/p>\n<p>Mindestbestellmenge 15 Stk.<\/p>\n","protected":false},"featured_media":0,"comment_status":"open","ping_status":"closed","template":"","meta":[],"product_cat":[712],"product_tag":[1291,1283,1282,1289,1287,1288,1284,1290,1285,1286,1292],"_links":{"self":[{"href":"https:\/\/rogrotech.ch\/es\/wp-json\/wp\/v2\/product\/18916"}],"collection":[{"href":"https:\/\/rogrotech.ch\/es\/wp-json\/wp\/v2\/product"}],"about":[{"href":"https:\/\/rogrotech.ch\/es\/wp-json\/wp\/v2\/types\/product"}],"replies":[{"embeddable":true,"href":"https:\/\/rogrotech.ch\/es\/wp-json\/wp\/v2\/comments?post=18916"}],"version-history":[{"count":1,"href":"https:\/\/rogrotech.ch\/es\/wp-json\/wp\/v2\/product\/18916\/revisions"}],"predecessor-version":[{"id":18917,"href":"https:\/\/rogrotech.ch\/es\/wp-json\/wp\/v2\/product\/18916\/revisions\/18917"}],"wp:attachment":[{"href":"https:\/\/rogrotech.ch\/es\/wp-json\/wp\/v2\/media?parent=18916"}],"wp:term":[{"taxonomy":"product_cat","embeddable":true,"href":"https:\/\/rogrotech.ch\/es\/wp-json\/wp\/v2\/product_cat?post=18916"},{"taxonomy":"product_tag","embeddable":true,"href":"https:\/\/rogrotech.ch\/es\/wp-json\/wp\/v2\/product_tag?post=18916"}],"curies":[{"name":"wp","href":"https:\/\/api.w.org\/{rel}","templated":true}]}}