{"id":2921,"date":"2019-09-12T11:42:25","date_gmt":"2019-09-12T09:42:25","guid":{"rendered":"http:\/\/rogrotech.ch\/?post_type=product&#038;p=2921"},"modified":"2023-03-20T15:16:31","modified_gmt":"2023-03-20T13:16:31","slug":"schraegrohrduese-o-50-mm","status":"publish","type":"product","link":"https:\/\/rogrotech.ch\/es\/shop\/carwash-waschnlagen\/carwash-ersatzteile\/schraegrohrduese-o-50-mm\/","title":{"rendered":"Schr\u00e4grohrd\u00fcse \u00d8 50 mm"},"content":{"rendered":"","protected":false},"excerpt":{"rendered":"<p>Preis auf Anfrage<\/p>\n","protected":false},"featured_media":2931,"comment_status":"open","ping_status":"closed","template":"","meta":[],"product_cat":[395,393,65],"product_tag":[],"_links":{"self":[{"href":"https:\/\/rogrotech.ch\/es\/wp-json\/wp\/v2\/product\/2921"}],"collection":[{"href":"https:\/\/rogrotech.ch\/es\/wp-json\/wp\/v2\/product"}],"about":[{"href":"https:\/\/rogrotech.ch\/es\/wp-json\/wp\/v2\/types\/product"}],"replies":[{"embeddable":true,"href":"https:\/\/rogrotech.ch\/es\/wp-json\/wp\/v2\/comments?post=2921"}],"version-history":[{"count":2,"href":"https:\/\/rogrotech.ch\/es\/wp-json\/wp\/v2\/product\/2921\/revisions"}],"predecessor-version":[{"id":16698,"href":"https:\/\/rogrotech.ch\/es\/wp-json\/wp\/v2\/product\/2921\/revisions\/16698"}],"wp:featuredmedia":[{"embeddable":true,"href":"https:\/\/rogrotech.ch\/es\/wp-json\/wp\/v2\/media\/2931"}],"wp:attachment":[{"href":"https:\/\/rogrotech.ch\/es\/wp-json\/wp\/v2\/media?parent=2921"}],"wp:term":[{"taxonomy":"product_cat","embeddable":true,"href":"https:\/\/rogrotech.ch\/es\/wp-json\/wp\/v2\/product_cat?post=2921"},{"taxonomy":"product_tag","embeddable":true,"href":"https:\/\/rogrotech.ch\/es\/wp-json\/wp\/v2\/product_tag?post=2921"}],"curies":[{"name":"wp","href":"https:\/\/api.w.org\/{rel}","templated":true}]}}