{"id":3048,"date":"2019-09-16T13:38:07","date_gmt":"2019-09-16T11:38:07","guid":{"rendered":"http:\/\/rogrotech.ch\/?post_type=product&#038;p=3048"},"modified":"2022-08-31T14:14:15","modified_gmt":"2022-08-31T12:14:15","slug":"nilfisk-select-staubsauger","status":"publish","type":"product","link":"https:\/\/rogrotech.ch\/es\/shop\/reinigungsgeraete\/sauger\/heimundhobbysauger\/nilfisk-select-staubsauger\/","title":{"rendered":"Nilfisk Select Staubsauger"},"content":{"rendered":"<p>Der Trockensauger Nilfisk Select ist die richtige Wahl f\u00fcr alle, die exzellente Reinigungsergebnisse erwarten. Die Energieeffizienzklasse A steht stellvertretend f\u00fcr eine ganzheitliche Produktoptimierung.<\/p>\n<div>\n<p>Einzigartiges skandinavisches Design<\/p>\n<p>Die Umwelt und Sie als Anwender waren im Focus bei der Entwicklung des neuen Trockensaugers Nilfisk Select. Seine Filtration, die Reinigungsleistung und Benutzerfreundlichkeit machen diesen Staubsauger aussergew\u00f6hnlich und bedeuten einen neuen Standard in der Reinigungstechnik. \u00dcber 100 Jahre Erfahrung und bestes Design Know-how sind in die Entwicklung dieser Maschinen eingeflossen. Diese erf\u00fcllen somit Ihre Erwartungen an die Nilfisk Qualit\u00e4t.<\/p>\n<p>Wohnr\u00e4ume haben heute ein hohes Mass an Staub und Schwebeteilchen und Allergien verbreiten sich immer mehr und mehr. Der Nilfisk Select reduziert die Staubbelastung in Ihrem Haus dank der Staubemissionsklasse \u201eA\u201c und standardm\u00e4ssig mind. HEPA 13 Filter. Der HEPA 13 Filter stellt eine sichere Reinigung dar, denn durch den Filtereinsatz gelingt den Staubpartikeln der Wiedereintritt in Ihr Zuhause nicht.<\/p>\n<p>Ein noch h\u00f6heres Mass an Schutz bietet der Nilfisk Select Allergy. Dieses Modell ist mit einem HEPA 14 Filter ausgestattet. HEPA-Filter 13 und 14 sind in der Lage, selbst mikroskopisch kleine Partikel aufzunehmen und geben die gefilterte Luft sogar sauberer ab als sie vorher war.<\/p>\n<p>Der Nilfisk Select ist handlich genug, um leicht aufbewahrt zu werden. Jedoch wurden die neuesten Funktionen, die Sie von einem gr\u00f6sseren Staubsauger erwarten, beibehalten.<\/p>\n<\/div>\n<ul>\n<li>Wenn Sie einen Nilfisk w\u00e4hlen, entscheiden Sie sich f\u00fcr den Inbegriff an Design und Funktionalit\u00e4t. Hervorragendes Design, einfach zu bedienen und Zubeh\u00f6rteile zur Hand, wenn Sie diese ben\u00f6tigen.<\/li>\n<li>Reinigungsklasse \u201cC\u201d auf Teppich und \u201cA\u201d auf Hartboden.<\/li>\n<li>Nilfisk ist seit dem Jahr 1906 als professioneller Hersteller von Staubsaugern t\u00e4tig. Dank 5 Jahren Garantie ist das Staubsaugen viele Jahre lang f\u00fcr Sie sorgenfrei.<\/li>\n<li>Die komplette Nilfisk Select Reihe ist so konzipiert, dass die eingesaugte Luft in den HEPA Filter gelangt, und diesen als hygienisch reine, partikelfreie Abluft verl\u00e4sst.<\/li>\n<li style=\"list-style-type: none;\"><\/li>\n<\/ul>\n","protected":false},"excerpt":{"rendered":"<p>Preis auf Anfrage<\/p>\n","protected":false},"featured_media":3054,"comment_status":"open","ping_status":"closed","template":"","meta":[],"product_cat":[44],"product_tag":[],"_links":{"self":[{"href":"https:\/\/rogrotech.ch\/es\/wp-json\/wp\/v2\/product\/3048"}],"collection":[{"href":"https:\/\/rogrotech.ch\/es\/wp-json\/wp\/v2\/product"}],"about":[{"href":"https:\/\/rogrotech.ch\/es\/wp-json\/wp\/v2\/types\/product"}],"replies":[{"embeddable":true,"href":"https:\/\/rogrotech.ch\/es\/wp-json\/wp\/v2\/comments?post=3048"}],"version-history":[{"count":3,"href":"https:\/\/rogrotech.ch\/es\/wp-json\/wp\/v2\/product\/3048\/revisions"}],"predecessor-version":[{"id":16704,"href":"https:\/\/rogrotech.ch\/es\/wp-json\/wp\/v2\/product\/3048\/revisions\/16704"}],"wp:featuredmedia":[{"embeddable":true,"href":"https:\/\/rogrotech.ch\/es\/wp-json\/wp\/v2\/media\/3054"}],"wp:attachment":[{"href":"https:\/\/rogrotech.ch\/es\/wp-json\/wp\/v2\/media?parent=3048"}],"wp:term":[{"taxonomy":"product_cat","embeddable":true,"href":"https:\/\/rogrotech.ch\/es\/wp-json\/wp\/v2\/product_cat?post=3048"},{"taxonomy":"product_tag","embeddable":true,"href":"https:\/\/rogrotech.ch\/es\/wp-json\/wp\/v2\/product_tag?post=3048"}],"curies":[{"name":"wp","href":"https:\/\/api.w.org\/{rel}","templated":true}]}}