{"id":3067,"date":"2019-09-16T14:14:35","date_gmt":"2019-09-16T12:14:35","guid":{"rendered":"http:\/\/rogrotech.ch\/?post_type=product&#038;p=3067"},"modified":"2022-08-31T14:07:41","modified_gmt":"2022-08-31T12:07:41","slug":"gm80-c-eu","status":"publish","type":"product","link":"https:\/\/rogrotech.ch\/es\/shop\/reinigungsgeraete\/sauger\/heimundhobbysauger\/gm80-c-eu\/","title":{"rendered":"Nilfisk GM 80 C EU Trockensauger"},"content":{"rendered":"<p>Nilfisk GM 80 &#8211; der beliebte Klassiker von Nilfisk \u00fcberzeugt seit Generationen durch sein ungew\u00f6hnliches und robustes Design, sowie durch seine besonders hohe Leistung.<\/p>\n<div>\n<p>Die Modelle Nilfisk GM 80, und GM80 C EU sind Zeichen von h\u00f6chster Nilfisk Qualit\u00e4t. Sie widerspiegeln Eleganz, St\u00e4rke, Langlebigkeit und hohe Leistung f\u00fcr viele Jahre effizienter Reinigung.<\/p>\n<\/div>\n<ul>\n<li>Besonders robustes Design<\/li>\n<li>Hohe Saugleistung und Staubaufnahme<\/li>\n<li>Variabel mit oder ohne Staubbeutel einsetzbar<\/li>\n<li>Besonders leise<\/li>\n<li style=\"list-style-type: none;\"><\/li>\n<\/ul>\n","protected":false},"excerpt":{"rendered":"<p>Preis auf Anfrage<\/p>\n","protected":false},"featured_media":3068,"comment_status":"open","ping_status":"closed","template":"","meta":[],"product_cat":[44],"product_tag":[],"_links":{"self":[{"href":"https:\/\/rogrotech.ch\/es\/wp-json\/wp\/v2\/product\/3067"}],"collection":[{"href":"https:\/\/rogrotech.ch\/es\/wp-json\/wp\/v2\/product"}],"about":[{"href":"https:\/\/rogrotech.ch\/es\/wp-json\/wp\/v2\/types\/product"}],"replies":[{"embeddable":true,"href":"https:\/\/rogrotech.ch\/es\/wp-json\/wp\/v2\/comments?post=3067"}],"version-history":[{"count":5,"href":"https:\/\/rogrotech.ch\/es\/wp-json\/wp\/v2\/product\/3067\/revisions"}],"predecessor-version":[{"id":16705,"href":"https:\/\/rogrotech.ch\/es\/wp-json\/wp\/v2\/product\/3067\/revisions\/16705"}],"wp:featuredmedia":[{"embeddable":true,"href":"https:\/\/rogrotech.ch\/es\/wp-json\/wp\/v2\/media\/3068"}],"wp:attachment":[{"href":"https:\/\/rogrotech.ch\/es\/wp-json\/wp\/v2\/media?parent=3067"}],"wp:term":[{"taxonomy":"product_cat","embeddable":true,"href":"https:\/\/rogrotech.ch\/es\/wp-json\/wp\/v2\/product_cat?post=3067"},{"taxonomy":"product_tag","embeddable":true,"href":"https:\/\/rogrotech.ch\/es\/wp-json\/wp\/v2\/product_tag?post=3067"}],"curies":[{"name":"wp","href":"https:\/\/api.w.org\/{rel}","templated":true}]}}