{"id":3080,"date":"2019-09-16T14:49:27","date_gmt":"2019-09-16T12:49:27","guid":{"rendered":"http:\/\/rogrotech.ch\/?post_type=product&#038;p=3080"},"modified":"2022-08-31T12:36:34","modified_gmt":"2022-08-31T10:36:34","slug":"viper-dsu-series","status":"publish","type":"product","link":"https:\/\/rogrotech.ch\/es\/shop\/reinigungsgeraete\/bodenreinigung\/viper-dsu-series\/","title":{"rendered":"Viper DSU15-EU1 15L Dry Vac with HEPA FILTER"},"content":{"rendered":"<div>\n<div id=\"more\">\n<p>Die Sauger eignen sich ideal zum Reinigen von B\u00fcror\u00e4umen, Hotelzimmern und Ladengesch\u00e4ften sowie f\u00fcr \u00e4hnliche Anwendungen in der gewerblichen Reinigung.<\/p>\n<div>\n<p>Der VIPER DSU Trockensauger ist ein einfacher, robuster und umweltfreundlicher Gewerbesauger. Die Maschine besticht durch ihr ansprechendes Design und durch zahlreiche M\u00f6glichkeiten und Features. Die Sauger der VIPER DSU Baureihe sind bereits ab Werk mit umfangreichem Zubeh\u00f6r ausgestattet, somit ist dieser Trockensauger f\u00fcr die unterschiedlichsten Reinigungsanforderungen pr\u00e4destiniert. Das ECO-System (Modellabh\u00e4ngig) hilft beim Energiesparen, falls keine hohe Saugleistung ben\u00f6tigt wird.<\/p>\n<\/div>\n<ul>\n<li>Einfache Bedienung und Service<\/li>\n<li>Optimale Saugleistung<\/li>\n<li>Grosse Filterkapazit\u00e4t<\/li>\n<li>Einfach, zuverl\u00e4ssig und robust<\/li>\n<li>Niedriges Ger\u00e4uschniveau<\/li>\n<li>Stapelbar<\/li>\n<li>HEPA Filter optional erh\u00e4ltlich (VA85065)<\/li>\n<li>ECO-System zur Einsparung von Energie (DSU12 und DSU15)<\/li>\n<li style=\"list-style-type: none;\"><\/li>\n<\/ul>\n<\/div>\n<\/div>\n","protected":false},"excerpt":{"rendered":"<p>Preis auf Anfrage<\/p>\n","protected":false},"featured_media":3082,"comment_status":"open","ping_status":"closed","template":"","meta":[],"product_cat":[39],"product_tag":[],"_links":{"self":[{"href":"https:\/\/rogrotech.ch\/es\/wp-json\/wp\/v2\/product\/3080"}],"collection":[{"href":"https:\/\/rogrotech.ch\/es\/wp-json\/wp\/v2\/product"}],"about":[{"href":"https:\/\/rogrotech.ch\/es\/wp-json\/wp\/v2\/types\/product"}],"replies":[{"embeddable":true,"href":"https:\/\/rogrotech.ch\/es\/wp-json\/wp\/v2\/comments?post=3080"}],"version-history":[{"count":3,"href":"https:\/\/rogrotech.ch\/es\/wp-json\/wp\/v2\/product\/3080\/revisions"}],"predecessor-version":[{"id":16668,"href":"https:\/\/rogrotech.ch\/es\/wp-json\/wp\/v2\/product\/3080\/revisions\/16668"}],"wp:featuredmedia":[{"embeddable":true,"href":"https:\/\/rogrotech.ch\/es\/wp-json\/wp\/v2\/media\/3082"}],"wp:attachment":[{"href":"https:\/\/rogrotech.ch\/es\/wp-json\/wp\/v2\/media?parent=3080"}],"wp:term":[{"taxonomy":"product_cat","embeddable":true,"href":"https:\/\/rogrotech.ch\/es\/wp-json\/wp\/v2\/product_cat?post=3080"},{"taxonomy":"product_tag","embeddable":true,"href":"https:\/\/rogrotech.ch\/es\/wp-json\/wp\/v2\/product_tag?post=3080"}],"curies":[{"name":"wp","href":"https:\/\/api.w.org\/{rel}","templated":true}]}}