{"id":3092,"date":"2019-09-16T15:11:43","date_gmt":"2019-09-16T13:11:43","guid":{"rendered":"http:\/\/rogrotech.ch\/?post_type=product&#038;p=3092"},"modified":"2022-08-31T14:02:34","modified_gmt":"2022-08-31T12:02:34","slug":"viper-lsu-395-nass-trockensauger","status":"publish","type":"product","link":"https:\/\/rogrotech.ch\/es\/shop\/reinigungsgeraete\/sauger\/gewerbesauger\/nass-trockensauger\/viper-lsu-395-nass-trockensauger\/","title":{"rendered":"Viper LSU 395 Nass-\/Trockensauger"},"content":{"rendered":"<p>Der VIPER LSU 395 ist ein Nass-\/ Trockensauger f\u00fcr professionelle Anwendungen. Er ist leicht und einfach zu bedienen, robust und verf\u00fcgt \u00fcber eine optimale Saugleistung.<\/p>\n<div>\n<p>Die VIPER LSU Produktfamilie ist modular aufgebaut und verf\u00fcgt \u00fcber unterschiedliche Beh\u00e4ltergr\u00f6ssen. Die LSU 395 besitzt eine Beh\u00e4lterkapazit\u00e4t von 95 Liter und verf\u00fcgt \u00fcber drei voneinander getrennt steuerbare Saugturbinen. Sie haben die Auswahl zwischen einem Tank aus Edelstahl oder einem Kunststofftank. Der Kunststofftank ist lichtdurchl\u00e4ssig, dadurch l\u00e4sst sich der aktuelle F\u00fcllstand sehr leicht erkennen. Zus\u00e4tzlich ist an diesem Modell ein Ablaufschlauch angebracht. So kann der Beh\u00e4lter ohne ein Abnehmen des Motorkopfes einfach geleert werden. Die grossen Hinterr\u00e4der und die lenkf\u00e4higen Vorderr\u00e4der gew\u00e4hrleisten eine hohe Man\u00f6vrierf\u00e4higkeit. Standardm\u00e4ssig ist die Maschine mit einem umfangreichen Zubeh\u00f6r, wie Fugend\u00fcse, einer runden Staubb\u00fcrste, einer Nassd\u00fcse sowie eine Trockensaugd\u00fcse, ausgestattet.<\/p>\n<\/div>\n<ul class=\"productKeySellingPoints\">\n<li style=\"list-style-type: none;\">\n<ul>\n<li>Einfache Bedienung und Wartung<\/li>\n<li>Drei getrennt steuerbare Motoren<\/li>\n<li>Optimale Saugleistung<\/li>\n<li>Ablassschlauch Robustes Geh\u00e4use<\/li>\n<li>Grosse Hinterr\u00e4der und lenkf\u00e4hige Vorderr\u00e4der<\/li>\n<li>Kabelaufnahme &amp; Zubeh\u00f6rhalterung<\/li>\n<li>F\u00fcr den Nass \/ und Trockeneinsatz ausgelegt<\/li>\n<li>EU\/UK Versionen erh\u00e4ltlich<\/li>\n<\/ul>\n<\/li>\n<\/ul>\n","protected":false},"excerpt":{"rendered":"<p>Preis auf Anfrage<\/p>\n","protected":false},"featured_media":3094,"comment_status":"open","ping_status":"closed","template":"","meta":[],"product_cat":[62],"product_tag":[],"_links":{"self":[{"href":"https:\/\/rogrotech.ch\/es\/wp-json\/wp\/v2\/product\/3092"}],"collection":[{"href":"https:\/\/rogrotech.ch\/es\/wp-json\/wp\/v2\/product"}],"about":[{"href":"https:\/\/rogrotech.ch\/es\/wp-json\/wp\/v2\/types\/product"}],"replies":[{"embeddable":true,"href":"https:\/\/rogrotech.ch\/es\/wp-json\/wp\/v2\/comments?post=3092"}],"version-history":[{"count":2,"href":"https:\/\/rogrotech.ch\/es\/wp-json\/wp\/v2\/product\/3092\/revisions"}],"predecessor-version":[{"id":16671,"href":"https:\/\/rogrotech.ch\/es\/wp-json\/wp\/v2\/product\/3092\/revisions\/16671"}],"wp:featuredmedia":[{"embeddable":true,"href":"https:\/\/rogrotech.ch\/es\/wp-json\/wp\/v2\/media\/3094"}],"wp:attachment":[{"href":"https:\/\/rogrotech.ch\/es\/wp-json\/wp\/v2\/media?parent=3092"}],"wp:term":[{"taxonomy":"product_cat","embeddable":true,"href":"https:\/\/rogrotech.ch\/es\/wp-json\/wp\/v2\/product_cat?post=3092"},{"taxonomy":"product_tag","embeddable":true,"href":"https:\/\/rogrotech.ch\/es\/wp-json\/wp\/v2\/product_tag?post=3092"}],"curies":[{"name":"wp","href":"https:\/\/api.w.org\/{rel}","templated":true}]}}