{"id":3119,"date":"2019-09-17T09:24:24","date_gmt":"2019-09-17T07:24:24","guid":{"rendered":"http:\/\/rogrotech.ch\/?post_type=product&#038;p=3119"},"modified":"2022-08-31T13:07:00","modified_gmt":"2022-08-31T11:07:00","slug":"viper-as430-510-scheuersaugmaschine","status":"publish","type":"product","link":"https:\/\/rogrotech.ch\/es\/shop\/reinigungsgeraete\/bodenreinigung\/scheuersaugmaschine\/viper-as430-510-scheuersaugmaschine\/","title":{"rendered":"Viper AS510B Scheuersaugmaschine"},"content":{"rendered":"<div>\n<p>VIPER AS430\/510 sind Mitg\u00e4nger-Scheuersaugmaschinen der Mittelklasse, besonders f\u00fcr die Reinigung von stark frequentierten Bereichen geeignet. Mittlere Fl\u00e4chen werden einfach, leicht und effizient gereinigt. Die VIPER Mitg\u00e4nger-Scheuersaugmaschinen sind robust, zuverl\u00e4ssig und wartungsfreundlich. Aufgrund ihrer ergonomischen Bauweise sind diese Maschinen sehr \u00fcbersichtlich in der Anwendung. Eine effektive und zeitsparende Reinigung wird durch optimale Gr\u00f6sse der Frisch-\/Schmutzwassertanks erreicht. Die VIPER AS430\/510 sind die optimalen Scheuersaugmaschinen f\u00fcr die Tagreinigung mittelgrosser Fl\u00e4chen in Hotels, Restaurants, Schulen und Einkaufszentren, sowie Krankenh\u00e4usern.<\/p>\n<\/div>\n<ul>\n<li>Einfach und leicht zu bedienen<\/li>\n<li>Optimale Saugkraft<\/li>\n<li>Leicht zu bewegen und zu transportieren<\/li>\n<li>Industrielle Aluminiumguss-Saugleiste<\/li>\n<li>Ergonomisches Design<\/li>\n<\/ul>\n","protected":false},"excerpt":{"rendered":"<p>Preis auf Anfrage<\/p>\n","protected":false},"featured_media":3120,"comment_status":"open","ping_status":"closed","template":"","meta":[],"product_cat":[51],"product_tag":[],"_links":{"self":[{"href":"https:\/\/rogrotech.ch\/es\/wp-json\/wp\/v2\/product\/3119"}],"collection":[{"href":"https:\/\/rogrotech.ch\/es\/wp-json\/wp\/v2\/product"}],"about":[{"href":"https:\/\/rogrotech.ch\/es\/wp-json\/wp\/v2\/types\/product"}],"replies":[{"embeddable":true,"href":"https:\/\/rogrotech.ch\/es\/wp-json\/wp\/v2\/comments?post=3119"}],"version-history":[{"count":2,"href":"https:\/\/rogrotech.ch\/es\/wp-json\/wp\/v2\/product\/3119\/revisions"}],"predecessor-version":[{"id":16674,"href":"https:\/\/rogrotech.ch\/es\/wp-json\/wp\/v2\/product\/3119\/revisions\/16674"}],"wp:featuredmedia":[{"embeddable":true,"href":"https:\/\/rogrotech.ch\/es\/wp-json\/wp\/v2\/media\/3120"}],"wp:attachment":[{"href":"https:\/\/rogrotech.ch\/es\/wp-json\/wp\/v2\/media?parent=3119"}],"wp:term":[{"taxonomy":"product_cat","embeddable":true,"href":"https:\/\/rogrotech.ch\/es\/wp-json\/wp\/v2\/product_cat?post=3119"},{"taxonomy":"product_tag","embeddable":true,"href":"https:\/\/rogrotech.ch\/es\/wp-json\/wp\/v2\/product_tag?post=3119"}],"curies":[{"name":"wp","href":"https:\/\/api.w.org\/{rel}","templated":true}]}}