{"id":505,"date":"2019-08-05T16:34:23","date_gmt":"2019-08-05T14:34:23","guid":{"rendered":"https:\/\/neu.rogrotech.ch\/?post_type=product&#038;p=505"},"modified":"2022-08-31T15:42:10","modified_gmt":"2022-08-31T13:42:10","slug":"nilfisk-sw250-handkehrmaschine","status":"publish","type":"product","link":"https:\/\/rogrotech.ch\/es\/shop\/reinigungsgeraete\/bodenreinigung\/kehrmaschine\/nilfisk-sw250-handkehrmaschine\/","title":{"rendered":"Nilfisk SW250 Handkehrmaschine"},"content":{"rendered":"<div>\n<p>Es war noch nie einfacher, Ihre R\u00e4umlichkeiten in einem guten und einladenden Zustand fu\u0308r Kunden und Mitarbeiter zu pr\u00e4sentieren.\u00a0 Die Nilfisk Handkehrmaschine bietet sowohl im Aussenbereich als auch auf Innenb\u00f6den eine beeindruckende Leistung. Im Vergleich zu einem\u00a0 normalen Besen entfernt sie Staub, Schmutz, Sand, N\u00e4gel, Schrauben, Zigarettenkippen usw. bis zu 6 Mal schneller und sammelt den Schmutz zugleich im Beh\u00e4lter. Eine ideale Wahl fu\u0308r die Reinigung von kleinen Produktionsst\u00e4tten, Parkpl\u00e4tzen, Einkaufszentren, Schulen, Werkst\u00e4tten, Busstationen und Bahnh\u00f6fen sowie in Aussenbereiche von Bu\u0308rogeb\u00e4uden.<\/p>\n<ul>\n<li>Das \u00dcberwurfkehrprinzip sorgt fu\u0308r eine ausgezeichnete Kehrleistung<\/li>\n<li>Kapazit\u00e4t fu\u0308r l\u00e4ngeres Reinigen: Der 38 Liter gro\u00dfe Kehrgutbeh\u00e4lter bietet eine besonders grosse Fu\u0308llmenge und kann offengehalten werden, um gr\u00f6ssere Gegenst\u00e4nde hineinzuwerfen, Abfallbeh\u00e4lter zu entleeren usw.<\/li>\n<li>Einfach zu steuern: Grosse R\u00e4der, die keine Spuren hinterlassen, erleichtern dem Benutzer das Schieben und Steuern<\/li>\n<li>Keine Staubbel\u00e4stigung: Eingebauter Filter fu\u0308r minimale Staubbel\u00e4stigung und Bedienkomfort<\/li>\n<li>Robust und fu\u0308r den Ausseneinsatz geeignet: Solider korrosions- freier Rahmen<\/li>\n<li>Praktisch wartungsfrei: Eine einfache mechanische Konstruktion mit Zahnrad- und Riemenantrieb. Kein Motor und keine Batterie.<\/li>\n<\/ul>\n<\/div>\n<p>Da das Ger\u00e4t kompakt und leicht ist, k\u00f6nnen Sie die Handkehrmaschine auch in engen Bereichen einsetzen oder dort, wo nur wenig Platz zur Verfu\u0308gung steht (Abmessungen Ger\u00e4t L x B x H (cm): 147 x 85 x 112). Die Hauptkehrwalze ist mit einem beidseitigen Zahnradantrieb versehen und der Seitenbesenantrieb erfolgt mittels Riemen. Wenn die Maschine vom Benutzer nach vorne geschoben wird, entsteht nur ein sehr geringes Ger\u00e4usch. Die SW200 und SW250 stellen eine attraktive und kostensparende M\u00f6glichkeit der Tagesreinigung dar.<\/p>\n<p>Das Ger\u00e4t ist \u00e4usserst benutzerfreundlich, etwa durch den weich ummantelten Griff, der einstellbar ist, um immer eine angenehme Arbeitshaltung zu gew\u00e4hrleisten. Der eingebaute Filter h\u00e4lt den Staub zuru\u0308ck und der grosse Kehrgutbeh\u00e4lter l\u00e4sst sich leicht entleeren.<\/p>\n<p>&nbsp;<\/p>\n","protected":false},"excerpt":{"rendered":"<p>Preis auf Anfrage<\/p>\n","protected":false},"featured_media":506,"comment_status":"open","ping_status":"closed","template":"","meta":[],"product_cat":[52],"product_tag":[],"_links":{"self":[{"href":"https:\/\/rogrotech.ch\/es\/wp-json\/wp\/v2\/product\/505"}],"collection":[{"href":"https:\/\/rogrotech.ch\/es\/wp-json\/wp\/v2\/product"}],"about":[{"href":"https:\/\/rogrotech.ch\/es\/wp-json\/wp\/v2\/types\/product"}],"replies":[{"embeddable":true,"href":"https:\/\/rogrotech.ch\/es\/wp-json\/wp\/v2\/comments?post=505"}],"version-history":[{"count":4,"href":"https:\/\/rogrotech.ch\/es\/wp-json\/wp\/v2\/product\/505\/revisions"}],"predecessor-version":[{"id":16771,"href":"https:\/\/rogrotech.ch\/es\/wp-json\/wp\/v2\/product\/505\/revisions\/16771"}],"wp:featuredmedia":[{"embeddable":true,"href":"https:\/\/rogrotech.ch\/es\/wp-json\/wp\/v2\/media\/506"}],"wp:attachment":[{"href":"https:\/\/rogrotech.ch\/es\/wp-json\/wp\/v2\/media?parent=505"}],"wp:term":[{"taxonomy":"product_cat","embeddable":true,"href":"https:\/\/rogrotech.ch\/es\/wp-json\/wp\/v2\/product_cat?post=505"},{"taxonomy":"product_tag","embeddable":true,"href":"https:\/\/rogrotech.ch\/es\/wp-json\/wp\/v2\/product_tag?post=505"}],"curies":[{"name":"wp","href":"https:\/\/api.w.org\/{rel}","templated":true}]}}