{"id":547,"date":"2019-08-06T08:11:06","date_gmt":"2019-08-06T06:11:06","guid":{"rendered":"https:\/\/neu.rogrotech.ch\/?post_type=product&#038;p=547"},"modified":"2022-08-31T15:31:18","modified_gmt":"2022-08-31T13:31:18","slug":"nilfisk-mc-2-120-520-xt","status":"publish","type":"product","link":"https:\/\/rogrotech.ch\/es\/shop\/reinigungsgeraete\/hochdruckreiniger\/kaltwasser\/nilfisk-mc-2-120-520-xt\/","title":{"rendered":"Nilfisk MC 2C-120\/520 XT Hochdruckreiniger"},"content":{"rendered":"<div>\n<p>\u00a0Die MC 2C Reihe besteht aus Modellen, die f\u00fcr den t\u00e4glichen semi-professionellen Einsatz bei Handwerkern, in Autoh\u00e4usern und auf kleineren Baustellen entwickelt wurden. Die mobilen Ger\u00e4te verbinden hohe Ergonomie mit Reinigungskraft. Die kompakten Hochdruckreiniger kombinieren einen hohen Leistungsgrad, Ergonomie und Langlebigkeit f\u00fcr die t\u00e4gliche anspruchsvolle Reinigung.<\/p>\n<\/div>\n<ul class=\"nf-product-key-selling-points\">\n<li style=\"list-style-type: none;\">\n<ul>\n<li>Messingzylinderkopf<\/li>\n<li>Automatik Start\/Stopp f\u00fcr lange Lebensdauer<\/li>\n<li>Wassermengenregulierung<\/li>\n<li>Universal Plus Strahlrohr mit 4-in-1 D\u00fcse<\/li>\n<li>Stahlarmierter Hochdruckschlauch<\/li>\n<li>Abnehmbarer 2 l Reinigungsmitteltank<\/li>\n<\/ul>\n<\/li>\n<\/ul>\n","protected":false},"excerpt":{"rendered":"<p>Preis auf Anfrage<\/p>\n","protected":false},"featured_media":475,"comment_status":"open","ping_status":"closed","template":"","meta":[],"product_cat":[47],"product_tag":[],"_links":{"self":[{"href":"https:\/\/rogrotech.ch\/es\/wp-json\/wp\/v2\/product\/547"}],"collection":[{"href":"https:\/\/rogrotech.ch\/es\/wp-json\/wp\/v2\/product"}],"about":[{"href":"https:\/\/rogrotech.ch\/es\/wp-json\/wp\/v2\/types\/product"}],"replies":[{"embeddable":true,"href":"https:\/\/rogrotech.ch\/es\/wp-json\/wp\/v2\/comments?post=547"}],"version-history":[{"count":2,"href":"https:\/\/rogrotech.ch\/es\/wp-json\/wp\/v2\/product\/547\/revisions"}],"predecessor-version":[{"id":16761,"href":"https:\/\/rogrotech.ch\/es\/wp-json\/wp\/v2\/product\/547\/revisions\/16761"}],"wp:featuredmedia":[{"embeddable":true,"href":"https:\/\/rogrotech.ch\/es\/wp-json\/wp\/v2\/media\/475"}],"wp:attachment":[{"href":"https:\/\/rogrotech.ch\/es\/wp-json\/wp\/v2\/media?parent=547"}],"wp:term":[{"taxonomy":"product_cat","embeddable":true,"href":"https:\/\/rogrotech.ch\/es\/wp-json\/wp\/v2\/product_cat?post=547"},{"taxonomy":"product_tag","embeddable":true,"href":"https:\/\/rogrotech.ch\/es\/wp-json\/wp\/v2\/product_tag?post=547"}],"curies":[{"name":"wp","href":"https:\/\/api.w.org\/{rel}","templated":true}]}}