{"id":562,"date":"2019-08-06T11:24:37","date_gmt":"2019-08-06T09:24:37","guid":{"rendered":"https:\/\/neu.rogrotech.ch\/?post_type=product&#038;p=562"},"modified":"2022-08-31T15:04:57","modified_gmt":"2022-08-31T13:04:57","slug":"saltix-10-hepa-eco","status":"publish","type":"product","link":"https:\/\/rogrotech.ch\/es\/shop\/reinigungsgeraete\/sauger\/gewerbesauger\/trockensauger\/saltix-10-hepa-eco\/","title":{"rendered":"Nilfisk SALTIX 10 HEPA ECO Trockensauger"},"content":{"rendered":"<div>\n<p>Der SALTIX 10 ist bestens geeignet f\u00fcr die Reinigung von Hotels, B\u00fcro- und Einkaufsr\u00e4umen. Der kraftvolle Motor und das Zubeh\u00f6r garantieren beste Reinigungsleistung. Daneben sorgt der stabile Beh\u00e4lter f\u00fcr eine lange Lebensdauer des Ger\u00e4ts auch wenn er t\u00e4glich rauf- und runtergetragen wird. Das geringe Gewicht, der ergonomische Handgriff, eine sichere und einfach zug\u00e4ngliche Zubeh\u00f6rhalterung sowie die Kabelaufbewahrung am Handgriff und Kabelhaken machen den SALTIX 10 extrem benutzerfreundlich. Durch das gro\u00dfe Filtersackvolumen vom SALTIX 10 wird weniger Zeit f\u00fcr das Filterwechseln ben\u00f6tigt. Durch das leichte Gewicht ist der Transport des SALTIX 10 problemlos m\u00f6glich.<\/p>\n<\/div>\n<ul class=\"nf-product-key-selling-points\">\n<li style=\"list-style-type: none;\">\n<ul>\n<li>Geringes Ger\u00e4uschniveau von 50 dB(A) erm\u00f6glicht die Reinigung auch tags\u00fcber<\/li>\n<li>Geringes Gewicht, dadurch einfacher Transport<\/li>\n<li>Gro\u00dfes Beh\u00e4ltervolumen von 10 l mit einem Filtersackvolumen von 8l<\/li>\n<li>Abnehmbares orangefarbenes Netzkabel<\/li>\n<li>Leichtes Rohr aus Aluminium<\/li>\n<\/ul>\n<\/li>\n<\/ul>\n","protected":false},"excerpt":{"rendered":"<p>Preis auf Anfrage<\/p>\n","protected":false},"featured_media":563,"comment_status":"open","ping_status":"closed","template":"","meta":[],"product_cat":[61],"product_tag":[],"_links":{"self":[{"href":"https:\/\/rogrotech.ch\/es\/wp-json\/wp\/v2\/product\/562"}],"collection":[{"href":"https:\/\/rogrotech.ch\/es\/wp-json\/wp\/v2\/product"}],"about":[{"href":"https:\/\/rogrotech.ch\/es\/wp-json\/wp\/v2\/types\/product"}],"replies":[{"embeddable":true,"href":"https:\/\/rogrotech.ch\/es\/wp-json\/wp\/v2\/comments?post=562"}],"version-history":[{"count":2,"href":"https:\/\/rogrotech.ch\/es\/wp-json\/wp\/v2\/product\/562\/revisions"}],"predecessor-version":[{"id":16737,"href":"https:\/\/rogrotech.ch\/es\/wp-json\/wp\/v2\/product\/562\/revisions\/16737"}],"wp:featuredmedia":[{"embeddable":true,"href":"https:\/\/rogrotech.ch\/es\/wp-json\/wp\/v2\/media\/563"}],"wp:attachment":[{"href":"https:\/\/rogrotech.ch\/es\/wp-json\/wp\/v2\/media?parent=562"}],"wp:term":[{"taxonomy":"product_cat","embeddable":true,"href":"https:\/\/rogrotech.ch\/es\/wp-json\/wp\/v2\/product_cat?post=562"},{"taxonomy":"product_tag","embeddable":true,"href":"https:\/\/rogrotech.ch\/es\/wp-json\/wp\/v2\/product_tag?post=562"}],"curies":[{"name":"wp","href":"https:\/\/api.w.org\/{rel}","templated":true}]}}