{"id":5749,"date":"2019-12-02T14:22:14","date_gmt":"2019-12-02T12:22:14","guid":{"rendered":"http:\/\/rogrotech.ch\/?post_type=product&#038;p=5749"},"modified":"2022-08-31T11:47:16","modified_gmt":"2022-08-31T09:47:16","slug":"ssm-385-hybrid","status":"publish","type":"product","link":"https:\/\/rogrotech.ch\/es\/shop\/reinigungsgeraete\/bodenreinigung\/scheuersaugmaschine\/ssm-385-hybrid\/","title":{"rendered":"SSM 385 Hybrid"},"content":{"rendered":"<ul>\n<li>Sofort einsatzbereit, kompakt und wendig<\/li>\n<li>Stabile Tanks aus Poly\u00e4thylen\/Schlauchablaufsystem<\/li>\n<li>Komplett ausgestattet mit Schrubbb\u00fcrste und Hybrid Kit<\/li>\n<li>Einfacher Transport und treppen tauglich durch grosse R\u00e4der<\/li>\n<li>Bequemer Griff mit flexibler H\u00f6henverstellung<\/li>\n<li>Hoher Arbeitskomfort und beste Ergonomie<\/li>\n<li>Leichte Bef\u00fcllung, Entleerung und Reinigung der Tanks<\/li>\n<li>Anhebesystem des Saugbalkens mit Pedal<\/li>\n<li>Praktisches F\u00fchrungsrad zur H\u00f6heneinstellung des B\u00fcrstenkopfes<\/li>\n<\/ul>\n","protected":false},"excerpt":{"rendered":"<p>Preis auf Anfrage<\/p>\n","protected":false},"featured_media":5750,"comment_status":"open","ping_status":"closed","template":"","meta":[],"product_cat":[51],"product_tag":[],"_links":{"self":[{"href":"https:\/\/rogrotech.ch\/es\/wp-json\/wp\/v2\/product\/5749"}],"collection":[{"href":"https:\/\/rogrotech.ch\/es\/wp-json\/wp\/v2\/product"}],"about":[{"href":"https:\/\/rogrotech.ch\/es\/wp-json\/wp\/v2\/types\/product"}],"replies":[{"embeddable":true,"href":"https:\/\/rogrotech.ch\/es\/wp-json\/wp\/v2\/comments?post=5749"}],"version-history":[{"count":2,"href":"https:\/\/rogrotech.ch\/es\/wp-json\/wp\/v2\/product\/5749\/revisions"}],"predecessor-version":[{"id":16607,"href":"https:\/\/rogrotech.ch\/es\/wp-json\/wp\/v2\/product\/5749\/revisions\/16607"}],"wp:featuredmedia":[{"embeddable":true,"href":"https:\/\/rogrotech.ch\/es\/wp-json\/wp\/v2\/media\/5750"}],"wp:attachment":[{"href":"https:\/\/rogrotech.ch\/es\/wp-json\/wp\/v2\/media?parent=5749"}],"wp:term":[{"taxonomy":"product_cat","embeddable":true,"href":"https:\/\/rogrotech.ch\/es\/wp-json\/wp\/v2\/product_cat?post=5749"},{"taxonomy":"product_tag","embeddable":true,"href":"https:\/\/rogrotech.ch\/es\/wp-json\/wp\/v2\/product_tag?post=5749"}],"curies":[{"name":"wp","href":"https:\/\/api.w.org\/{rel}","templated":true}]}}