{"id":578,"date":"2019-08-06T16:00:53","date_gmt":"2019-08-06T14:00:53","guid":{"rendered":"https:\/\/neu.rogrotech.ch\/?post_type=product&#038;p=578"},"modified":"2022-08-31T15:08:39","modified_gmt":"2022-08-31T13:08:39","slug":"nilfisk-attix-965-21-sd-xc-eu-nass-trockensauger","status":"publish","type":"product","link":"https:\/\/rogrotech.ch\/es\/shop\/reinigungsgeraete\/sauger\/gewerbesauger\/nass-trockensauger\/nilfisk-attix-965-21-sd-xc-eu-nass-trockensauger\/","title":{"rendered":"Nilfisk ATTIX 965-21 SD XC CH Nass-\/Trockensauger"},"content":{"rendered":"<div class=\"nf-product-info col-md-8\">\n<div>\n<p>Mit einem Luftvolumen von 7200 Litern pro Minute und 3000 W maximaler Leistung reinigt der Nass-\/Trockensauger ATTIX 965-21 SD XC unterschiedlichste Verschmutzungen wie z. B. Metallsp\u00e4ne und ausgelaufene Fl\u00fcssigkeiten rasch und effektiv. Das vollautomatische Filter-Abreinigungs-System XtremeClean sorgt f\u00fcr hohe Effizienz und verhindert Leistungsverlust durch verringerte Luftzirkulation. F\u00fcr pharmazeutische Labors und andere Orte, an denen potenziell gef\u00e4hrliche St\u00e4ube vorkommen, kann der Sauger optional mit Filtern der H-Klasse ausger\u00fcstet werden. Der Beh\u00e4lter des Saugers l\u00e4sst sich entleeren, ohne die Antriebseinheit zu entfernen. Mittels eines Hebels wird der Auffangbeh\u00e4lter des Saugers gel\u00f6st und abgesetzt, so dass er zum Entleeren davon gerollt werden kann. Alternativ kann der Beh\u00e4lter \u00fcber die optional erh\u00e4ltliche Aufh\u00e4ngung mit einem Gabelstapler gefasst und zum Entsorgungsbereich gefahren werden.<\/p>\n<\/div>\n<ul class=\"nf-product-key-selling-points\">\n<li style=\"list-style-type: none;\">\n<ul>\n<li>Zweimotoriger Antrieb f\u00fcr industrielle Leistungen<\/li>\n<li>Auswaschbare PET-Vlies Filterpatrone<\/li>\n<li>Vollautomatisches Filter-Abreinigungs-System XtremeClean<\/li>\n<li>Ger\u00e4testeckdose mit Einschaltautomatik.<\/li>\n<li>50 l Edelstahlbeh\u00e4lter kippbar und entnehmbar<\/li>\n<li>10 m Kabel sorgen f\u00fcr einen sehr gro\u00dfen Arbeitsradius<\/li>\n<li>Entsorgungssack im Standardlieferumfang<\/li>\n<\/ul>\n<\/li>\n<\/ul>\n<\/div>\n<div class=\"col-md-4\"><\/div>\n","protected":false},"excerpt":{"rendered":"<p>Preis auf Anfrage<\/p>\n","protected":false},"featured_media":579,"comment_status":"open","ping_status":"closed","template":"","meta":[],"product_cat":[62],"product_tag":[],"_links":{"self":[{"href":"https:\/\/rogrotech.ch\/es\/wp-json\/wp\/v2\/product\/578"}],"collection":[{"href":"https:\/\/rogrotech.ch\/es\/wp-json\/wp\/v2\/product"}],"about":[{"href":"https:\/\/rogrotech.ch\/es\/wp-json\/wp\/v2\/types\/product"}],"replies":[{"embeddable":true,"href":"https:\/\/rogrotech.ch\/es\/wp-json\/wp\/v2\/comments?post=578"}],"version-history":[{"count":3,"href":"https:\/\/rogrotech.ch\/es\/wp-json\/wp\/v2\/product\/578\/revisions"}],"predecessor-version":[{"id":16741,"href":"https:\/\/rogrotech.ch\/es\/wp-json\/wp\/v2\/product\/578\/revisions\/16741"}],"wp:featuredmedia":[{"embeddable":true,"href":"https:\/\/rogrotech.ch\/es\/wp-json\/wp\/v2\/media\/579"}],"wp:attachment":[{"href":"https:\/\/rogrotech.ch\/es\/wp-json\/wp\/v2\/media?parent=578"}],"wp:term":[{"taxonomy":"product_cat","embeddable":true,"href":"https:\/\/rogrotech.ch\/es\/wp-json\/wp\/v2\/product_cat?post=578"},{"taxonomy":"product_tag","embeddable":true,"href":"https:\/\/rogrotech.ch\/es\/wp-json\/wp\/v2\/product_tag?post=578"}],"curies":[{"name":"wp","href":"https:\/\/api.w.org\/{rel}","templated":true}]}}