{"id":580,"date":"2019-08-06T16:14:18","date_gmt":"2019-08-06T14:14:18","guid":{"rendered":"https:\/\/neu.rogrotech.ch\/?post_type=product&#038;p=580"},"modified":"2022-08-31T15:09:17","modified_gmt":"2022-08-31T13:09:17","slug":"nilfisk-attix-791-2m-b1-eu-staubklasse-m","status":"publish","type":"product","link":"https:\/\/rogrotech.ch\/es\/shop\/reinigungsgeraete\/sauger\/industriesauger\/nilfisk-attix-791-2m-b1-eu-staubklasse-m\/","title":{"rendered":"Nilfisk ATTIX 791-2M\/B1 EU Staubklasse M"},"content":{"rendered":"<div>\n<p>ATTIX 791-2M\/B1 bietet einen 70 l Edelstahlbeh\u00e4lter, der zum Entleeren gekippt oder aus dem Rahmen gehoben werden kann. Ein robustes Stahlchassis und gro\u00dfe R\u00e4der sorgen f\u00fcr Mobilit\u00e4t und Haltbarkeit, w\u00e4hrend die Einschaltautomatik die Arbeitseffizienz erh\u00f6ht. Der ATTIX 40 ist ein mobiler Sauger, der ausreichende Leistung auch f\u00fcr die anspruchsvollsten Aufgaben bietet. Die Maschinen sind zugelassen f\u00fcr Umgebungen mit explosionsgef\u00e4hrlichen St\u00e4uben gem\u00e4\u00df ATEX Zone 22. Ein komplettes Zubeh\u00f6rsortiment f\u00fcr den ATTIX 40 und auch den ATTIX 7 Zone22 sorgt daf\u00fcr das Ihr Sauger exakt auf die Anwendung abzustimmen.<\/p>\n<\/div>\n<ul>\n<li style=\"list-style-type: none;\">\n<ul>\n<li>Zugelassen f\u00fcr Umgebungen mit explosiven St\u00e4uben gem\u00e4\u00df ATEX Zone 22.<\/li>\n<li>Industrielle Leistung, robuste Konstruktion und ausgestattet mit vielen n\u00fctzlichen Merkmalen zur Maximierung Ihrer Effizienz und Minimierung Ihrer Kosten.<\/li>\n<li>B\u00fcrstenlose Longlife Motoren f\u00fcr h\u00f6chste Leistung und Haltbarkeit.<\/li>\n<li>Einschaltautomatik f\u00fcr Elektrowerkzeuge (modellabh\u00e4ngig).<\/li>\n<li>Beh\u00e4lter mit gro\u00dfem Fassungsverm\u00f6gen f\u00fcr umfangreiche Reinigungsaufgaben.<\/li>\n<li>Komplettes Zubeh\u00f6rsortiment f\u00fcr Zone 22, um Ihren Sauger exakt f\u00fcr Ihre Anwendung anzupassen.<\/li>\n<\/ul>\n<\/li>\n<\/ul>\n","protected":false},"excerpt":{"rendered":"<p>Preis auf Anfrage<\/p>\n","protected":false},"featured_media":581,"comment_status":"open","ping_status":"closed","template":"","meta":[],"product_cat":[41],"product_tag":[],"_links":{"self":[{"href":"https:\/\/rogrotech.ch\/es\/wp-json\/wp\/v2\/product\/580"}],"collection":[{"href":"https:\/\/rogrotech.ch\/es\/wp-json\/wp\/v2\/product"}],"about":[{"href":"https:\/\/rogrotech.ch\/es\/wp-json\/wp\/v2\/types\/product"}],"replies":[{"embeddable":true,"href":"https:\/\/rogrotech.ch\/es\/wp-json\/wp\/v2\/comments?post=580"}],"version-history":[{"count":2,"href":"https:\/\/rogrotech.ch\/es\/wp-json\/wp\/v2\/product\/580\/revisions"}],"predecessor-version":[{"id":16742,"href":"https:\/\/rogrotech.ch\/es\/wp-json\/wp\/v2\/product\/580\/revisions\/16742"}],"wp:featuredmedia":[{"embeddable":true,"href":"https:\/\/rogrotech.ch\/es\/wp-json\/wp\/v2\/media\/581"}],"wp:attachment":[{"href":"https:\/\/rogrotech.ch\/es\/wp-json\/wp\/v2\/media?parent=580"}],"wp:term":[{"taxonomy":"product_cat","embeddable":true,"href":"https:\/\/rogrotech.ch\/es\/wp-json\/wp\/v2\/product_cat?post=580"},{"taxonomy":"product_tag","embeddable":true,"href":"https:\/\/rogrotech.ch\/es\/wp-json\/wp\/v2\/product_tag?post=580"}],"curies":[{"name":"wp","href":"https:\/\/api.w.org\/{rel}","templated":true}]}}