{"id":585,"date":"2019-08-07T07:47:28","date_gmt":"2019-08-07T05:47:28","guid":{"rendered":"https:\/\/neu.rogrotech.ch\/?post_type=product&#038;p=585"},"modified":"2022-08-31T15:10:04","modified_gmt":"2022-08-31T13:10:04","slug":"industrie-boden-set-4-teilig-anschluss-o-36-mm","status":"publish","type":"product","link":"https:\/\/rogrotech.ch\/es\/shop\/reinigungsgeraete\/sauger\/zubehoer-ersatzteile-sauger\/industrie-boden-set-4-teilig-anschluss-o-36-mm\/","title":{"rendered":"Industrie-\/Boden-Set, 4-teilig, Anschluss \u00d8 36 mm"},"content":{"rendered":"<ul>\n<li>Saugschlauch 4m, \u00f6lbest\u00e4ndig mit Quicksystem, \u00d8 36 mm<\/li>\n<li>Gebogenes Handrohr, Edelstahl<\/li>\n<li>Verl\u00e4ngerungsrohr, Edelstahl, 2x 500 mm<\/li>\n<li>Grossraumbodend\u00fcse, h\u00f6henverstellbare Laufr\u00e4der, Aluminium 450mm mit Gummilippen<\/li>\n<\/ul>\n","protected":false},"excerpt":{"rendered":"<p>Preis auf Anfrage<\/p>\n","protected":false},"featured_media":586,"comment_status":"open","ping_status":"closed","template":"","meta":[],"product_cat":[65],"product_tag":[],"_links":{"self":[{"href":"https:\/\/rogrotech.ch\/es\/wp-json\/wp\/v2\/product\/585"}],"collection":[{"href":"https:\/\/rogrotech.ch\/es\/wp-json\/wp\/v2\/product"}],"about":[{"href":"https:\/\/rogrotech.ch\/es\/wp-json\/wp\/v2\/types\/product"}],"replies":[{"embeddable":true,"href":"https:\/\/rogrotech.ch\/es\/wp-json\/wp\/v2\/comments?post=585"}],"version-history":[{"count":2,"href":"https:\/\/rogrotech.ch\/es\/wp-json\/wp\/v2\/product\/585\/revisions"}],"predecessor-version":[{"id":16745,"href":"https:\/\/rogrotech.ch\/es\/wp-json\/wp\/v2\/product\/585\/revisions\/16745"}],"wp:featuredmedia":[{"embeddable":true,"href":"https:\/\/rogrotech.ch\/es\/wp-json\/wp\/v2\/media\/586"}],"wp:attachment":[{"href":"https:\/\/rogrotech.ch\/es\/wp-json\/wp\/v2\/media?parent=585"}],"wp:term":[{"taxonomy":"product_cat","embeddable":true,"href":"https:\/\/rogrotech.ch\/es\/wp-json\/wp\/v2\/product_cat?post=585"},{"taxonomy":"product_tag","embeddable":true,"href":"https:\/\/rogrotech.ch\/es\/wp-json\/wp\/v2\/product_tag?post=585"}],"curies":[{"name":"wp","href":"https:\/\/api.w.org\/{rel}","templated":true}]}}