{"id":598,"date":"2019-08-07T09:07:09","date_gmt":"2019-08-07T07:07:09","guid":{"rendered":"https:\/\/neu.rogrotech.ch\/?post_type=product&#038;p=598"},"modified":"2022-08-31T15:11:48","modified_gmt":"2022-08-31T13:11:48","slug":"nilfisk-sc-uno-4m-160-720-ps-hochdruckreiniger","status":"publish","type":"product","link":"https:\/\/rogrotech.ch\/es\/shop\/reinigungsgeraete\/hochdruckreiniger\/kaltwasser\/nilfisk-sc-uno-4m-160-720-ps-hochdruckreiniger\/","title":{"rendered":"Nilfisk SC UNO 4M-160\/720 PS Hochdruckreiniger"},"content":{"rendered":"<div>\n<p>Dank dem einfachen Tragegriff kann der station\u00e4re Hochdruckreiniger\u00a0SC UNO 4M PS als tragbares Ger\u00e4t verwendet werden. Mit einer Montageplatte kann der SC UNO 4M PS einfach an der Wand aufgeh\u00e4ngt und als station\u00e4res Ger\u00e4t verwendet werden.Der Hochdruckreiniger\u00a0ben\u00f6tigt keine Stellfl\u00e4che auf dem Boden und ist jederzeit einsatzbereit. Das flexible Design erm\u00f6glicht die schnelle Entfernung von der Wand und kann sofort wieder als tragbare Einheit an anderer Stelle und von anderen Benutzern verwendet werden.<\/p>\n<\/div>\n<p>&nbsp;<\/p>\n<ul>\n<li style=\"list-style-type: none;\">\n<ul>\n<li>Motor-Pumpen-Einheit mit 1450 U\/min. und Keramikkolben<\/li>\n<li>Messingzylinderkopf<\/li>\n<li>Druckgesteuertes Regelsystem<\/li>\n<li>\u00d6ltank integriert<\/li>\n<li>Robuster Transportgriff aus Stahl<\/li>\n<li>Das Ger\u00e4t kann sowohl stehend als auch liegend betrieben werden<\/li>\n<li>Einfaches und leichtes Handling<\/li>\n<\/ul>\n<\/li>\n<\/ul>\n","protected":false},"excerpt":{"rendered":"<p>Preis auf Anfrage<\/p>\n","protected":false},"featured_media":599,"comment_status":"open","ping_status":"closed","template":"","meta":[],"product_cat":[47],"product_tag":[],"_links":{"self":[{"href":"https:\/\/rogrotech.ch\/es\/wp-json\/wp\/v2\/product\/598"}],"collection":[{"href":"https:\/\/rogrotech.ch\/es\/wp-json\/wp\/v2\/product"}],"about":[{"href":"https:\/\/rogrotech.ch\/es\/wp-json\/wp\/v2\/types\/product"}],"replies":[{"embeddable":true,"href":"https:\/\/rogrotech.ch\/es\/wp-json\/wp\/v2\/comments?post=598"}],"version-history":[{"count":2,"href":"https:\/\/rogrotech.ch\/es\/wp-json\/wp\/v2\/product\/598\/revisions"}],"predecessor-version":[{"id":16750,"href":"https:\/\/rogrotech.ch\/es\/wp-json\/wp\/v2\/product\/598\/revisions\/16750"}],"wp:featuredmedia":[{"embeddable":true,"href":"https:\/\/rogrotech.ch\/es\/wp-json\/wp\/v2\/media\/599"}],"wp:attachment":[{"href":"https:\/\/rogrotech.ch\/es\/wp-json\/wp\/v2\/media?parent=598"}],"wp:term":[{"taxonomy":"product_cat","embeddable":true,"href":"https:\/\/rogrotech.ch\/es\/wp-json\/wp\/v2\/product_cat?post=598"},{"taxonomy":"product_tag","embeddable":true,"href":"https:\/\/rogrotech.ch\/es\/wp-json\/wp\/v2\/product_tag?post=598"}],"curies":[{"name":"wp","href":"https:\/\/api.w.org\/{rel}","templated":true}]}}